{"id":81779,"date":"2026-01-29T18:00:44","date_gmt":"2026-01-29T18:00:44","guid":{"rendered":"https:\/\/go-st.vizia.si\/?post_type=product&#038;p=81779"},"modified":"2026-02-12T09:48:54","modified_gmt":"2026-02-12T09:48:54","slug":"ozemalnik-citrusov-zp-85-e","status":"publish","type":"product","link":"https:\/\/go-st.vizia.si\/?product=ozemalnik-citrusov-zp-85-e","title":{"rendered":"O\u017eemalnik citrusov ZP 85\/E"},"content":{"rendered":"<p>Sve\u017ee stisnjeni sokovi so najbolj okusni. Z <strong>stiskalnikom za citrusove sade\u017ee ZP 85\/E<\/strong> je to otro\u0161ka igra. Idealno za uporabo v barih, kavarnah, restavracijah, bifejih in samopostre\u017enih restavracijah.<\/p>\n<h3 class=\"desc-headings\">Poudarki<\/h3>\n<ul>\n<li>Visokokakovostno, enostavno za vzdr\u017eevanje ohi\u0161je iz bru\u0161enega nerjave\u010dega jekla<\/li>\n<li>Mo\u010dan in tih motor<\/li>\n<li>Zagon motorja prek stiskalnega sto\u017eca<\/li>\n<li>Odstranljivo, robustno in enostavno za \u010di\u0161\u010denje sito iz nerjave\u010dega jekla<\/li>\n<li>Neposreden iztok soka in zaustavitev kapljanja prek odklopnega iztoka<\/li>\n<li>Vgrajen navijalnik kabla<\/li>\n<li>Snemljivi deli so primerni za pomivanje v pomivalnem stroju<\/li>\n<\/ul>\n<h3 class=\"desc-headings\">Tehni\u010dne informacije<\/h3>\n<ul>\n<li>Priklju\u010dek: 230 V \/ 85 W<\/li>\n<li>Dimenzije: 18,5 x 18,5 x 22,5 cm (\u0160xGxV)<\/li>\n<li>Te\u017ea: 2,07 kg<\/li>\n<\/ul>\n<h3 class=\"desc-headings\">Prilo\u017eena oprema<\/h3>\n<ul>\n<li>1 stiskalni sto\u017eec za veliko<\/li>\n<li>1 stiskalni sto\u017eec za majhno sadje<\/li>\n<li>Pokrov za za\u0161\u010dito pred prahom<\/li>\n<\/ul>\n","protected":false},"excerpt":{"rendered":"<p>Priklju\u010dek: 230 V \/ 85 W<br \/>Dimenzije: 18,5 x 18,5 x 22,5 cm (\u0160xGxV)<br \/>Te\u017ea: 2,07 kg<\/p>\n","protected":false},"featured_media":81821,"comment_status":"open","ping_status":"closed","template":"","meta":{"_acf_changed":false},"product_brand":[],"product_cat":[22],"product_tag":[],"class_list":{"0":"post-81779","1":"product","2":"type-product","3":"status-publish","4":"has-post-thumbnail","6":"product_cat-barska-oprema","8":"first","9":"instock","10":"shipping-taxable","11":"purchasable","12":"product-type-simple"},"acf":[],"_links":{"self":[{"href":"https:\/\/go-st.vizia.si\/index.php?rest_route=\/wp\/v2\/product\/81779","targetHints":{"allow":["GET"]}}],"collection":[{"href":"https:\/\/go-st.vizia.si\/index.php?rest_route=\/wp\/v2\/product"}],"about":[{"href":"https:\/\/go-st.vizia.si\/index.php?rest_route=\/wp\/v2\/types\/product"}],"replies":[{"embeddable":true,"href":"https:\/\/go-st.vizia.si\/index.php?rest_route=%2Fwp%2Fv2%2Fcomments&post=81779"}],"wp:featuredmedia":[{"embeddable":true,"href":"https:\/\/go-st.vizia.si\/index.php?rest_route=\/wp\/v2\/media\/81821"}],"wp:attachment":[{"href":"https:\/\/go-st.vizia.si\/index.php?rest_route=%2Fwp%2Fv2%2Fmedia&parent=81779"}],"wp:term":[{"taxonomy":"product_brand","embeddable":true,"href":"https:\/\/go-st.vizia.si\/index.php?rest_route=%2Fwp%2Fv2%2Fproduct_brand&post=81779"},{"taxonomy":"product_cat","embeddable":true,"href":"https:\/\/go-st.vizia.si\/index.php?rest_route=%2Fwp%2Fv2%2Fproduct_cat&post=81779"},{"taxonomy":"product_tag","embeddable":true,"href":"https:\/\/go-st.vizia.si\/index.php?rest_route=%2Fwp%2Fv2%2Fproduct_tag&post=81779"}],"curies":[{"name":"wp","href":"https:\/\/api.w.org\/{rel}","templated":true}]}}