{"id":81794,"date":"2026-01-29T18:00:44","date_gmt":"2026-01-29T18:00:44","guid":{"rendered":"https:\/\/go-st.vizia.si\/?post_type=product&#038;p=81794"},"modified":"2026-02-12T09:42:43","modified_gmt":"2026-02-12T09:42:43","slug":"aparat-za-smetano-sanomat-cremaldi-uno-s-ra","status":"publish","type":"product","link":"https:\/\/go-st.vizia.si\/?product=aparat-za-smetano-sanomat-cremaldi-uno-s-ra","title":{"rendered":"Aparat za smetano, SANOMAT Cremaldi Uno S RA"},"content":{"rendered":"<p>Proizvajalec: SANOMAT VAIHINGER<br \/>vklju\u010dno z avtomatskim sistemom \u010di\u0161\u010denja RA,<br \/>vklju\u010dno z dezinfekcijskim \u010distilom,<br \/>ro\u010dnim odmerjanjem, zunanjim ohi\u0161jem,<br \/>udarna naprava in \u010drpalka iz<br \/>nerjave\u010dega jekla, popolnoma elektronsko krmiljenje<br \/>in nadzor temperature, pripravljeno za priklop<br \/>Vsebina: 1,5 l.<br \/>Zmogljivost: 1 l surove smetane v 60 sekundah<br \/>Priklju\u010dek: 230 V \/ 50 Hz<br \/>Dimenzije: 22,8 x 34,6 x 45,9 cm (\u0160xGxV)<\/p>\n","protected":false},"excerpt":{"rendered":"<p>Proizvajalec: SANOMAT VAIHINGERvklju\u010dno z avtomatskim sistemom \u010di\u0161\u010denja RA,vklju\u010dno z dezinfekcijskim \u010distilom,ro\u010dnim odmerjanjem, zunanjim ohi\u0161jem,udarna naprava in \u010drpalka iznerjave\u010dega jekla, popolnoma elektronsko krmiljenjein nadzor temperature, pripravljeno za priklopVsebina: 1,5 l.Zmogljivost: 1 l surove smetane v 60 sekundahPriklju\u010dek: 230 V \/ 50 HzDimenzije: 22,8 x 34,6 x 45,9 cm (\u0160xGxV)<\/p>\n","protected":false},"featured_media":81835,"comment_status":"open","ping_status":"closed","template":"","meta":{"_acf_changed":false},"product_brand":[166],"product_cat":[108],"product_tag":[],"class_list":{"0":"post-81794","1":"product","2":"type-product","3":"status-publish","4":"has-post-thumbnail","6":"product_brand-mayway","7":"product_cat-aparati-za-smetano","9":"first","10":"instock","11":"shipping-taxable","12":"purchasable","13":"product-type-simple"},"acf":[],"_links":{"self":[{"href":"https:\/\/go-st.vizia.si\/index.php?rest_route=\/wp\/v2\/product\/81794","targetHints":{"allow":["GET"]}}],"collection":[{"href":"https:\/\/go-st.vizia.si\/index.php?rest_route=\/wp\/v2\/product"}],"about":[{"href":"https:\/\/go-st.vizia.si\/index.php?rest_route=\/wp\/v2\/types\/product"}],"replies":[{"embeddable":true,"href":"https:\/\/go-st.vizia.si\/index.php?rest_route=%2Fwp%2Fv2%2Fcomments&post=81794"}],"wp:featuredmedia":[{"embeddable":true,"href":"https:\/\/go-st.vizia.si\/index.php?rest_route=\/wp\/v2\/media\/81835"}],"wp:attachment":[{"href":"https:\/\/go-st.vizia.si\/index.php?rest_route=%2Fwp%2Fv2%2Fmedia&parent=81794"}],"wp:term":[{"taxonomy":"product_brand","embeddable":true,"href":"https:\/\/go-st.vizia.si\/index.php?rest_route=%2Fwp%2Fv2%2Fproduct_brand&post=81794"},{"taxonomy":"product_cat","embeddable":true,"href":"https:\/\/go-st.vizia.si\/index.php?rest_route=%2Fwp%2Fv2%2Fproduct_cat&post=81794"},{"taxonomy":"product_tag","embeddable":true,"href":"https:\/\/go-st.vizia.si\/index.php?rest_route=%2Fwp%2Fv2%2Fproduct_tag&post=81794"}],"curies":[{"name":"wp","href":"https:\/\/api.w.org\/{rel}","templated":true}]}}