{"id":81799,"date":"2026-01-29T18:00:44","date_gmt":"2026-01-29T18:00:44","guid":{"rendered":"https:\/\/go-st.vizia.si\/?post_type=product&#038;p=81799"},"modified":"2026-02-12T09:42:52","modified_gmt":"2026-02-12T09:42:52","slug":"stroj-za-drobljenje-ledu-frozen-stone-170-a-90-kg","status":"publish","type":"product","link":"https:\/\/go-st.vizia.si\/?product=stroj-za-drobljenje-ledu-frozen-stone-170-a-90-kg","title":{"rendered":"Stroj za drobljenje ledu, FROZEN STONE 170 A, 90 kg"},"content":{"rendered":"<p>Popolna naprava za vse, kjer je potrebna velika koli\u010dina granuliranega ledu. Avtomati za granuliran led MAYWAY so nepogre\u0161ljivi v barih, restavracijah, diskotekah, lokalih s hitro hrano, hotelih in supermarketih. Poleg tega se uporabljajo tudi v proizvodnji \u017eivil, v spa centrih, farmacevtski industriji in drugih industrijskih panogah. <\/p>\n<h3 class=\"desc-headings\">Poudarki<\/h3>\n<ul>\n<li>Majhna poraba vode zaradi zra\u010dnega hlajenja<\/li>\n<li>Avtomatski sistem \u010di\u0161\u010denja<\/li>\n<li>Zagotovljeno granulirano led v najbolj\u0161i kakovosti<\/li>\n<li>Okolju prijazno hladilno sredstvo R290<\/li>\n<\/ul>\n<h3 class=\"desc-headings\">Informacije o izdelku<\/h3>\n<ul>\n<li>Robustno ohi\u0161je iz nerjave\u010dega jekla<\/li>\n<li>Proizvodna zmogljivost do 90 kg \/ 24h<\/li>\n<li>Zmogljivost zalogovnika: 20 kg<\/li>\n<\/ul>\n<h3 class=\"desc-headings\">Tehni\u010dne informacije<\/h3>\n<ul>\n<li>Zra\u010dno hlajenje<\/li>\n<li>Poraba vode pribli\u017eno 1 l na kg ledu<\/li>\n<li>Hladilno sredstvo: R290<\/li>\n<li>Povezovalna vrednost: 230 V \/ 440 W<\/li>\n<li>Dimenzije: 50 x 66 x 69 cm (\u0160xGxV)\n<\/li>\n<li>Povezava za dovod vode: 3\/4\"<\/li>\n<li>Povezava za odvod vode: DM 2,4 cm<\/li>\n<li>Priporo\u010deni tlak vode: 1\u20136 bar<\/li>\n<li>Priporo\u010dena temperatura vode: +3 \u00b0C\/+32 \u00b0C<\/li>\n<li>Priporo\u010dena temperatura okolice: +10 \u00b0C\/+43 \u00b0C<\/li>\n<\/ul>\n","protected":false},"excerpt":{"rendered":"<p>Proizvodnja: 90 kg \/ 24 h<br \/>Zra\u010dno hlajenje<br \/>Dimenzije: 50 x 66 x 69 cm (\u0160xGxV)<\/p>\n","protected":false},"featured_media":81838,"comment_status":"open","ping_status":"closed","template":"","meta":{"_acf_changed":false},"product_brand":[166],"product_cat":[110,36],"product_tag":[],"class_list":{"0":"post-81799","1":"product","2":"type-product","3":"status-publish","4":"has-post-thumbnail","6":"product_brand-mayway","7":"product_cat-drobilci-ledu","8":"product_cat-ledomati","10":"first","11":"instock","12":"shipping-taxable","13":"purchasable","14":"product-type-simple"},"acf":[],"_links":{"self":[{"href":"https:\/\/go-st.vizia.si\/index.php?rest_route=\/wp\/v2\/product\/81799","targetHints":{"allow":["GET"]}}],"collection":[{"href":"https:\/\/go-st.vizia.si\/index.php?rest_route=\/wp\/v2\/product"}],"about":[{"href":"https:\/\/go-st.vizia.si\/index.php?rest_route=\/wp\/v2\/types\/product"}],"replies":[{"embeddable":true,"href":"https:\/\/go-st.vizia.si\/index.php?rest_route=%2Fwp%2Fv2%2Fcomments&post=81799"}],"wp:featuredmedia":[{"embeddable":true,"href":"https:\/\/go-st.vizia.si\/index.php?rest_route=\/wp\/v2\/media\/81838"}],"wp:attachment":[{"href":"https:\/\/go-st.vizia.si\/index.php?rest_route=%2Fwp%2Fv2%2Fmedia&parent=81799"}],"wp:term":[{"taxonomy":"product_brand","embeddable":true,"href":"https:\/\/go-st.vizia.si\/index.php?rest_route=%2Fwp%2Fv2%2Fproduct_brand&post=81799"},{"taxonomy":"product_cat","embeddable":true,"href":"https:\/\/go-st.vizia.si\/index.php?rest_route=%2Fwp%2Fv2%2Fproduct_cat&post=81799"},{"taxonomy":"product_tag","embeddable":true,"href":"https:\/\/go-st.vizia.si\/index.php?rest_route=%2Fwp%2Fv2%2Fproduct_tag&post=81799"}],"curies":[{"name":"wp","href":"https:\/\/api.w.org\/{rel}","templated":true}]}}