{"id":81856,"date":"2026-01-29T18:01:01","date_gmt":"2026-01-29T18:01:01","guid":{"rendered":"https:\/\/go-st.vizia.si\/?post_type=product&#038;p=81856"},"modified":"2026-02-12T09:48:21","modified_gmt":"2026-02-12T09:48:21","slug":"espresso-kavni-aparat-carimali-cento-1-rocka","status":"publish","type":"product","link":"https:\/\/go-st.vizia.si\/?product=espresso-kavni-aparat-carimali-cento-1-rocka","title":{"rendered":"ESPRESSO KAVNI APARAT - CARIMALI, CENTO - 1 RO\u010cKA"},"content":{"rendered":"<p>Navdu\u0161ite svoje goste z originalnim italijanskim u\u017eitkom kave. Tudi popolno pra\u017eenje postane u\u017eitek \u0161ele s pravo tehnologijo. S profesionalnimi Carimali espresso aparati s filtrom ste na varni strani in vedno postre\u017eete okusno kavo s popolno peno. Najsodobnej\u0161e aparate za espresso z inovativnim dizajnom in profesionalno tehnologijo zagotavljajo dosledne rezultate in neprimerljivo kakovost. Aparati za espresso Carimali so idealni za pripravo \u0161tevilnih klasi\u010dnih razli\u010dic espressa, od blagih do polnih. Glede na va\u0161e potrebe lahko izbirate med modeli z 1, 2 ali 3 skupinami. Espresso aparati Carimali so \u0161e posebej primerni za uporabo v hotelskih salonih, barih, restavracijah, \u010dakalnicah, letali\u0161\u010dih ali VIP salonih.<\/p>\n<h3 class=\"desc-headings\">Poudarki<\/h3>\n<ul>\n<li>4 programirljive, osvetljene tipke za izdelke<\/li>\n<li>Ro\u010dno izpiranje vro\u010de vode s pomo\u010djo nagibnega ventila<\/li>\n<li>Ro\u010dne parne pi\u0161tole s pomo\u010djo nagibnega ventila<\/li>\n<li>Dva manometra za tlak kotla in \u010drpalke<\/li>\n<li>Vgrajena rotacijska \u010drpalka<\/li>\n<li>Elektronski nadzor nivoja in temperature<\/li>\n<li>Grelnik skodelic iz nerjave\u010dega jekla<\/li>\n<li>Program \u010di\u0161\u010denja<\/li>\n<\/ul>\n<h3 class=\"desc-headings\">Tehni\u010dne informacije<\/h3>\n<ul>\n<li>Priklju\u010dek za vodo: <span>3\/8\u202f\u2033<\/span><\/li>\n<li>Zmogljivost kotla: 4 l<\/li>\n<li>Priklju\u010dek: 230 V \/ 1850 W<\/li>\n<li>Dimenzije: 35 x 51,5 x 49,7 cm (\u0160xGxV)<\/li>\n<\/ul>\n<h3 class=\"desc-headings\">Prilo\u017eena oprema<\/h3>\n<ul>\n<li>Nosilec filtra z enim izlivom (6 g)<\/li>\n<li>Nosilec filtra z dvojnim izlivom (12 g)<\/li>\n<\/ul>\n","protected":false},"excerpt":{"rendered":"<p>1 skupina za kuhanje<br \/>Priklju\u010dna mo\u010d: 230 V \/ 1850 W<br \/>Dimenzije: 35 x 51,5 x 49,7 cm (\u0160xGxV)<\/p>\n","protected":false},"featured_media":81886,"comment_status":"open","ping_status":"closed","template":"","meta":{"_acf_changed":false},"product_brand":[169],"product_cat":[25],"product_tag":[],"class_list":{"0":"post-81856","1":"product","2":"type-product","3":"status-publish","4":"has-post-thumbnail","6":"product_brand-carimali","7":"product_cat-kavni-aparati","9":"first","10":"instock","11":"shipping-taxable","12":"purchasable","13":"product-type-simple"},"acf":[],"_links":{"self":[{"href":"https:\/\/go-st.vizia.si\/index.php?rest_route=\/wp\/v2\/product\/81856","targetHints":{"allow":["GET"]}}],"collection":[{"href":"https:\/\/go-st.vizia.si\/index.php?rest_route=\/wp\/v2\/product"}],"about":[{"href":"https:\/\/go-st.vizia.si\/index.php?rest_route=\/wp\/v2\/types\/product"}],"replies":[{"embeddable":true,"href":"https:\/\/go-st.vizia.si\/index.php?rest_route=%2Fwp%2Fv2%2Fcomments&post=81856"}],"wp:featuredmedia":[{"embeddable":true,"href":"https:\/\/go-st.vizia.si\/index.php?rest_route=\/wp\/v2\/media\/81886"}],"wp:attachment":[{"href":"https:\/\/go-st.vizia.si\/index.php?rest_route=%2Fwp%2Fv2%2Fmedia&parent=81856"}],"wp:term":[{"taxonomy":"product_brand","embeddable":true,"href":"https:\/\/go-st.vizia.si\/index.php?rest_route=%2Fwp%2Fv2%2Fproduct_brand&post=81856"},{"taxonomy":"product_cat","embeddable":true,"href":"https:\/\/go-st.vizia.si\/index.php?rest_route=%2Fwp%2Fv2%2Fproduct_cat&post=81856"},{"taxonomy":"product_tag","embeddable":true,"href":"https:\/\/go-st.vizia.si\/index.php?rest_route=%2Fwp%2Fv2%2Fproduct_tag&post=81856"}],"curies":[{"name":"wp","href":"https:\/\/api.w.org\/{rel}","templated":true}]}}