{"id":81858,"date":"2026-01-29T18:01:01","date_gmt":"2026-01-29T18:01:01","guid":{"rendered":"https:\/\/go-st.vizia.si\/?post_type=product&#038;p=81858"},"modified":"2026-02-12T09:43:01","modified_gmt":"2026-02-12T09:43:01","slug":"espresso-kavni-aparat-diva-pro-lm2","status":"publish","type":"product","link":"https:\/\/go-st.vizia.si\/?product=espresso-kavni-aparat-diva-pro-lm2","title":{"rendered":"ESPRESSO KAVNI APARAT, DIVA PRO LM2"},"content":{"rendered":"<p><span>Navdu\u0161ite svoje goste z originalnim italijanskim u\u017eitkom kave. Tudi popolno pra\u017eenje postane u\u017eitek \u0161ele s pravo tehnologijo. S profesionalnimi Carimali espresso aparati s filtrom ste na varni strani in vedno postre\u017eete okusno kavo s popolno peno. Najsodobnej\u0161e aparate za espresso z inovativnim dizajnom in profesionalno tehnologijo zagotavljajo dosledne rezultate in neprimerljivo kakovost. Aparati za espresso Carimali so idealni za pripravo \u0161tevilnih klasi\u010dnih razli\u010dic espressa, od blagih do polnih. Glede na va\u0161e potrebe lahko izbirate med modeli z 1, 2 ali 3 skupinami. Espresso aparati Carimali so \u0161e posebej primerni za uporabo v hotelskih salonih, barih, restavracijah, \u010dakalnicah, letali\u0161\u010dih ali VIP salonih.<br \/><\/span><a href=\"https:\/\/youtu.be\/mhnI80ZGhMw\" target=\"_blank\"><strong><span style=\"color: #99cc00; font-size: large;\">Oglejte si video o izdelku<\/span><\/strong><\/a><\/p>\n<h3 class=\"desc-headings\">Poudarki<\/h3>\n<ul>\n<li>Visokokakovostno ohi\u0161je iz aluminija in nerjave\u010dega jekla<\/li>\n<li>Programirljiva sprednja in zadnja osvetlitev z RGB-LED-diodami<\/li>\n<li>Programiranje funkcij aparata z LCD-zaslonom<\/li>\n<li>Elektronski \u0161tevci izdelkov in prikaz stanja<\/li>\n<li>5 programirljivih, osvetljenih tipk za izdelke na skupino za kuhanje<\/li>\n<li>Patentiran sistem Perfect Point za regulacijo temperature<\/li>\n<li>2 programirljivi odmerki vro\u010de vode<\/li>\n<li>Programirljiva parna pi\u0161tola Barista<\/li>\n<li>Dve ro\u010dni parni pi\u0161toli z nagibnim ventilom<\/li>\n<li>Programirljiv penilnik mleka s \u010drpalko za mleko<\/li>\n<li>Dva manometra za tlak kotla in \u010drpalke<\/li>\n<li>Vgrajena rotacijska \u010drpalka<\/li>\n<li>Elektronski nadzor nivoja in temperature<\/li>\n<li>Elektri\u010dni grelnik skodelic iz nerjave\u010dega jekla<\/li>\n<li>Program \u010di\u0161\u010denja<\/li>\n<li>Vmesnik RS232<\/li>\n<\/ul>\n<h3 class=\"desc-headings\">Tehni\u010dne informacije<\/h3>\n<ul>\n<li>Priklju\u010dek za vodo: 3\/8\u202f\u2033<\/li>\n<li>Zmogljivost bojlerja: 11,5 l<\/li>\n<li>Priklju\u010dek: 400 V \/ 5500 W<\/li>\n<li>Dimenzije: 80 x 57,4 x 51,5 cm (\u0160xGxV)<\/li>\n<\/ul>\n<h3 class=\"desc-headings\">Prilo\u017eena oprema<\/h3>\n<ul>\n<li>Nosilec filtra z enim izlivom (6 g)<\/li>\n<li>Nosilec filtra z dvojnim izlivom (12 g)<\/li>\n<\/ul>\n","protected":false},"excerpt":{"rendered":"<p>2 sklopi za kuhanje<br \/>Priklju\u010dek: 400 V \/ 5500 W<br \/>Dimenzije: 80 x 57,4 x 51,5 cm (\u0160xGxV)<\/p>\n","protected":false},"featured_media":81888,"comment_status":"open","ping_status":"closed","template":"","meta":{"_acf_changed":false},"product_brand":[],"product_cat":[25],"product_tag":[],"class_list":{"0":"post-81858","1":"product","2":"type-product","3":"status-publish","4":"has-post-thumbnail","6":"product_cat-kavni-aparati","8":"first","9":"instock","10":"shipping-taxable","11":"purchasable","12":"product-type-simple"},"acf":[],"_links":{"self":[{"href":"https:\/\/go-st.vizia.si\/index.php?rest_route=\/wp\/v2\/product\/81858","targetHints":{"allow":["GET"]}}],"collection":[{"href":"https:\/\/go-st.vizia.si\/index.php?rest_route=\/wp\/v2\/product"}],"about":[{"href":"https:\/\/go-st.vizia.si\/index.php?rest_route=\/wp\/v2\/types\/product"}],"replies":[{"embeddable":true,"href":"https:\/\/go-st.vizia.si\/index.php?rest_route=%2Fwp%2Fv2%2Fcomments&post=81858"}],"wp:featuredmedia":[{"embeddable":true,"href":"https:\/\/go-st.vizia.si\/index.php?rest_route=\/wp\/v2\/media\/81888"}],"wp:attachment":[{"href":"https:\/\/go-st.vizia.si\/index.php?rest_route=%2Fwp%2Fv2%2Fmedia&parent=81858"}],"wp:term":[{"taxonomy":"product_brand","embeddable":true,"href":"https:\/\/go-st.vizia.si\/index.php?rest_route=%2Fwp%2Fv2%2Fproduct_brand&post=81858"},{"taxonomy":"product_cat","embeddable":true,"href":"https:\/\/go-st.vizia.si\/index.php?rest_route=%2Fwp%2Fv2%2Fproduct_cat&post=81858"},{"taxonomy":"product_tag","embeddable":true,"href":"https:\/\/go-st.vizia.si\/index.php?rest_route=%2Fwp%2Fv2%2Fproduct_tag&post=81858"}],"curies":[{"name":"wp","href":"https:\/\/api.w.org\/{rel}","templated":true}]}}