{"id":81864,"date":"2026-01-29T18:01:01","date_gmt":"2026-01-29T18:01:01","guid":{"rendered":"https:\/\/go-st.vizia.si\/?post_type=product&#038;p=81864"},"modified":"2026-02-12T09:48:52","modified_gmt":"2026-02-12T09:48:52","slug":"avtomatski-kavni-aparat-aromachef-6t","status":"publish","type":"product","link":"https:\/\/go-st.vizia.si\/?product=avtomatski-kavni-aparat-aromachef-6t","title":{"rendered":"Avtomatski kavni aparat, AromaChef 6T"},"content":{"rendered":"<p>Popolnoma avtomatski kavni aparati serije AromaChef 6T so namenjeni pravim ljubiteljem kave, ki cenijo kakovost in raznolikost. Z do 23 individualno programirljivimi razli\u010dicami kave AromaChef 6T ponuja neomejeno u\u017eivanje, od intenzivnega espressa do kremastega kapu\u010dina ali latte macchiata. Zahvaljujo\u010d velikemu 2-litrskemu rezervoarju za vodo, mo\u017enosti priklju\u010ditve na vodovod ali uporabi zunanjega rezervoarja za vodo je vedno pripravljen za do 60 skodelic na dan ali 40 skodelic na uro. Posebej impresivna je hkratna priprava kave in mle\u010dne pene, kar olaj\u0161a delovni tok v pisarnah, kavarnah ali doma. Intuitivno upravljanje na dotik omogo\u010da enostavno izbiro, 7-pal\u010dni barvni zaslon na dotik pa poudarja z mo\u017enostjo predvajanja videov. S funkcijami, kot so priprava vro\u010dega mleka in vro\u010de vode ter uporabniku prijazen program \u010di\u0161\u010denja, je AromaChef 6T popoln spremljevalec za vse, ki cenijo udobje, dizajn in visokokakovostne kavne specialitete. Popolnoma avtomatski aparat, ki ne navdu\u0161uje le, ampak vsak dan znova poskrbi za sijo\u010de o\u010di.<\/p>\n<h3 class=\"desc-headings\">Poudarki<\/h3>\n<ul>\n<li>23 razli\u010dic kave<\/li>\n<li>Popolno pripravljena mle\u010dna pena<\/li>\n<li>Hkratna priprava kave in mle\u010dne pene<\/li>\n<li>Zmogljivost: do 40 skodelic na uro<\/li>\n<li>7-pal\u010dni barvni zaslon na dotik<\/li>\n<li>Privla\u010den dizajn in kompaktne dimenzije<\/li>\n<li>Rezervoar za vodo, priklju\u010dek za vodo <span>ali zunanji rezervoar<\/span><\/li>\n<\/ul>\n<h3 class=\"desc-headings\">Informacije o izdelku<\/h3>\n<ul>\n<li>Dnevna zmogljivost do 70 skodelic<\/li>\n<li>Primerno za kavarne, hotele, samopostre\u017ene prostore, pisarne<\/li>\n<li>Inovativna tehnologija mle\u010dne pene<\/li>\n<li>Intuitivno upravljanje s tipskim menijem<\/li>\n<li>Individualno programiranje<\/li>\n<li>Dvojni \u010drpalni sistem<\/li>\n<li>1 posoda za zrna 1000 g<\/li>\n<li>1 <span>koni\u010dni mlin\u010dek<\/span><\/li>\n<\/ul>\n<h3 class=\"desc-headings\">Tehni\u010dne informacije<\/h3>\n<ul>\n<li>Program za samodejno \u010di\u0161\u010denje<\/li>\n<li>Po izbiri: rezervoar za vodo: 2 l. Fiksni priklju\u010dek za vodo ali zunanji rezervoar<\/li>\n<li>Filter za rezervoar za vodo: ni vklju\u010den v dobavo<\/li>\n<li>Fiksni priklju\u010dek za vodo: 1\/2\"<\/li>\n<li>Trdota vode max.: 5\u00b0 dH<\/li>\n<li>Najve\u010dji tlak vode: 3 bar<\/li>\n<li>Priklju\u010dek: 230 V \/ 3100 W<\/li>\n<li>Dimenzije: 30,4 x 55,9 x 57,2 cm (\u0160xGxV)<\/li>\n<li>Barva: \u010drna\/srebrna<\/li>\n<\/ul>\n","protected":false},"excerpt":{"rendered":"<p>Dnevna zmogljivost do 70 skodelic<br \/>Priklju\u010dek: 230 V \/ 3100 W<br \/>Dimenzije: 30,4 x 55,9 x 57,2 cm (\u0160xGxV)<\/p>\n","protected":false},"featured_media":81894,"comment_status":"open","ping_status":"closed","template":"","meta":{"_acf_changed":false},"product_brand":[166],"product_cat":[25],"product_tag":[],"class_list":{"0":"post-81864","1":"product","2":"type-product","3":"status-publish","4":"has-post-thumbnail","6":"product_brand-mayway","7":"product_cat-kavni-aparati","9":"first","10":"instock","11":"shipping-taxable","12":"purchasable","13":"product-type-simple"},"acf":[],"_links":{"self":[{"href":"https:\/\/go-st.vizia.si\/index.php?rest_route=\/wp\/v2\/product\/81864","targetHints":{"allow":["GET"]}}],"collection":[{"href":"https:\/\/go-st.vizia.si\/index.php?rest_route=\/wp\/v2\/product"}],"about":[{"href":"https:\/\/go-st.vizia.si\/index.php?rest_route=\/wp\/v2\/types\/product"}],"replies":[{"embeddable":true,"href":"https:\/\/go-st.vizia.si\/index.php?rest_route=%2Fwp%2Fv2%2Fcomments&post=81864"}],"wp:featuredmedia":[{"embeddable":true,"href":"https:\/\/go-st.vizia.si\/index.php?rest_route=\/wp\/v2\/media\/81894"}],"wp:attachment":[{"href":"https:\/\/go-st.vizia.si\/index.php?rest_route=%2Fwp%2Fv2%2Fmedia&parent=81864"}],"wp:term":[{"taxonomy":"product_brand","embeddable":true,"href":"https:\/\/go-st.vizia.si\/index.php?rest_route=%2Fwp%2Fv2%2Fproduct_brand&post=81864"},{"taxonomy":"product_cat","embeddable":true,"href":"https:\/\/go-st.vizia.si\/index.php?rest_route=%2Fwp%2Fv2%2Fproduct_cat&post=81864"},{"taxonomy":"product_tag","embeddable":true,"href":"https:\/\/go-st.vizia.si\/index.php?rest_route=%2Fwp%2Fv2%2Fproduct_tag&post=81864"}],"curies":[{"name":"wp","href":"https:\/\/api.w.org\/{rel}","templated":true}]}}