{"id":81865,"date":"2026-01-29T18:01:01","date_gmt":"2026-01-29T18:01:01","guid":{"rendered":"https:\/\/go-st.vizia.si\/?post_type=product&#038;p=81865"},"modified":"2026-02-11T07:36:26","modified_gmt":"2026-02-11T07:36:26","slug":"avtomatski-kavni-aparat-optima-ultra-2-xl","status":"publish","type":"product","link":"https:\/\/go-st.vizia.si\/?product=avtomatski-kavni-aparat-optima-ultra-2-xl","title":{"rendered":"Avtomatski kavni aparat OPTIMA ULTRA 2 XL"},"content":{"rendered":"<p>Barva: \u010crna<\/p>\n<p>Profesionalni aparat za kavo z 10\" zaslonom na dotik,<\/p>\n<p>velika izbira kakovostne pija\u010de,<\/p>\n<p>USB priklju\u010dek, zvo\u010dniki,<\/p>\n<p>Vse-v-enem \u010di\u0161\u010denje za samodejno postopki \u010di\u0161\u010denja, vklju\u010dno s \u010drpalko za mleko,<\/p>\n<p>po vi\u0161ini nastavljivim dulcem za kavo in mleko: 95 - 195 mm,<\/p>\n<p>Oprema: 2 mlin\u010dka, \u010drpalka za mleko,<\/p>\n<p>Prostornina posode za kavo v zrnju: 1,3 kg,<\/p>\n<p>Kapacitetna skupina: 10 - 20 g,<\/p>\n<p>Dnevna proizvodnja do 400 skodelic,<\/p>\n<p>Prostornina kotla za kavo: 1 l,<\/p>\n<p>Prostornina parnega kotla: 1,8 l,<\/p>\n<p>Priklju\u010dek: 230 V \/ 4400 W,<\/p>\n<p>Dimenzije: 32,4 x 56 x 81,4 cm (\u0160xGxV)<\/p>\n","protected":false},"excerpt":{"rendered":"<p>Barva: \u010crna<\/p>\n<p>Profesionalni aparat za kavo z 10\" zaslonom na dotik,<\/p>\n<p>velika izbira kakovostne pija\u010de,<\/p>\n<p>USB priklju\u010dek, zvo\u010dniki,<\/p>\n<p>Vse-v-enem \u010di\u0161\u010denje za samodejno postopki \u010di\u0161\u010denja, vklju\u010dno s \u010drpalko za mleko,<\/p>\n<p>po vi\u0161ini nastavljivim dulcem za kavo in mleko: 95 - 195 mm,<\/p>\n<p>Oprema: 2 mlin\u010dka, \u010drpalka za mleko,<\/p>\n<p>Prostornina posode za kavo v zrnju: 1,3 kg,<\/p>\n<p>Kapacitetna skupina: 10 - 20 g,<\/p>\n<p>Dnevna proizvodnja do 400 skodelic,<\/p>\n<p>Prostornina kotla za kavo: 1 l,<\/p>\n<p>Prostornina parnega kotla: 1,8 l,<\/p>\n<p>Priklju\u010dek: 230 V \/ 4400 W,<\/p>\n<p>Dimenzije: 32,4 x 56 x 81,4 cm (\u0160xGxV)<\/p>\n","protected":false},"featured_media":81895,"comment_status":"open","ping_status":"closed","template":"","meta":{"_acf_changed":false},"product_brand":[169],"product_cat":[25],"product_tag":[],"class_list":{"0":"post-81865","1":"product","2":"type-product","3":"status-publish","4":"has-post-thumbnail","6":"product_brand-carimali","7":"product_cat-kavni-aparati","9":"first","10":"instock","11":"shipping-taxable","12":"purchasable","13":"product-type-simple"},"acf":[],"_links":{"self":[{"href":"https:\/\/go-st.vizia.si\/index.php?rest_route=\/wp\/v2\/product\/81865","targetHints":{"allow":["GET"]}}],"collection":[{"href":"https:\/\/go-st.vizia.si\/index.php?rest_route=\/wp\/v2\/product"}],"about":[{"href":"https:\/\/go-st.vizia.si\/index.php?rest_route=\/wp\/v2\/types\/product"}],"replies":[{"embeddable":true,"href":"https:\/\/go-st.vizia.si\/index.php?rest_route=%2Fwp%2Fv2%2Fcomments&post=81865"}],"wp:featuredmedia":[{"embeddable":true,"href":"https:\/\/go-st.vizia.si\/index.php?rest_route=\/wp\/v2\/media\/81895"}],"wp:attachment":[{"href":"https:\/\/go-st.vizia.si\/index.php?rest_route=%2Fwp%2Fv2%2Fmedia&parent=81865"}],"wp:term":[{"taxonomy":"product_brand","embeddable":true,"href":"https:\/\/go-st.vizia.si\/index.php?rest_route=%2Fwp%2Fv2%2Fproduct_brand&post=81865"},{"taxonomy":"product_cat","embeddable":true,"href":"https:\/\/go-st.vizia.si\/index.php?rest_route=%2Fwp%2Fv2%2Fproduct_cat&post=81865"},{"taxonomy":"product_tag","embeddable":true,"href":"https:\/\/go-st.vizia.si\/index.php?rest_route=%2Fwp%2Fv2%2Fproduct_tag&post=81865"}],"curies":[{"name":"wp","href":"https:\/\/api.w.org\/{rel}","templated":true}]}}