{"id":81879,"date":"2026-01-29T18:01:02","date_gmt":"2026-01-29T18:01:02","guid":{"rendered":"https:\/\/go-st.vizia.si\/?post_type=product&#038;p=81879"},"modified":"2026-02-12T09:49:23","modified_gmt":"2026-02-12T09:49:23","slug":"gn-posoda-1-6","status":"publish","type":"product","link":"https:\/\/go-st.vizia.si\/?product=gn-posoda-1-6","title":{"rendered":"GN posoda 1\/6"},"content":{"rendered":"<p>iz nerjave\u010dega jekla, <br \/>iz enega kosa globoko vle\u010den <br \/>Dimenzije: 17,6 x 16,2 x 6,5 cm (\u0160xGxV)<\/p><\/p>\n","protected":false},"excerpt":{"rendered":"<p>iz nerjave\u010dega jekla, iz enega kosa globoko vle\u010den Dimenzije: 17,6 x 16,2 x 6,5 cm (\u0160xGxV)<\/p>\n","protected":false},"featured_media":81912,"comment_status":"open","ping_status":"closed","template":"","meta":{"_acf_changed":false},"product_brand":[],"product_cat":[111],"product_tag":[],"class_list":{"0":"post-81879","1":"product","2":"type-product","3":"status-publish","4":"has-post-thumbnail","6":"product_cat-klasicne-gn-posode","8":"first","9":"instock","10":"shipping-taxable","11":"purchasable","12":"product-type-variable"},"acf":[],"_links":{"self":[{"href":"https:\/\/go-st.vizia.si\/index.php?rest_route=\/wp\/v2\/product\/81879","targetHints":{"allow":["GET"]}}],"collection":[{"href":"https:\/\/go-st.vizia.si\/index.php?rest_route=\/wp\/v2\/product"}],"about":[{"href":"https:\/\/go-st.vizia.si\/index.php?rest_route=\/wp\/v2\/types\/product"}],"replies":[{"embeddable":true,"href":"https:\/\/go-st.vizia.si\/index.php?rest_route=%2Fwp%2Fv2%2Fcomments&post=81879"}],"wp:featuredmedia":[{"embeddable":true,"href":"https:\/\/go-st.vizia.si\/index.php?rest_route=\/wp\/v2\/media\/81912"}],"wp:attachment":[{"href":"https:\/\/go-st.vizia.si\/index.php?rest_route=%2Fwp%2Fv2%2Fmedia&parent=81879"}],"wp:term":[{"taxonomy":"product_brand","embeddable":true,"href":"https:\/\/go-st.vizia.si\/index.php?rest_route=%2Fwp%2Fv2%2Fproduct_brand&post=81879"},{"taxonomy":"product_cat","embeddable":true,"href":"https:\/\/go-st.vizia.si\/index.php?rest_route=%2Fwp%2Fv2%2Fproduct_cat&post=81879"},{"taxonomy":"product_tag","embeddable":true,"href":"https:\/\/go-st.vizia.si\/index.php?rest_route=%2Fwp%2Fv2%2Fproduct_tag&post=81879"}],"curies":[{"name":"wp","href":"https:\/\/api.w.org\/{rel}","templated":true}]}}