{"id":81944,"date":"2026-01-29T18:01:11","date_gmt":"2026-01-29T18:01:11","guid":{"rendered":"https:\/\/go-st.vizia.si\/?post_type=product&#038;p=81944"},"modified":"2026-02-12T09:49:07","modified_gmt":"2026-02-12T09:49:07","slug":"gn-pekac-1-1-p-60-mm-granitemajl","status":"publish","type":"product","link":"https:\/\/go-st.vizia.si\/?product=gn-pekac-1-1-p-60-mm-granitemajl","title":{"rendered":"GN PEKA\u010c 1\/1-P 60 MM, GRANITEMAJL"},"content":{"rendered":"<p><span>Plo\u0161\u010de so iz <\/span><strong>granitno emajliranega jekla<\/strong><span> in se <\/span><strong>prednostno uporabljajo v kombiniranih parnih pe\u010dicah in konvekcijskih pe\u010dicah<\/strong><span>, Jeklena plo\u0161\u010da ima <\/span><strong>znatno bolj\u0161o toplotno prevodnost kot nerjave\u010de jeklo<\/strong><span> in je zato odli\u010dna za peko in cvrtje. Zaradi granitne emajlirane povr\u0161ine je plo\u0161\u010da <\/span><strong>zelo enostavna za \u010di\u0161\u010denje<\/strong><span>.<\/span><\/p>\n<\/p>\n<h3 class=\"desc-headings\">Poudarki<\/h3>\n<ul>\n<li>Jeklena plo\u0161\u010da, granitno emajlirana<\/li>\n<li>Zelo dobra toplotna prevodnost<\/li>\n<li>Premazana na obeh straneh<\/li>\n<li>Zelo enostavna za \u010di\u0161\u010denje<\/li>\n<\/ul>\n","protected":false},"excerpt":{"rendered":"<p>Jeklena plo\u010devina, granitno emajlirana<br \/>GN 1\/1-P, 6 cm<br \/>Dimenzije: 53 x 32,5 x 6 cm (\u0160xGxV)<\/p>\n","protected":false},"featured_media":81974,"comment_status":"open","ping_status":"closed","template":"","meta":{"_acf_changed":false},"product_brand":[],"product_cat":[29],"product_tag":[],"class_list":{"0":"post-81944","1":"product","2":"type-product","3":"status-publish","4":"has-post-thumbnail","6":"product_cat-lonci-in-ponve","8":"first","9":"instock","10":"shipping-taxable","11":"purchasable","12":"product-type-simple"},"acf":[],"_links":{"self":[{"href":"https:\/\/go-st.vizia.si\/index.php?rest_route=\/wp\/v2\/product\/81944","targetHints":{"allow":["GET"]}}],"collection":[{"href":"https:\/\/go-st.vizia.si\/index.php?rest_route=\/wp\/v2\/product"}],"about":[{"href":"https:\/\/go-st.vizia.si\/index.php?rest_route=\/wp\/v2\/types\/product"}],"replies":[{"embeddable":true,"href":"https:\/\/go-st.vizia.si\/index.php?rest_route=%2Fwp%2Fv2%2Fcomments&post=81944"}],"wp:featuredmedia":[{"embeddable":true,"href":"https:\/\/go-st.vizia.si\/index.php?rest_route=\/wp\/v2\/media\/81974"}],"wp:attachment":[{"href":"https:\/\/go-st.vizia.si\/index.php?rest_route=%2Fwp%2Fv2%2Fmedia&parent=81944"}],"wp:term":[{"taxonomy":"product_brand","embeddable":true,"href":"https:\/\/go-st.vizia.si\/index.php?rest_route=%2Fwp%2Fv2%2Fproduct_brand&post=81944"},{"taxonomy":"product_cat","embeddable":true,"href":"https:\/\/go-st.vizia.si\/index.php?rest_route=%2Fwp%2Fv2%2Fproduct_cat&post=81944"},{"taxonomy":"product_tag","embeddable":true,"href":"https:\/\/go-st.vizia.si\/index.php?rest_route=%2Fwp%2Fv2%2Fproduct_tag&post=81944"}],"curies":[{"name":"wp","href":"https:\/\/api.w.org\/{rel}","templated":true}]}}