{"id":81983,"date":"2026-01-29T18:01:20","date_gmt":"2026-01-29T18:01:20","guid":{"rendered":"https:\/\/go-st.vizia.si\/?post_type=product&#038;p=81983"},"modified":"2026-02-12T09:49:08","modified_gmt":"2026-02-12T09:49:08","slug":"elektricna-postrezna-posoda-cd-02","status":"publish","type":"product","link":"https:\/\/go-st.vizia.si\/?product=elektricna-postrezna-posoda-cd-02","title":{"rendered":"Elektri\u010dna postre\u017ena posoda CD-02"},"content":{"rendered":"<p>Nepogre\u0161ljiv za vsak bife \u2013 <strong>MAYWAY Chafing-Dish CD-02<\/strong> prepri\u010da z dizajnom in razmerjem med ceno in kakovostjo. Svoje jedi predstavite na privla\u010den na\u010din in pri pravi temperaturi.<\/p>\n<h3 class=\"desc-headings\">Poudarki<\/h3>\n<ul>\n<li>V celoti iz poliranega nerjave\u010dega jekla<\/li>\n<li>Posoda za vodno kopel iz nerjave\u010dega jekla<\/li>\n<li>Regulacija temperature prek 8-stopenjskega termostata<\/li>\n<li>Stikalo za vklop\/izklop, kontrolna lu\u010dka ogrevanja in <span>za\u0161\u010dita pred pregrevanjem<\/span><\/li>\n<\/ul>\n<h3 class=\"desc-headings\">Tehni\u010dne informacije<\/h3>\n<ul>\n<li>Vsebina: GN 1\/1, globina: 10 cm<\/li>\n<li>Temperaturno obmo\u010dje: +10\u00b0\/+85\u00b0C<\/li>\n<li>Priklju\u010dek: 230 V \/ 1000 W<\/li>\n<li>Dimenzije: 62 x 35,6 x 27 cm (\u0160xGxV)<\/li>\n<\/ul>\n<h3 class=\"desc-headings\">Prilo\u017eena oprema<\/h3>\n<ul>\n<li>Nosilec pokrova<\/li>\n<li>1x posoda GN 1\/1, 10 cm<\/li>\n<\/ul>\n","protected":false},"excerpt":{"rendered":"<p>Kapaciteta: GN 1\/1, globina: 10 cm<br \/>Temperaturno obmo\u010dje: +10\u00b0\/+85\u00b0C<br \/>Priklju\u010dek: 230 V \/ 1000 W<br \/>Dimenzije: 62 x 35,6 x 27 cm (\u0160xGxV)<\/p>\n","protected":false},"featured_media":82013,"comment_status":"open","ping_status":"closed","template":"","meta":{"_acf_changed":false},"product_brand":[],"product_cat":[30],"product_tag":[],"class_list":{"0":"post-81983","1":"product","2":"type-product","3":"status-publish","4":"has-post-thumbnail","6":"product_cat-postrezne-posode","8":"first","9":"instock","10":"shipping-taxable","11":"purchasable","12":"product-type-simple"},"acf":[],"_links":{"self":[{"href":"https:\/\/go-st.vizia.si\/index.php?rest_route=\/wp\/v2\/product\/81983","targetHints":{"allow":["GET"]}}],"collection":[{"href":"https:\/\/go-st.vizia.si\/index.php?rest_route=\/wp\/v2\/product"}],"about":[{"href":"https:\/\/go-st.vizia.si\/index.php?rest_route=\/wp\/v2\/types\/product"}],"replies":[{"embeddable":true,"href":"https:\/\/go-st.vizia.si\/index.php?rest_route=%2Fwp%2Fv2%2Fcomments&post=81983"}],"wp:featuredmedia":[{"embeddable":true,"href":"https:\/\/go-st.vizia.si\/index.php?rest_route=\/wp\/v2\/media\/82013"}],"wp:attachment":[{"href":"https:\/\/go-st.vizia.si\/index.php?rest_route=%2Fwp%2Fv2%2Fmedia&parent=81983"}],"wp:term":[{"taxonomy":"product_brand","embeddable":true,"href":"https:\/\/go-st.vizia.si\/index.php?rest_route=%2Fwp%2Fv2%2Fproduct_brand&post=81983"},{"taxonomy":"product_cat","embeddable":true,"href":"https:\/\/go-st.vizia.si\/index.php?rest_route=%2Fwp%2Fv2%2Fproduct_cat&post=81983"},{"taxonomy":"product_tag","embeddable":true,"href":"https:\/\/go-st.vizia.si\/index.php?rest_route=%2Fwp%2Fv2%2Fproduct_tag&post=81983"}],"curies":[{"name":"wp","href":"https:\/\/api.w.org\/{rel}","templated":true}]}}