{"id":81987,"date":"2026-01-29T18:01:20","date_gmt":"2026-01-29T18:01:20","guid":{"rendered":"https:\/\/go-st.vizia.si\/?post_type=product&#038;p=81987"},"modified":"2026-02-12T09:49:08","modified_gmt":"2026-02-12T09:49:08","slug":"postrezna-posoda-za-pijace-gp-02","status":"publish","type":"product","link":"https:\/\/go-st.vizia.si\/?product=postrezna-posoda-za-pijace-gp-02","title":{"rendered":"Postre\u017ena posoda za pija\u010de GP-02"},"content":{"rendered":"<p>Nepogre\u0161ljiv za vsak bife in samopostre\u017eni bar \u2013 <strong>dispenser za pija\u010de MAYWAY<\/strong> za ohlajene pija\u010de, kot so sadni sokovi, zelenjavni sokovi, izotoni\u010dne pija\u010de ali pa samo voda.<\/p>\n<h3 class=\"desc-headings\">Poudarki<\/h3>\n<ul>\n<li>Moderen dizajn iz poliranega nerjave\u010dega jekla<\/li>\n<li>Posoda za sok iz polikarbonata za dve vrsti sokov<\/li>\n<li>Z dvema notranjima valjema za led<\/li>\n<li>Dva nekapljiva pipa za \u010disto in odmerjeno to\u010denje<\/li>\n<li>Varno stoji zaradi protizdrsnih nogic<\/li>\n<li>Enostavno \u010di\u0161\u010denje, odstranljiva kapljica<\/li>\n<\/ul>\n<h3 class=\"desc-headings\">Informacije o izdelku<\/h3>\n<p><strong>Na\u010din uporabe:<\/strong> notranji valj napolnite z vodo in ga \u010dez no\u010d postavite v zamrzovalnik!<\/p>\n<h3 class=\"desc-headings\">Tehni\u010dne informacije<\/h3>\n<ul>\n<li>Vsebina: 2 x 5 l<\/li>\n<li>Dimenzije: 38,5 x 43,1 x 52,2 cm (\u0160xGxV)<\/li>\n<\/ul>\n","protected":false},"excerpt":{"rendered":"<p>Vsebina: 2 x 5 l.<br \/>Dimenzije: 38,5 x 43,1 x 52,2 cm (\u0160xGxV)<\/p>\n","protected":false},"featured_media":82020,"comment_status":"open","ping_status":"closed","template":"","meta":{"_acf_changed":false},"product_brand":[],"product_cat":[30],"product_tag":[],"class_list":{"0":"post-81987","1":"product","2":"type-product","3":"status-publish","4":"has-post-thumbnail","6":"product_cat-postrezne-posode","8":"first","9":"instock","10":"shipping-taxable","11":"purchasable","12":"product-type-simple"},"acf":[],"_links":{"self":[{"href":"https:\/\/go-st.vizia.si\/index.php?rest_route=\/wp\/v2\/product\/81987","targetHints":{"allow":["GET"]}}],"collection":[{"href":"https:\/\/go-st.vizia.si\/index.php?rest_route=\/wp\/v2\/product"}],"about":[{"href":"https:\/\/go-st.vizia.si\/index.php?rest_route=\/wp\/v2\/types\/product"}],"replies":[{"embeddable":true,"href":"https:\/\/go-st.vizia.si\/index.php?rest_route=%2Fwp%2Fv2%2Fcomments&post=81987"}],"wp:featuredmedia":[{"embeddable":true,"href":"https:\/\/go-st.vizia.si\/index.php?rest_route=\/wp\/v2\/media\/82020"}],"wp:attachment":[{"href":"https:\/\/go-st.vizia.si\/index.php?rest_route=%2Fwp%2Fv2%2Fmedia&parent=81987"}],"wp:term":[{"taxonomy":"product_brand","embeddable":true,"href":"https:\/\/go-st.vizia.si\/index.php?rest_route=%2Fwp%2Fv2%2Fproduct_brand&post=81987"},{"taxonomy":"product_cat","embeddable":true,"href":"https:\/\/go-st.vizia.si\/index.php?rest_route=%2Fwp%2Fv2%2Fproduct_cat&post=81987"},{"taxonomy":"product_tag","embeddable":true,"href":"https:\/\/go-st.vizia.si\/index.php?rest_route=%2Fwp%2Fv2%2Fproduct_tag&post=81987"}],"curies":[{"name":"wp","href":"https:\/\/api.w.org\/{rel}","templated":true}]}}