{"id":81991,"date":"2026-01-29T18:01:20","date_gmt":"2026-01-29T18:01:20","guid":{"rendered":"https:\/\/go-st.vizia.si\/?post_type=product&#038;p=81991"},"modified":"2026-02-12T09:49:17","modified_gmt":"2026-02-12T09:49:17","slug":"posoda-za-caj-m250s-a1","status":"publish","type":"product","link":"https:\/\/go-st.vizia.si\/?product=posoda-za-caj-m250s-a1","title":{"rendered":"Posoda za \u010daj, M250S-A1"},"content":{"rendered":"<p><strong>Vro\u010da voda\/grelec za kuhano vino M250S-A1 od MAYWAY<\/strong> je idealen za segrevanje in ohranjanje toplote razli\u010dnih toplih pija\u010d, kot so \u010daj ali kuhano vino, pa tudi za segrevanje ali ohranjanje toplote jedi, kot so klobase ali juhe.<br \/>Idealna za uporabo v restavracijah, hotelih, menzah ali na bo\u017ei\u010dnih tr\u017enicah in festivalih.<\/p>\n<h3 class=\"desc-headings\">Poudarki<\/h3>\n<ul>\n<li>Dvojno steno ohi\u0161je<\/li>\n<li>Notranjost iz nerjave\u010dega jekla<\/li>\n<li>Toplotno izolirani ro\u010daji z vrtljivim zapiranjem<\/li>\n<li>Non-Drip izpustni ventil za \u010disto in odmerjeno odvzemanje<\/li>\n<li>Kazalnik vodne gladine<\/li>\n<li>Dve kontrolni lu\u010dki za stanje<\/li>\n<li>Funkcija ohranjanja toplote<\/li>\n<li>Za\u0161\u010dita pred pregrevanjem<\/li>\n<\/ul>\n<h3 class=\"desc-headings\">Tehni\u010dne informacije<\/h3>\n<ul>\n<li>Vsebina: 23,5 l<\/li>\n<li>Temperaturno obmo\u010dje: 30\u2013110 \u00b0C<\/li>\n<li>Funkcija ohranjanja toplote<\/li>\n<li>Grelna mo\u010d: 2500 W<\/li>\n<li>Priklju\u010dna mo\u010d: 230 V \/ 2500 W<\/li>\n<li>Dimenzije: 29 x 64 cm (DMxH)<\/li>\n<\/ul>\n","protected":false},"excerpt":{"rendered":"<p>Vsebina: 23,5 l<br \/>Temperaturno obmo\u010dje: 30\u2013110 \u00b0C<br \/>Funkcija ohranjanja toplote<br \/>Grelna mo\u010d: 2500 W<br \/>Priklju\u010dna mo\u010d: 230 V \/ 2500 W<br \/>Dimenzije: 29 x 64 cm (DMxH)<\/p>\n","protected":false},"featured_media":82024,"comment_status":"open","ping_status":"closed","template":"","meta":{"_acf_changed":false},"product_brand":[166],"product_cat":[30],"product_tag":[],"class_list":{"0":"post-81991","1":"product","2":"type-product","3":"status-publish","4":"has-post-thumbnail","6":"product_brand-mayway","7":"product_cat-postrezne-posode","9":"first","10":"instock","11":"shipping-taxable","12":"purchasable","13":"product-type-simple"},"acf":[],"_links":{"self":[{"href":"https:\/\/go-st.vizia.si\/index.php?rest_route=\/wp\/v2\/product\/81991","targetHints":{"allow":["GET"]}}],"collection":[{"href":"https:\/\/go-st.vizia.si\/index.php?rest_route=\/wp\/v2\/product"}],"about":[{"href":"https:\/\/go-st.vizia.si\/index.php?rest_route=\/wp\/v2\/types\/product"}],"replies":[{"embeddable":true,"href":"https:\/\/go-st.vizia.si\/index.php?rest_route=%2Fwp%2Fv2%2Fcomments&post=81991"}],"wp:featuredmedia":[{"embeddable":true,"href":"https:\/\/go-st.vizia.si\/index.php?rest_route=\/wp\/v2\/media\/82024"}],"wp:attachment":[{"href":"https:\/\/go-st.vizia.si\/index.php?rest_route=%2Fwp%2Fv2%2Fmedia&parent=81991"}],"wp:term":[{"taxonomy":"product_brand","embeddable":true,"href":"https:\/\/go-st.vizia.si\/index.php?rest_route=%2Fwp%2Fv2%2Fproduct_brand&post=81991"},{"taxonomy":"product_cat","embeddable":true,"href":"https:\/\/go-st.vizia.si\/index.php?rest_route=%2Fwp%2Fv2%2Fproduct_cat&post=81991"},{"taxonomy":"product_tag","embeddable":true,"href":"https:\/\/go-st.vizia.si\/index.php?rest_route=%2Fwp%2Fv2%2Fproduct_tag&post=81991"}],"curies":[{"name":"wp","href":"https:\/\/api.w.org\/{rel}","templated":true}]}}