{"id":81992,"date":"2026-01-29T18:01:20","date_gmt":"2026-01-29T18:01:20","guid":{"rendered":"https:\/\/go-st.vizia.si\/?post_type=product&#038;p=81992"},"modified":"2026-02-12T09:49:00","modified_gmt":"2026-02-12T09:49:00","slug":"grelnik-skodelic-hladilnik-za-mleko-cups-15","status":"publish","type":"product","link":"https:\/\/go-st.vizia.si\/?product=grelnik-skodelic-hladilnik-za-mleko-cups-15","title":{"rendered":"Grelnik skodelic\/Hladilnik za mleko, CUPS-15"},"content":{"rendered":"<p>Do\u017eivite popolno simbiozo elegance in funkcionalnosti z na\u0161im hladilnikom za mleko in grelnikom za skodelice CUPS 15, posebej zasnovanim za gostinstvo. V sodobni \u010drni barvi in iz nerjave\u010dega jekla, to mojstrovino odlikuje stilsko oblikovanje in najve\u010dja uporabni\u0161ka prijaznost. Dotikno upravljanje in digitalni zaslon omogo\u010data intuitivno uporabo, medtem ko LED notranja osvetlitev in steklena vrata z vgrajenim ro\u010dajem poskrbijo za razko\u0161no vzdu\u0161je.<\/p>\n<h3 class=\"desc-headings\">Poudarki<\/h3>\n<ul>\n<li>Eleganten dizajn<\/li>\n<li>Dotikno upravljanje<\/li>\n<li>Digitalni zaslon<\/li>\n<li>LED notranja osvetlitev<\/li>\n<li>Steklena vrata z vgrajenim ro\u010dajem<\/li>\n<li>Stranske stene iz \u010drnega stekla<\/li>\n<\/ul>\n<h3 class=\"desc-headings\">Informacije o izdelku<\/h3>\n<ul>\n<li>Notranjost iz poliranega nerjave\u010dega jekla<\/li>\n<li>Dve polici za skodelice<\/li>\n<li>Digitalno nastavljanje temperature<\/li>\n<li>Mleko s popolno temperaturo od +2 \u00b0C do +6 \u00b0C<\/li>\n<li>Tople skodelice med +50 \u00b0C in +65 \u00b0C<\/li>\n<\/ul>\n<h3 class=\"desc-headings\">Tehni\u010dne informacije<\/h3>\n<ul>\n<li>Okolju prijazno hladilno sredstvo: R600a<\/li>\n<li>Povezava: 230 V \/ 200 W<\/li>\n<li>Dimenzije: 30 x 52,5 x 64 cm (\u0160xGxV)<\/li>\n<\/ul>\n","protected":false},"excerpt":{"rendered":"<p>Povezovalna vrednost: 230 V \/ 200 W<br \/>Dimenzije: 30 x 52,5 x 64 cm (\u0160xGxV)<\/p>\n","protected":false},"featured_media":82025,"comment_status":"open","ping_status":"closed","template":"","meta":{"_acf_changed":false},"product_brand":[166],"product_cat":[30],"product_tag":[],"class_list":{"0":"post-81992","1":"product","2":"type-product","3":"status-publish","4":"has-post-thumbnail","6":"product_brand-mayway","7":"product_cat-postrezne-posode","9":"first","10":"instock","11":"shipping-taxable","12":"purchasable","13":"product-type-simple"},"acf":[],"_links":{"self":[{"href":"https:\/\/go-st.vizia.si\/index.php?rest_route=\/wp\/v2\/product\/81992","targetHints":{"allow":["GET"]}}],"collection":[{"href":"https:\/\/go-st.vizia.si\/index.php?rest_route=\/wp\/v2\/product"}],"about":[{"href":"https:\/\/go-st.vizia.si\/index.php?rest_route=\/wp\/v2\/types\/product"}],"replies":[{"embeddable":true,"href":"https:\/\/go-st.vizia.si\/index.php?rest_route=%2Fwp%2Fv2%2Fcomments&post=81992"}],"wp:featuredmedia":[{"embeddable":true,"href":"https:\/\/go-st.vizia.si\/index.php?rest_route=\/wp\/v2\/media\/82025"}],"wp:attachment":[{"href":"https:\/\/go-st.vizia.si\/index.php?rest_route=%2Fwp%2Fv2%2Fmedia&parent=81992"}],"wp:term":[{"taxonomy":"product_brand","embeddable":true,"href":"https:\/\/go-st.vizia.si\/index.php?rest_route=%2Fwp%2Fv2%2Fproduct_brand&post=81992"},{"taxonomy":"product_cat","embeddable":true,"href":"https:\/\/go-st.vizia.si\/index.php?rest_route=%2Fwp%2Fv2%2Fproduct_cat&post=81992"},{"taxonomy":"product_tag","embeddable":true,"href":"https:\/\/go-st.vizia.si\/index.php?rest_route=%2Fwp%2Fv2%2Fproduct_tag&post=81992"}],"curies":[{"name":"wp","href":"https:\/\/api.w.org\/{rel}","templated":true}]}}