{"id":81993,"date":"2026-01-29T18:01:20","date_gmt":"2026-01-29T18:01:20","guid":{"rendered":"https:\/\/go-st.vizia.si\/?post_type=product&#038;p=81993"},"modified":"2026-02-12T09:42:45","modified_gmt":"2026-02-12T09:42:45","slug":"ogrevalnik-skodelic-plus-a01","status":"publish","type":"product","link":"https:\/\/go-st.vizia.si\/?product=ogrevalnik-skodelic-plus-a01","title":{"rendered":"OGREVALNIK SKODELIC PLUS, A01"},"content":{"rendered":"<p>Proizvajalec: CARIMALI <br \/>Barva: \u010drna <br \/>primerno za mod. ARMONIA SOFT & <br \/>ARMONIA SOFT PLUS, grelnik skodelic na 3 <br \/>ravneh, vklju\u010dno z osvetlitvijo, <br \/>zmogljivost ravni 1+2: 120 skodelic espressa <br \/>50 skodelic kapu\u010dina <br \/>zmogljivost ravni 3: 50 skodelic espressa <br \/>25 skodelic kapu\u010dina <br \/>priklju\u010dek: 230 V \/ 110 W <br \/>Dimenzije: 32,4 x 42,9 x 58,4 cm (\u0160xGxV)<\/p><\/p>\n","protected":false},"excerpt":{"rendered":"<p>Proizvajalec: CARIMALI Barva: \u010drna primerno za mod. ARMONIA SOFT &#038; ARMONIA SOFT PLUS, grelnik skodelic na 3 ravneh, vklju\u010dno z osvetlitvijo, zmogljivost ravni 1+2: 120 skodelic espressa 50 skodelic kapu\u010dina zmogljivost ravni 3: 50 skodelic espressa 25 skodelic kapu\u010dina priklju\u010dek: 230 V \/ 110 W Dimenzije: 32,4 x 42,9 x 58,4 cm (\u0160xGxV)<\/p>\n","protected":false},"featured_media":82026,"comment_status":"open","ping_status":"closed","template":"","meta":{"_acf_changed":false},"product_brand":[169],"product_cat":[30],"product_tag":[],"class_list":{"0":"post-81993","1":"product","2":"type-product","3":"status-publish","4":"has-post-thumbnail","6":"product_brand-carimali","7":"product_cat-postrezne-posode","9":"first","10":"instock","11":"shipping-taxable","12":"purchasable","13":"product-type-simple"},"acf":[],"_links":{"self":[{"href":"https:\/\/go-st.vizia.si\/index.php?rest_route=\/wp\/v2\/product\/81993","targetHints":{"allow":["GET"]}}],"collection":[{"href":"https:\/\/go-st.vizia.si\/index.php?rest_route=\/wp\/v2\/product"}],"about":[{"href":"https:\/\/go-st.vizia.si\/index.php?rest_route=\/wp\/v2\/types\/product"}],"replies":[{"embeddable":true,"href":"https:\/\/go-st.vizia.si\/index.php?rest_route=%2Fwp%2Fv2%2Fcomments&post=81993"}],"wp:featuredmedia":[{"embeddable":true,"href":"https:\/\/go-st.vizia.si\/index.php?rest_route=\/wp\/v2\/media\/82026"}],"wp:attachment":[{"href":"https:\/\/go-st.vizia.si\/index.php?rest_route=%2Fwp%2Fv2%2Fmedia&parent=81993"}],"wp:term":[{"taxonomy":"product_brand","embeddable":true,"href":"https:\/\/go-st.vizia.si\/index.php?rest_route=%2Fwp%2Fv2%2Fproduct_brand&post=81993"},{"taxonomy":"product_cat","embeddable":true,"href":"https:\/\/go-st.vizia.si\/index.php?rest_route=%2Fwp%2Fv2%2Fproduct_cat&post=81993"},{"taxonomy":"product_tag","embeddable":true,"href":"https:\/\/go-st.vizia.si\/index.php?rest_route=%2Fwp%2Fv2%2Fproduct_tag&post=81993"}],"curies":[{"name":"wp","href":"https:\/\/api.w.org\/{rel}","templated":true}]}}