{"id":82001,"date":"2026-01-29T18:01:20","date_gmt":"2026-01-29T18:01:20","guid":{"rendered":"https:\/\/go-st.vizia.si\/?post_type=product&#038;p=82001"},"modified":"2026-02-12T09:49:24","modified_gmt":"2026-02-12T09:49:24","slug":"transportni-termo-box-tbc-6","status":"publish","type":"product","link":"https:\/\/go-st.vizia.si\/?product=transportni-termo-box-tbc-6","title":{"rendered":"Transportni termo box TBC-6"},"content":{"rendered":"<p><strong>MAYWAY transportni zaboj<\/strong>, idealen za shranjevanje in varen transport pri catererjih, v hotelih, \u0161olah, bolni\u0161nicah, menzah, na dogodkih in \u0161e mnogo ve\u010d.<\/p>\n<h3 class=\"desc-headings\">Poudarki<\/h3>\n<ul>\n<li>Transportni zaboj z robustnim ohi\u0161jem iz polietilena<\/li>\n<li>Z izolacijo iz poliuretanske pene brez CFC<\/li>\n<li>Odli\u010dna sposobnost shranjevanja temperature do 4+ ur<\/li>\n<li>Izredno mo\u010dni te\u010daji in zapirala vrat<\/li>\n<li>Vrata z 270\u02da kotom odpiranja in gumijastim tesnilom po celotnem obodu<\/li>\n<li>Ergonomski, oblikovani ro\u010daji<\/li>\n<li>Oblikovane vodilne letve, do 12 posod GN 1\/1<\/li>\n<li>Ventilacijska kapica za izena\u010devanje tlaka<\/li>\n<li>Skladno s higienskimi in \u010distilnimi merili<\/li>\n<li>Posode so zlo\u017eljive<\/li>\n<\/ul>\n<h3 class=\"desc-headings\">Informacije o izdelku<\/h3>\n<p><strong>Vsebina, predlog za polnjenje:<\/strong><br \/><a href=\"https:\/\/www.mayway.eu\/gn-behaelter-11065-gn-1\/1-65-mm\" target=\"_self\">6 x 65 mm<\/a><br \/><a href=\"https:\/\/www.mayway.eu\/gn-behaelter-11100-gn-1\/1-100-mm\" target=\"_self\">4 x 100 mm<\/a><br \/><a href=\"https:\/\/www.mayway.eu\/gn-behaelter-11150-gn-1\/1-150-mm\" target=\"_self\">3 x 150 mm<\/a><br \/><a href=\"https:\/\/www.mayway.eu\/gn-behaelter-11200-gn-1\/1-200-mm\" target=\"_self\">2 x 200 mm<\/a><\/p>\n<h3 class=\"desc-headings\">Tehni\u010dne informacije<\/h3>\n<ul>\n<li>Kapaciteta: do 12 GN posod 1\/1<\/li>\n<li>Koristna prostornina: 90 l<\/li>\n<li>Notranje mere: 33,5 x 53,3 x 49 cm (\u0160xGxV)<\/li>\n<li>Zunanje mere: 47,7 x 68 x 62 cm (\u0160xGxV)<\/li>\n<\/ul>\n","protected":false},"excerpt":{"rendered":"<p>Kapaciteta: do 12 GN-posod 1\/1<br \/>Koristna prostornina: 90 l.<br \/>Notranje dimenzije: 33,5 x 53,3 x 49 cm (\u0160xGxV)<br \/>Zunanje mere: 47,7 x 68 x 62 cm (\u0160xGxV)<\/p>\n","protected":false},"featured_media":82039,"comment_status":"open","ping_status":"closed","template":"","meta":{"_acf_changed":false},"product_brand":[],"product_cat":[102],"product_tag":[],"class_list":{"0":"post-82001","1":"product","2":"type-product","3":"status-publish","4":"has-post-thumbnail","6":"product_cat-termo-posode","8":"first","9":"instock","10":"shipping-taxable","11":"purchasable","12":"product-type-simple"},"acf":[],"_links":{"self":[{"href":"https:\/\/go-st.vizia.si\/index.php?rest_route=\/wp\/v2\/product\/82001","targetHints":{"allow":["GET"]}}],"collection":[{"href":"https:\/\/go-st.vizia.si\/index.php?rest_route=\/wp\/v2\/product"}],"about":[{"href":"https:\/\/go-st.vizia.si\/index.php?rest_route=\/wp\/v2\/types\/product"}],"replies":[{"embeddable":true,"href":"https:\/\/go-st.vizia.si\/index.php?rest_route=%2Fwp%2Fv2%2Fcomments&post=82001"}],"wp:featuredmedia":[{"embeddable":true,"href":"https:\/\/go-st.vizia.si\/index.php?rest_route=\/wp\/v2\/media\/82039"}],"wp:attachment":[{"href":"https:\/\/go-st.vizia.si\/index.php?rest_route=%2Fwp%2Fv2%2Fmedia&parent=82001"}],"wp:term":[{"taxonomy":"product_brand","embeddable":true,"href":"https:\/\/go-st.vizia.si\/index.php?rest_route=%2Fwp%2Fv2%2Fproduct_brand&post=82001"},{"taxonomy":"product_cat","embeddable":true,"href":"https:\/\/go-st.vizia.si\/index.php?rest_route=%2Fwp%2Fv2%2Fproduct_cat&post=82001"},{"taxonomy":"product_tag","embeddable":true,"href":"https:\/\/go-st.vizia.si\/index.php?rest_route=%2Fwp%2Fv2%2Fproduct_tag&post=82001"}],"curies":[{"name":"wp","href":"https:\/\/api.w.org\/{rel}","templated":true}]}}