{"id":82047,"date":"2026-01-29T18:01:30","date_gmt":"2026-01-29T18:01:30","guid":{"rendered":"https:\/\/go-st.vizia.si\/?post_type=product&#038;p=82047"},"modified":"2026-02-12T09:49:22","modified_gmt":"2026-02-12T09:49:22","slug":"servirni-vozicek-cart-4","status":"publish","type":"product","link":"https:\/\/go-st.vizia.si\/?product=servirni-vozicek-cart-4","title":{"rendered":"Servirni vozi\u010dek Cart 4"},"content":{"rendered":"<h3 class=\"desc-headings\">Poudarki<\/h3>\n<ul>\n<li>Robustna izvedba iz nerjave\u010dega jekla<\/li>\n<li>Stabilen okrogel okvir<\/li>\n<li>4 globoko vle\u010dene police, enostavne za \u010di\u0161\u010denje<\/li>\n<li>4 vrtljiva kolesa z za\u0161\u010dito pred trkom<\/li>\n<li>2 kolesa z zavoro<\/li>\n<\/ul>\n<h3 class=\"desc-headings\">Informacije o izdelku<\/h3>\n<ul>\n<li>Najve\u010dja obremenitev: pribl. 40 kg \/ polica<\/li>\n<li>Razdalja med policami: pribl. 27 cm<\/li>\n<li>Dimenzije: 85,5 x 53,5 x 127,5 cm (\u0160xGxV)<\/li>\n<\/ul>\n","protected":false},"excerpt":{"rendered":"<p>S 4 policami<br \/>Najve\u010dja obremenitev: pribli\u017eno 40 kg \/ polica<br \/>Razdalja med policami: pribli\u017eno 27 cm<br \/>Dimenzije: 85,5 x 53,5 x 127,5 cm (\u0160xGxV)<\/p>\n","protected":false},"featured_media":82094,"comment_status":"open","ping_status":"closed","template":"","meta":{"_acf_changed":false},"product_brand":[],"product_cat":[31],"product_tag":[],"class_list":{"0":"post-82047","1":"product","2":"type-product","3":"status-publish","4":"has-post-thumbnail","6":"product_cat-vozicki-za-serviranje","8":"first","9":"instock","10":"shipping-taxable","11":"purchasable","12":"product-type-simple"},"acf":[],"_links":{"self":[{"href":"https:\/\/go-st.vizia.si\/index.php?rest_route=\/wp\/v2\/product\/82047","targetHints":{"allow":["GET"]}}],"collection":[{"href":"https:\/\/go-st.vizia.si\/index.php?rest_route=\/wp\/v2\/product"}],"about":[{"href":"https:\/\/go-st.vizia.si\/index.php?rest_route=\/wp\/v2\/types\/product"}],"replies":[{"embeddable":true,"href":"https:\/\/go-st.vizia.si\/index.php?rest_route=%2Fwp%2Fv2%2Fcomments&post=82047"}],"wp:featuredmedia":[{"embeddable":true,"href":"https:\/\/go-st.vizia.si\/index.php?rest_route=\/wp\/v2\/media\/82094"}],"wp:attachment":[{"href":"https:\/\/go-st.vizia.si\/index.php?rest_route=%2Fwp%2Fv2%2Fmedia&parent=82047"}],"wp:term":[{"taxonomy":"product_brand","embeddable":true,"href":"https:\/\/go-st.vizia.si\/index.php?rest_route=%2Fwp%2Fv2%2Fproduct_brand&post=82047"},{"taxonomy":"product_cat","embeddable":true,"href":"https:\/\/go-st.vizia.si\/index.php?rest_route=%2Fwp%2Fv2%2Fproduct_cat&post=82047"},{"taxonomy":"product_tag","embeddable":true,"href":"https:\/\/go-st.vizia.si\/index.php?rest_route=%2Fwp%2Fv2%2Fproduct_tag&post=82047"}],"curies":[{"name":"wp","href":"https:\/\/api.w.org\/{rel}","templated":true}]}}