{"id":82054,"date":"2026-01-29T18:01:30","date_gmt":"2026-01-29T18:01:30","guid":{"rendered":"https:\/\/go-st.vizia.si\/?post_type=product&#038;p=82054"},"modified":"2026-02-11T07:36:32","modified_gmt":"2026-02-11T07:36:32","slug":"vozicek-za-transport-hrane-ergo-line-ac8","status":"publish","type":"product","link":"https:\/\/go-st.vizia.si\/?product=vozicek-za-transport-hrane-ergo-line-ac8","title":{"rendered":"Vozi\u010dek za transport hrane ERGO LINE AC8"},"content":{"rendered":"<p>Vozi\u010dek za transport hrane ERGO LINE AC8 , je narejen po visokih standardih tehnologije Temp-Stop, kar pomeni ve\u010djo izolativnost in zmanj\u0161anje porabe energije. Regali so snemljivi \u2013 enostavno \u010di\u0161\u010denje. Nastavljiva temperatura od + 3\u00b0C do&nbsp; + 10\u00b0C. Led lu\u010dka opozarja, kdaj je v naprej dolo\u010dena temperatura dose\u017eena. Vrata se odpirajo pod kotom 270\u00b0. Ergonomske ro\u010dke na hrbtni strani omogo\u010dajo enostavno in varno delovanje. Zaradi aktivnega hlajenja je primeren za prevoz in hranjenje hladne hrane.<\/p>\n<p><\/p>\n<p><iframe loading=\"lazy\" src=\"\/\/www.youtube.com\/embed\/Y9-GGm8uI08\" class=\"note-video-clip\" width=\"640\" height=\"360\" frameborder=\"0\"><\/iframe><\/p>\n","protected":false},"excerpt":{"rendered":"<p>Vozi\u010dek za transport hrane ERGO LINE AC8 , je narejen po visokih standardih tehnologije Temp-Stop, kar pomeni ve\u010djo izolativnost in zmanj\u0161anje porabe energije. Regali so snemljivi \u2013 enostavno \u010di\u0161\u010denje. Nastavljiva temperatura od + 3\u00b0C do&nbsp; + 10\u00b0C. Led lu\u010dka opozarja, kdaj je v naprej dolo\u010dena temperatura dose\u017eena. Vrata se odpirajo pod kotom 270\u00b0. Ergonomske ro\u010dke [&hellip;]<\/p>\n","protected":false},"featured_media":82101,"comment_status":"open","ping_status":"closed","template":"","meta":{"_acf_changed":false},"product_brand":[266],"product_cat":[101],"product_tag":[],"class_list":{"0":"post-82054","1":"product","2":"type-product","3":"status-publish","4":"has-post-thumbnail","6":"product_brand-scanbox","7":"product_cat-vozicki-za-transport-hrane","9":"first","10":"instock","11":"shipping-taxable","12":"purchasable","13":"product-type-simple"},"acf":[],"_links":{"self":[{"href":"https:\/\/go-st.vizia.si\/index.php?rest_route=\/wp\/v2\/product\/82054","targetHints":{"allow":["GET"]}}],"collection":[{"href":"https:\/\/go-st.vizia.si\/index.php?rest_route=\/wp\/v2\/product"}],"about":[{"href":"https:\/\/go-st.vizia.si\/index.php?rest_route=\/wp\/v2\/types\/product"}],"replies":[{"embeddable":true,"href":"https:\/\/go-st.vizia.si\/index.php?rest_route=%2Fwp%2Fv2%2Fcomments&post=82054"}],"wp:featuredmedia":[{"embeddable":true,"href":"https:\/\/go-st.vizia.si\/index.php?rest_route=\/wp\/v2\/media\/82101"}],"wp:attachment":[{"href":"https:\/\/go-st.vizia.si\/index.php?rest_route=%2Fwp%2Fv2%2Fmedia&parent=82054"}],"wp:term":[{"taxonomy":"product_brand","embeddable":true,"href":"https:\/\/go-st.vizia.si\/index.php?rest_route=%2Fwp%2Fv2%2Fproduct_brand&post=82054"},{"taxonomy":"product_cat","embeddable":true,"href":"https:\/\/go-st.vizia.si\/index.php?rest_route=%2Fwp%2Fv2%2Fproduct_cat&post=82054"},{"taxonomy":"product_tag","embeddable":true,"href":"https:\/\/go-st.vizia.si\/index.php?rest_route=%2Fwp%2Fv2%2Fproduct_tag&post=82054"}],"curies":[{"name":"wp","href":"https:\/\/api.w.org\/{rel}","templated":true}]}}