{"id":82061,"date":"2026-01-29T18:01:30","date_gmt":"2026-01-29T18:01:30","guid":{"rendered":"https:\/\/go-st.vizia.si\/?post_type=product&#038;p=82061"},"modified":"2026-05-05T12:32:08","modified_gmt":"2026-05-05T12:32:08","slug":"zamrzovalna-skrinja-sd-390f-sd-390f","status":"publish","type":"product","link":"https:\/\/go-st.vizia.si\/?product=zamrzovalna-skrinja-sd-390f-sd-390f","title":{"rendered":"Zamrzovalna skrinja SD-390F, SD-390F"},"content":{"rendered":"<p>Zanesljive in u\u010dinkovite <strong>zamrzovalne skrinje Mayway<\/strong> so idealne za stalno uporabo. Primerne so za shranjevanje mesa, rib, zelenjave, sladoleda in mnogih drugih \u017eivil, zaradi uporabe ekolo\u0161ko neopore\u010dnega hladilnega sredstva R290 pa so \u0161e posebej <strong>okolju prijazne in var\u010dne<\/strong>. <\/p>\n<h3 class=\"desc-headings\">Poudarki<\/h3>\n<ul>\n<li>Var\u010den z energijo <\/li>\n<li>Okolju prijazen<\/li>\n<li>Moderen dizajn <\/li>\n<li>Steklena drsna pokrova<\/li>\n<li>Enostavno premikanje <\/li>\n<\/ul>\n<h3 class=\"desc-headings\">Informacije o izdelku<\/h3>\n<ul>\n<li>Stekleni drsni pokrov<\/li>\n<li>Vklju\u010den komplet koles<\/li>\n<\/ul>\n<h3 class=\"desc-headings\">Tehni\u010dne informacije<\/h3>\n<ul>\n<li>Stati\u010dno hlajenje<\/li>\n<li>Hladilno sredstvo: R290<\/li>\n<li>Temperaturno obmo\u010dje: -15\u00b0\/-18\u00b0C<\/li>\n<li>Priklju\u010dek: 230 V \/ 250 W<\/li>\n<li>Dimenzije: 119,9 x 66,5 x 86 cm (\u0160xGxV)<\/li>\n<\/ul>\n<h3 class=\"desc-headings\">Prilo\u017eena oprema<\/h3>\n<ul>\n<li>1 ko\u0161ara<\/li>\n<\/ul>\n","protected":false},"excerpt":{"rendered":"<p>Koristna prostornina: 390 l.<br \/>Povezava: 230 V \/ 250 W<br \/>Dimenzije: 119,9 x 66,5 x 86 cm (\u0160xGxV)<\/p>\n","protected":false},"featured_media":82504,"comment_status":"open","ping_status":"closed","template":"","meta":{"_acf_changed":false},"product_brand":[166],"product_cat":[3126],"product_tag":[],"class_list":{"0":"post-82061","1":"product","2":"type-product","3":"status-publish","4":"has-post-thumbnail","6":"product_brand-mayway","7":"product_cat-odstranit","9":"first","10":"instock","11":"shipping-taxable","12":"purchasable","13":"product-type-simple"},"acf":[],"_links":{"self":[{"href":"https:\/\/go-st.vizia.si\/index.php?rest_route=\/wp\/v2\/product\/82061","targetHints":{"allow":["GET"]}}],"collection":[{"href":"https:\/\/go-st.vizia.si\/index.php?rest_route=\/wp\/v2\/product"}],"about":[{"href":"https:\/\/go-st.vizia.si\/index.php?rest_route=\/wp\/v2\/types\/product"}],"replies":[{"embeddable":true,"href":"https:\/\/go-st.vizia.si\/index.php?rest_route=%2Fwp%2Fv2%2Fcomments&post=82061"}],"wp:featuredmedia":[{"embeddable":true,"href":"https:\/\/go-st.vizia.si\/index.php?rest_route=\/wp\/v2\/media\/82504"}],"wp:attachment":[{"href":"https:\/\/go-st.vizia.si\/index.php?rest_route=%2Fwp%2Fv2%2Fmedia&parent=82061"}],"wp:term":[{"taxonomy":"product_brand","embeddable":true,"href":"https:\/\/go-st.vizia.si\/index.php?rest_route=%2Fwp%2Fv2%2Fproduct_brand&post=82061"},{"taxonomy":"product_cat","embeddable":true,"href":"https:\/\/go-st.vizia.si\/index.php?rest_route=%2Fwp%2Fv2%2Fproduct_cat&post=82061"},{"taxonomy":"product_tag","embeddable":true,"href":"https:\/\/go-st.vizia.si\/index.php?rest_route=%2Fwp%2Fv2%2Fproduct_tag&post=82061"}],"curies":[{"name":"wp","href":"https:\/\/api.w.org\/{rel}","templated":true}]}}