{"id":82071,"date":"2026-01-29T18:01:31","date_gmt":"2026-01-29T18:01:31","guid":{"rendered":"https:\/\/go-st.vizia.si\/?post_type=product&#038;p=82071"},"modified":"2026-03-21T08:46:10","modified_gmt":"2026-03-21T08:46:10","slug":"zamrzovalna-komora-mz-100-whi-bt","status":"publish","type":"product","link":"https:\/\/go-st.vizia.si\/?product=zamrzovalna-komora-mz-100-whi-bt","title":{"rendered":"Zamrzovalna komora, MZ 100 WHI BT"},"content":{"rendered":"<p><span>Veliko prostora na majhni povr\u0161ini! Idealna za hitro in u\u010dinkovito hlajenje, <strong>MAYWAY komorna zamrzovalna skrinja<\/strong> ponuja tudi optimalno izkori\u0161\u010denost prostora. Profesionalna in visokokakovostna re\u0161itev, primerna za vsa podro\u010dja gastronomije in velike kuhinje. Zaradi <strong>kompaktnih dimenzij 100 x 100 x 212 cm<\/strong> in enostavne namestitve je ta <strong>mini hladilna celica <\/strong>prakti\u010dna alternativa tradicionalnim mo\u017enostim hlajenja. Optimalna za shranjevanje mesnih in mle\u010dnih izdelkov, pa tudi tort, pija\u010d in drugih \u017eivil. <strong>Obse\u017ena dodatna oprema<\/strong>, kot so sistem za obe\u0161anje mesa, police in re\u0161etke, omogo\u010da <strong>idealno izkori\u0161\u010danje notranjega prostora<\/strong>.<br \/><\/span><\/p>\n<h3 class=\"desc-headings\">Poudarki<\/h3>\n<ul>\n<li><strong>Prostorsko var\u010den:<\/strong> popolno hlajenje tudi na majhni povr\u0161ini<\/li>\n<li><strong>Ohi\u0161je in notranjost:<\/strong> pocinkana jeklena plo\u010devina, belo lakirana<\/li>\n<li><strong>Dno celice:<\/strong> iz visokokakovostnega nerjave\u010dega jekla<\/li>\n<li><strong>Sistem polic:<\/strong> individualno oblikovljiv in enostaven za odstranitev<\/li>\n<li><strong>Panelna konstrukcija:<\/strong> enostavna namestitev, dostava v razstavljenem stanju<\/li>\n<li><strong>Ultra hitra monta\u017ea:<\/strong> s samocentrirnim spojem z utorom in jezi\u010dkom ter zapahi s kavlji<\/li>\n<li><strong>Upravljanje:<\/strong> digitalni regulator z digitalnim prikazom temperature<\/li>\n<li><strong>Vrata:<\/strong> 6 cm polna vrata, samozapirala z magnetnim tesnilom<\/li>\n<li><strong>Vratni te\u010daj:<\/strong> po \u017eelji zamenljiv<\/li>\n<li><strong>Monoblok hladilni sistem<\/strong>: Prezra\u010devanje, brez izparilnika v notranjosti<\/li>\n<li><strong>Kondenzator:<\/strong> Podprt z ventilatorjem<\/li>\n<li><strong>Odtaljevanje:<\/strong> Avtomatsko z izhlapevanjem odtaljene vode<\/li>\n<li><strong>Izolacija:<\/strong> 6 cm visokotla\u010dna brizgana iz FCKW-proste poliuretanske pene<\/li>\n<\/ul>\n<h3 class=\"desc-headings\">Tehni\u010dne informacije<\/h3>\n<ul>\n<li>Pripravljen za priklop<\/li>\n<li>Vsebina: 1.315 l<\/li>\n<li>Temperaturno obmo\u010dje: -18\u00b0\/-20\u00b0C<\/li>\n<li>Vrata: desna<\/li>\n<li>Vrata: 70 x 168 cm (\u0160xV)<\/li>\n<li>Hladilno sredstvo: R452a<\/li>\n<li>Povezovalna vrednost: 230 V \/ 700 W<\/li>\n<li>Notranje mere: 88 x 88 x 170 cm (\u0160xGxV)<\/li>\n<li>Zunanje mere: 100 x 100 x 212 cm (\u0160xGxV)<\/li>\n<\/ul>\n<h3 class=\"desc-headings\">Prilo\u017eena oprema<\/h3>\n<ul>\n<li>3 police 88 x 40 cm (\u0160xG)<\/li>\n<\/ul>\n","protected":false},"excerpt":{"rendered":"<p>Vsebina: 1.315 l.<br \/>Temperaturno obmo\u010dje: -18\u00b0\/-22\u00b0C<br \/><span>Vrata: desna<\/span><br \/>Povezava: 230 V \/ 700 W<br \/>Notranje mere: 88 x 88 x 170 cm (\u0160xGxV)<br \/>Zunanje mere: 100 x 100 x 212 cm (\u0160xGxV)<\/p>\n","protected":false},"featured_media":82246,"comment_status":"open","ping_status":"closed","template":"","meta":{"_acf_changed":false},"product_brand":[166],"product_cat":[91],"product_tag":[],"class_list":{"0":"post-82071","1":"product","2":"type-product","3":"status-publish","4":"has-post-thumbnail","6":"product_brand-mayway","7":"product_cat-zamrzovalne-omare","9":"first","10":"instock","11":"shipping-taxable","12":"purchasable","13":"product-type-simple"},"acf":[],"_links":{"self":[{"href":"https:\/\/go-st.vizia.si\/index.php?rest_route=\/wp\/v2\/product\/82071","targetHints":{"allow":["GET"]}}],"collection":[{"href":"https:\/\/go-st.vizia.si\/index.php?rest_route=\/wp\/v2\/product"}],"about":[{"href":"https:\/\/go-st.vizia.si\/index.php?rest_route=\/wp\/v2\/types\/product"}],"replies":[{"embeddable":true,"href":"https:\/\/go-st.vizia.si\/index.php?rest_route=%2Fwp%2Fv2%2Fcomments&post=82071"}],"wp:featuredmedia":[{"embeddable":true,"href":"https:\/\/go-st.vizia.si\/index.php?rest_route=\/wp\/v2\/media\/82246"}],"wp:attachment":[{"href":"https:\/\/go-st.vizia.si\/index.php?rest_route=%2Fwp%2Fv2%2Fmedia&parent=82071"}],"wp:term":[{"taxonomy":"product_brand","embeddable":true,"href":"https:\/\/go-st.vizia.si\/index.php?rest_route=%2Fwp%2Fv2%2Fproduct_brand&post=82071"},{"taxonomy":"product_cat","embeddable":true,"href":"https:\/\/go-st.vizia.si\/index.php?rest_route=%2Fwp%2Fv2%2Fproduct_cat&post=82071"},{"taxonomy":"product_tag","embeddable":true,"href":"https:\/\/go-st.vizia.si\/index.php?rest_route=%2Fwp%2Fv2%2Fproduct_tag&post=82071"}],"curies":[{"name":"wp","href":"https:\/\/api.w.org\/{rel}","templated":true}]}}