{"id":82127,"date":"2026-01-29T18:01:53","date_gmt":"2026-01-29T18:01:53","guid":{"rendered":"https:\/\/go-st.vizia.si\/?post_type=product&#038;p=82127"},"modified":"2026-02-11T07:36:37","modified_gmt":"2026-02-11T07:36:37","slug":"hladilna-komora-domino","status":"publish","type":"product","link":"https:\/\/go-st.vizia.si\/?product=hladilna-komora-domino","title":{"rendered":"Hladilna komora, DOMINO"},"content":{"rendered":"<p>Debelina izolacije: 8 cm<br \/>Tla iz nerjave\u010dega jekla,<br \/>vrtljiva vrata, svetle odprtine 70x189 cm.<br \/>Vrata s klju\u010davnico in odpiranjem v sili.<br \/>Mo\u017enost zamenjave smeri odpiranja vrat<br \/>Prostornina: 3,4 m\u00b3<br \/>Notranje dimenzije (\u0160xGxV):<br \/>134 x 134 x 189 cm<br \/>Zunanje dimenzije (\u0160xGxV):<br \/>150 x 150 x 205 cm<\/p>\n","protected":false},"excerpt":{"rendered":"<p>Debelina izolacije: 8 cmTla iz nerjave\u010dega jekla,vrtljiva vrata, svetle odprtine 70x189 cm.Vrata s klju\u010davnico in odpiranjem v sili.Mo\u017enost zamenjave smeri odpiranja vratProstornina: 3,4 m\u00b3Notranje dimenzije (\u0160xGxV):134 x 134 x 189 cmZunanje dimenzije (\u0160xGxV):150 x 150 x 205 cm<\/p>\n","protected":false},"featured_media":82183,"comment_status":"open","ping_status":"closed","template":"","meta":{"_acf_changed":false},"product_brand":[166],"product_cat":[99],"product_tag":[],"class_list":{"0":"post-82127","1":"product","2":"type-product","3":"status-publish","4":"has-post-thumbnail","6":"product_brand-mayway","7":"product_cat-hladilne-komore","9":"first","10":"instock","11":"shipping-taxable","12":"purchasable","13":"product-type-simple"},"acf":[],"_links":{"self":[{"href":"https:\/\/go-st.vizia.si\/index.php?rest_route=\/wp\/v2\/product\/82127","targetHints":{"allow":["GET"]}}],"collection":[{"href":"https:\/\/go-st.vizia.si\/index.php?rest_route=\/wp\/v2\/product"}],"about":[{"href":"https:\/\/go-st.vizia.si\/index.php?rest_route=\/wp\/v2\/types\/product"}],"replies":[{"embeddable":true,"href":"https:\/\/go-st.vizia.si\/index.php?rest_route=%2Fwp%2Fv2%2Fcomments&post=82127"}],"wp:featuredmedia":[{"embeddable":true,"href":"https:\/\/go-st.vizia.si\/index.php?rest_route=\/wp\/v2\/media\/82183"}],"wp:attachment":[{"href":"https:\/\/go-st.vizia.si\/index.php?rest_route=%2Fwp%2Fv2%2Fmedia&parent=82127"}],"wp:term":[{"taxonomy":"product_brand","embeddable":true,"href":"https:\/\/go-st.vizia.si\/index.php?rest_route=%2Fwp%2Fv2%2Fproduct_brand&post=82127"},{"taxonomy":"product_cat","embeddable":true,"href":"https:\/\/go-st.vizia.si\/index.php?rest_route=%2Fwp%2Fv2%2Fproduct_cat&post=82127"},{"taxonomy":"product_tag","embeddable":true,"href":"https:\/\/go-st.vizia.si\/index.php?rest_route=%2Fwp%2Fv2%2Fproduct_tag&post=82127"}],"curies":[{"name":"wp","href":"https:\/\/api.w.org\/{rel}","templated":true}]}}