{"id":82205,"date":"2026-01-29T18:02:13","date_gmt":"2026-01-29T18:02:13","guid":{"rendered":"https:\/\/go-st.vizia.si\/?post_type=product&#038;p=82205"},"modified":"2026-02-11T07:36:42","modified_gmt":"2026-02-11T07:36:42","slug":"hladilna-omara-by-800","status":"publish","type":"product","link":"https:\/\/go-st.vizia.si\/?product=hladilna-omara-by-800","title":{"rendered":"Hladilna omara BY 800"},"content":{"rendered":"<p>Hladilna omara BY 800 je v celoti narejena iz inoxa. Opremljena je s stati\u010dnim hlajenjem in avtomatskim odtajevanjem. Debelina izolacije je 60 mm. Izredno kvalitetna magnetna tesnila vrat, katera se lahko tudi zamenjajo. Led osvetlitev. Vrata se lahko nastavi po \u017eelji \u2013 levo ali desno odpiranje. Vrata se zapirajo sama in s tem se prepre\u010di odve\u010dno uhajanje hladnega zraka. Vklju\u010dena klju\u010davnica. Primerna za pekarstvo in sla\u0161\u010di\u010darstvo. <\/p>\n<p>Zmogljivost:<br \/>-10 pekarskih peka\u010dev 600 x 800 mm<br \/>-20 pekarskih peka\u010dev 600 x 400 mm<br \/>Police niso vklju\u010dene v ceno.<\/p>\n<p><\/p>\n","protected":false},"excerpt":{"rendered":"<p>Hladilna omara BY 800 je v celoti narejena iz inoxa. Opremljena je s stati\u010dnim hlajenjem in avtomatskim odtajevanjem. Debelina izolacije je 60 mm. Izredno kvalitetna magnetna tesnila vrat, katera se lahko tudi zamenjajo. Led osvetlitev. Vrata se lahko nastavi po \u017eelji \u2013 levo ali desno odpiranje. Vrata se zapirajo sama in s tem se prepre\u010di [&hellip;]<\/p>\n","protected":false},"featured_media":82251,"comment_status":"open","ping_status":"closed","template":"","meta":{"_acf_changed":false},"product_brand":[313],"product_cat":[90],"product_tag":[],"class_list":{"0":"post-82205","1":"product","2":"type-product","3":"status-publish","4":"has-post-thumbnail","6":"product_brand-cool-head","7":"product_cat-hladilne-omare","9":"first","10":"instock","11":"shipping-taxable","12":"purchasable","13":"product-type-simple"},"acf":[],"_links":{"self":[{"href":"https:\/\/go-st.vizia.si\/index.php?rest_route=\/wp\/v2\/product\/82205","targetHints":{"allow":["GET"]}}],"collection":[{"href":"https:\/\/go-st.vizia.si\/index.php?rest_route=\/wp\/v2\/product"}],"about":[{"href":"https:\/\/go-st.vizia.si\/index.php?rest_route=\/wp\/v2\/types\/product"}],"replies":[{"embeddable":true,"href":"https:\/\/go-st.vizia.si\/index.php?rest_route=%2Fwp%2Fv2%2Fcomments&post=82205"}],"wp:featuredmedia":[{"embeddable":true,"href":"https:\/\/go-st.vizia.si\/index.php?rest_route=\/wp\/v2\/media\/82251"}],"wp:attachment":[{"href":"https:\/\/go-st.vizia.si\/index.php?rest_route=%2Fwp%2Fv2%2Fmedia&parent=82205"}],"wp:term":[{"taxonomy":"product_brand","embeddable":true,"href":"https:\/\/go-st.vizia.si\/index.php?rest_route=%2Fwp%2Fv2%2Fproduct_brand&post=82205"},{"taxonomy":"product_cat","embeddable":true,"href":"https:\/\/go-st.vizia.si\/index.php?rest_route=%2Fwp%2Fv2%2Fproduct_cat&post=82205"},{"taxonomy":"product_tag","embeddable":true,"href":"https:\/\/go-st.vizia.si\/index.php?rest_route=%2Fwp%2Fv2%2Fproduct_tag&post=82205"}],"curies":[{"name":"wp","href":"https:\/\/api.w.org\/{rel}","templated":true}]}}