{"id":82206,"date":"2026-01-29T18:02:13","date_gmt":"2026-01-29T18:02:13","guid":{"rendered":"https:\/\/go-st.vizia.si\/?post_type=product&#038;p=82206"},"modified":"2026-02-11T07:36:42","modified_gmt":"2026-02-11T07:36:42","slug":"hladilnik-cr-2","status":"publish","type":"product","link":"https:\/\/go-st.vizia.si\/?product=hladilnik-cr-2","title":{"rendered":"Hladilnik CR 2"},"content":{"rendered":"<p>Hladilnik CR 2&nbsp;je narejen iz ABS materiala. Opremljen je z zra\u010dnim hlajenjem,&nbsp;avtomatskim odtajevanjem, alarmom&nbsp;in digitalnim termostatom. Debelina izolacije je&nbsp;60 mm. Odstranljiva tesnila. Vrata se lahko nastavi po \u017eelji \u2013 levo ali desno odpiranje.&nbsp; Dve nastavljivi&nbsp; polici in ena spodnja polica. Spredaj nastavljive nogice, zadaj kole\u0161\u010dka. Energijski razred A++.<\/p>\n<p>Ustvarjen je za popolno ohranitev vseh \u017eivil, zato je primeren za profesionalne kuhinje v hotelih, restavracijah, vrtcih, \u0161olah, pekarnah, sla\u0161\u010di\u010darnah, domovih za starej\u0161e ob\u010dane, bolni\u0161nicah, turisti\u010dnih kmetijah\u2026&nbsp;&nbsp;&nbsp;&nbsp;&nbsp;<\/p>\n","protected":false},"excerpt":{"rendered":"<p>Hladilnik CR 2&nbsp;je narejen iz ABS materiala. Opremljen je z zra\u010dnim hlajenjem,&nbsp;avtomatskim odtajevanjem, alarmom&nbsp;in digitalnim termostatom. Debelina izolacije je&nbsp;60 mm. Odstranljiva tesnila. Vrata se lahko nastavi po \u017eelji \u2013 levo ali desno odpiranje.&nbsp; Dve nastavljivi&nbsp; polici in ena spodnja polica. Spredaj nastavljive nogice, zadaj kole\u0161\u010dka. Energijski razred A++. Ustvarjen je za popolno ohranitev vseh \u017eivil, [&hellip;]<\/p>\n","protected":false},"featured_media":82259,"comment_status":"open","ping_status":"closed","template":"","meta":{"_acf_changed":false},"product_brand":[313],"product_cat":[90],"product_tag":[],"class_list":{"0":"post-82206","1":"product","2":"type-product","3":"status-publish","4":"has-post-thumbnail","6":"product_brand-cool-head","7":"product_cat-hladilne-omare","9":"first","10":"instock","11":"shipping-taxable","12":"purchasable","13":"product-type-simple"},"acf":[],"_links":{"self":[{"href":"https:\/\/go-st.vizia.si\/index.php?rest_route=\/wp\/v2\/product\/82206","targetHints":{"allow":["GET"]}}],"collection":[{"href":"https:\/\/go-st.vizia.si\/index.php?rest_route=\/wp\/v2\/product"}],"about":[{"href":"https:\/\/go-st.vizia.si\/index.php?rest_route=\/wp\/v2\/types\/product"}],"replies":[{"embeddable":true,"href":"https:\/\/go-st.vizia.si\/index.php?rest_route=%2Fwp%2Fv2%2Fcomments&post=82206"}],"wp:featuredmedia":[{"embeddable":true,"href":"https:\/\/go-st.vizia.si\/index.php?rest_route=\/wp\/v2\/media\/82259"}],"wp:attachment":[{"href":"https:\/\/go-st.vizia.si\/index.php?rest_route=%2Fwp%2Fv2%2Fmedia&parent=82206"}],"wp:term":[{"taxonomy":"product_brand","embeddable":true,"href":"https:\/\/go-st.vizia.si\/index.php?rest_route=%2Fwp%2Fv2%2Fproduct_brand&post=82206"},{"taxonomy":"product_cat","embeddable":true,"href":"https:\/\/go-st.vizia.si\/index.php?rest_route=%2Fwp%2Fv2%2Fproduct_cat&post=82206"},{"taxonomy":"product_tag","embeddable":true,"href":"https:\/\/go-st.vizia.si\/index.php?rest_route=%2Fwp%2Fv2%2Fproduct_tag&post=82206"}],"curies":[{"name":"wp","href":"https:\/\/api.w.org\/{rel}","templated":true}]}}