{"id":82208,"date":"2026-01-29T18:02:13","date_gmt":"2026-01-29T18:02:13","guid":{"rendered":"https:\/\/go-st.vizia.si\/?post_type=product&#038;p=82208"},"modified":"2026-02-11T07:36:42","modified_gmt":"2026-02-11T07:36:42","slug":"hladilna-omara-cr-6","status":"publish","type":"product","link":"https:\/\/go-st.vizia.si\/?product=hladilna-omara-cr-6","title":{"rendered":"Hladilna omara CR 6"},"content":{"rendered":"<p>Hladilna omara CR 6&nbsp;je narejena iz ABS materiala. Opremljena je z avtomatskim odtajevanjem, zra\u010dnim hlajenjem, alarmom in digitalnim termostatom. Debelina izolacije je 70 mm. Odstranljiva tesnila. Vrata se lahko nastavi po \u017eelji \u2013 levo ali desno odpiranje. Vrata se zapirajo sama in s tem se prepre\u010di odve\u010dno uhajanje hladnega zraka. Standardno zaklepanje. \u0160tiri nastavljive police + ena spodnja polica. Spredaj nastavljive nogice, zadaj kole\u0161\u010dka. Energijski razred A.<\/p>\n<p>Ustvarjena je za popolno ohranitev vseh \u017eivil, zato je primerna za profesionalne kuhinje v hotelih, restavracijah, vrtcih, \u0161olah, pekarnah, sla\u0161\u010di\u010darnah, domovih za starej\u0161e ob\u010dane, bolni\u0161nicah, turisti\u010dnih kmetijah\u2026&nbsp;&nbsp;&nbsp;&nbsp;&nbsp;<\/p>\n","protected":false},"excerpt":{"rendered":"<p>Hladilna omara CR 6&nbsp;je narejena iz ABS materiala. Opremljena je z avtomatskim odtajevanjem, zra\u010dnim hlajenjem, alarmom in digitalnim termostatom. Debelina izolacije je 70 mm. Odstranljiva tesnila. Vrata se lahko nastavi po \u017eelji \u2013 levo ali desno odpiranje. Vrata se zapirajo sama in s tem se prepre\u010di odve\u010dno uhajanje hladnega zraka. Standardno zaklepanje. \u0160tiri nastavljive police [&hellip;]<\/p>\n","protected":false},"featured_media":82270,"comment_status":"open","ping_status":"closed","template":"","meta":{"_acf_changed":false},"product_brand":[313],"product_cat":[90],"product_tag":[],"class_list":{"0":"post-82208","1":"product","2":"type-product","3":"status-publish","4":"has-post-thumbnail","6":"product_brand-cool-head","7":"product_cat-hladilne-omare","9":"first","10":"instock","11":"shipping-taxable","12":"purchasable","13":"product-type-simple"},"acf":[],"_links":{"self":[{"href":"https:\/\/go-st.vizia.si\/index.php?rest_route=\/wp\/v2\/product\/82208","targetHints":{"allow":["GET"]}}],"collection":[{"href":"https:\/\/go-st.vizia.si\/index.php?rest_route=\/wp\/v2\/product"}],"about":[{"href":"https:\/\/go-st.vizia.si\/index.php?rest_route=\/wp\/v2\/types\/product"}],"replies":[{"embeddable":true,"href":"https:\/\/go-st.vizia.si\/index.php?rest_route=%2Fwp%2Fv2%2Fcomments&post=82208"}],"wp:featuredmedia":[{"embeddable":true,"href":"https:\/\/go-st.vizia.si\/index.php?rest_route=\/wp\/v2\/media\/82270"}],"wp:attachment":[{"href":"https:\/\/go-st.vizia.si\/index.php?rest_route=%2Fwp%2Fv2%2Fmedia&parent=82208"}],"wp:term":[{"taxonomy":"product_brand","embeddable":true,"href":"https:\/\/go-st.vizia.si\/index.php?rest_route=%2Fwp%2Fv2%2Fproduct_brand&post=82208"},{"taxonomy":"product_cat","embeddable":true,"href":"https:\/\/go-st.vizia.si\/index.php?rest_route=%2Fwp%2Fv2%2Fproduct_cat&post=82208"},{"taxonomy":"product_tag","embeddable":true,"href":"https:\/\/go-st.vizia.si\/index.php?rest_route=%2Fwp%2Fv2%2Fproduct_tag&post=82208"}],"curies":[{"name":"wp","href":"https:\/\/api.w.org\/{rel}","templated":true}]}}