{"id":82209,"date":"2026-01-29T18:02:13","date_gmt":"2026-01-29T18:02:13","guid":{"rendered":"https:\/\/go-st.vizia.si\/?post_type=product&#038;p=82209"},"modified":"2026-02-11T07:36:42","modified_gmt":"2026-02-11T07:36:42","slug":"hladilna-omara-cr-7","status":"publish","type":"product","link":"https:\/\/go-st.vizia.si\/?product=hladilna-omara-cr-7","title":{"rendered":"Hladilna omara CR 7"},"content":{"rendered":"<p>Hladilna omara&nbsp; CR 7 je v celoti narejena iz Inoxa . Opremljena je z zra\u010dnim hlajenjem in avtomatskim odtajevanjem. Upravlja se s Touch screen zaslonom. Debelina izolacije je 85 mm.&nbsp; Izredno kvalitetna magnetna tesnila vrat, katera se lahko tudi zamenjajo. Notranja led osvetlitev. Vrata se lahko nastavi po \u017eelji \u2013 levo ali desno odpiranje. Vrata se zapirajo sama in s tem se prepre\u010di odve\u010dno uhajanje hladnega zraka. Vklju\u010dena klju\u010davnica. Tri nastavljive police GN2\/1, katere se lahko postavi na&nbsp; 17 polo\u017eajev. Spodnja polica. Nastavljive nogice. Energijski razred A.<br \/>Ustvarjena je za popolno ohranitev vseh \u017eivil, zato je primerna za profesionalne kuhinje v hotelih, restavracijah, vrtcih, \u0161olah, pekarnah, sla\u0161\u010di\u010darnah, domovih za starej\u0161e ob\u010dane, bolni\u0161nicah, turisti\u010dnih kmetijah\u2026&nbsp;&nbsp;&nbsp; &nbsp;<\/p>\n<p><\/p>\n","protected":false},"excerpt":{"rendered":"<p>Hladilna omara&nbsp; CR 7 je v celoti narejena iz Inoxa . Opremljena je z zra\u010dnim hlajenjem in avtomatskim odtajevanjem. Upravlja se s Touch screen zaslonom. Debelina izolacije je 85 mm.&nbsp; Izredno kvalitetna magnetna tesnila vrat, katera se lahko tudi zamenjajo. Notranja led osvetlitev. Vrata se lahko nastavi po \u017eelji \u2013 levo ali desno odpiranje. Vrata [&hellip;]<\/p>\n","protected":false},"featured_media":82275,"comment_status":"open","ping_status":"closed","template":"","meta":{"_acf_changed":false},"product_brand":[313],"product_cat":[90],"product_tag":[],"class_list":{"0":"post-82209","1":"product","2":"type-product","3":"status-publish","4":"has-post-thumbnail","6":"product_brand-cool-head","7":"product_cat-hladilne-omare","9":"first","10":"instock","11":"shipping-taxable","12":"purchasable","13":"product-type-simple"},"acf":[],"_links":{"self":[{"href":"https:\/\/go-st.vizia.si\/index.php?rest_route=\/wp\/v2\/product\/82209","targetHints":{"allow":["GET"]}}],"collection":[{"href":"https:\/\/go-st.vizia.si\/index.php?rest_route=\/wp\/v2\/product"}],"about":[{"href":"https:\/\/go-st.vizia.si\/index.php?rest_route=\/wp\/v2\/types\/product"}],"replies":[{"embeddable":true,"href":"https:\/\/go-st.vizia.si\/index.php?rest_route=%2Fwp%2Fv2%2Fcomments&post=82209"}],"wp:featuredmedia":[{"embeddable":true,"href":"https:\/\/go-st.vizia.si\/index.php?rest_route=\/wp\/v2\/media\/82275"}],"wp:attachment":[{"href":"https:\/\/go-st.vizia.si\/index.php?rest_route=%2Fwp%2Fv2%2Fmedia&parent=82209"}],"wp:term":[{"taxonomy":"product_brand","embeddable":true,"href":"https:\/\/go-st.vizia.si\/index.php?rest_route=%2Fwp%2Fv2%2Fproduct_brand&post=82209"},{"taxonomy":"product_cat","embeddable":true,"href":"https:\/\/go-st.vizia.si\/index.php?rest_route=%2Fwp%2Fv2%2Fproduct_cat&post=82209"},{"taxonomy":"product_tag","embeddable":true,"href":"https:\/\/go-st.vizia.si\/index.php?rest_route=%2Fwp%2Fv2%2Fproduct_tag&post=82209"}],"curies":[{"name":"wp","href":"https:\/\/api.w.org\/{rel}","templated":true}]}}