{"id":82217,"date":"2026-01-29T18:02:13","date_gmt":"2026-01-29T18:02:13","guid":{"rendered":"https:\/\/go-st.vizia.si\/?post_type=product&#038;p=82217"},"modified":"2026-02-11T07:36:43","modified_gmt":"2026-02-11T07:36:43","slug":"hladilna-omara-rcg-1390","status":"publish","type":"product","link":"https:\/\/go-st.vizia.si\/?product=hladilna-omara-rcg-1390","title":{"rendered":"Hladilna omara RCG 1390"},"content":{"rendered":"<p>Hladilna omara RCG 1390 je v celoti narejena iz inoxa. Opremljena je z zra\u010dnim hlajenjem, avtomatskim odtajevanjem in digitalnim termostatom. Debelina izolacije je 75 mm. Odstranljiva tesnila. Led osvetlitev. Vrata se lahko nastavi po \u017eelji \u2013 levo ali desno odpiranje. Dvoja vrata. Vrata se zapirajo sama in s tem se prepre\u010di odve\u010dno uhajanje hladnega zraka. Vklju\u010deni dve klju\u010davnici.&nbsp;6+2 nastavljivih polic GN2\/1 . Nastavljive nogice. <br \/>Ustvarjena je za popolno ohranitev vseh \u017eivil, zato je primerna za profesionalne kuhinje v hotelih, restavracijah, vrtcih, \u0161olah, pekarnah, sla\u0161\u010di\u010darnah, domovih za starej\u0161e ob\u010dane, bolni\u0161nicah, turisti\u010dnih kmetijah\u2026&nbsp;&nbsp;&nbsp; &nbsp;<\/p>\n<p><\/p>\n","protected":false},"excerpt":{"rendered":"<p>Hladilna omara RCG 1390 je v celoti narejena iz inoxa. Opremljena je z zra\u010dnim hlajenjem, avtomatskim odtajevanjem in digitalnim termostatom. Debelina izolacije je 75 mm. Odstranljiva tesnila. Led osvetlitev. Vrata se lahko nastavi po \u017eelji \u2013 levo ali desno odpiranje. Dvoja vrata. Vrata se zapirajo sama in s tem se prepre\u010di odve\u010dno uhajanje hladnega zraka. [&hellip;]<\/p>\n","protected":false},"featured_media":82302,"comment_status":"open","ping_status":"closed","template":"","meta":{"_acf_changed":false},"product_brand":[313],"product_cat":[90],"product_tag":[],"class_list":{"0":"post-82217","1":"product","2":"type-product","3":"status-publish","4":"has-post-thumbnail","6":"product_brand-cool-head","7":"product_cat-hladilne-omare","9":"first","10":"instock","11":"shipping-taxable","12":"purchasable","13":"product-type-simple"},"acf":[],"_links":{"self":[{"href":"https:\/\/go-st.vizia.si\/index.php?rest_route=\/wp\/v2\/product\/82217","targetHints":{"allow":["GET"]}}],"collection":[{"href":"https:\/\/go-st.vizia.si\/index.php?rest_route=\/wp\/v2\/product"}],"about":[{"href":"https:\/\/go-st.vizia.si\/index.php?rest_route=\/wp\/v2\/types\/product"}],"replies":[{"embeddable":true,"href":"https:\/\/go-st.vizia.si\/index.php?rest_route=%2Fwp%2Fv2%2Fcomments&post=82217"}],"wp:featuredmedia":[{"embeddable":true,"href":"https:\/\/go-st.vizia.si\/index.php?rest_route=\/wp\/v2\/media\/82302"}],"wp:attachment":[{"href":"https:\/\/go-st.vizia.si\/index.php?rest_route=%2Fwp%2Fv2%2Fmedia&parent=82217"}],"wp:term":[{"taxonomy":"product_brand","embeddable":true,"href":"https:\/\/go-st.vizia.si\/index.php?rest_route=%2Fwp%2Fv2%2Fproduct_brand&post=82217"},{"taxonomy":"product_cat","embeddable":true,"href":"https:\/\/go-st.vizia.si\/index.php?rest_route=%2Fwp%2Fv2%2Fproduct_cat&post=82217"},{"taxonomy":"product_tag","embeddable":true,"href":"https:\/\/go-st.vizia.si\/index.php?rest_route=%2Fwp%2Fv2%2Fproduct_tag&post=82217"}],"curies":[{"name":"wp","href":"https:\/\/api.w.org\/{rel}","templated":true}]}}