{"id":82220,"date":"2026-01-29T18:02:14","date_gmt":"2026-01-29T18:02:14","guid":{"rendered":"https:\/\/go-st.vizia.si\/?post_type=product&#038;p=82220"},"modified":"2026-02-11T07:36:43","modified_gmt":"2026-02-11T07:36:43","slug":"hladilna-omara-rcg-640","status":"publish","type":"product","link":"https:\/\/go-st.vizia.si\/?product=hladilna-omara-rcg-640","title":{"rendered":"Hladilna omara RCG 640"},"content":{"rendered":"<p>Hladilna omara RCG 640 je v celoti narejena iz inoxa. Opremljena je z zra\u010dnim hlajenjem, avtomatskim odtajevanjem in digitalnim termostatom. Debelina izolacije je 75 mm. Odstranljiva tesnila. Led osvetlitev. Vrata se lahko nastavi po \u017eelji \u2013 levo ali desno odpiranje. Vrata se zapirajo sama in s tem se prepre\u010di odve\u010dno uhajanje hladnega zraka. Vklju\u010dena klju\u010davnica. 3+1&nbsp;nastavljive police GN2\/1. Nastavljive nogice. <\/p>\n<p>Ustvarjena je za popolno ohranitev vseh \u017eivil, zato je primerna za profesionalne kuhinje v hotelih, restavracijah, vrtcih, \u0161olah, pekarnah, sla\u0161\u010di\u010darnah, domovih za starej\u0161e ob\u010dane, bolni\u0161nicah, turisti\u010dnih kmetijah\u2026&nbsp;&nbsp;&nbsp;&nbsp; <\/p>\n","protected":false},"excerpt":{"rendered":"<p>Hladilna omara RCG 640 je v celoti narejena iz inoxa. Opremljena je z zra\u010dnim hlajenjem, avtomatskim odtajevanjem in digitalnim termostatom. Debelina izolacije je 75 mm. Odstranljiva tesnila. Led osvetlitev. Vrata se lahko nastavi po \u017eelji \u2013 levo ali desno odpiranje. Vrata se zapirajo sama in s tem se prepre\u010di odve\u010dno uhajanje hladnega zraka. Vklju\u010dena klju\u010davnica. [&hellip;]<\/p>\n","protected":false},"featured_media":82313,"comment_status":"open","ping_status":"closed","template":"","meta":{"_acf_changed":false},"product_brand":[313],"product_cat":[90],"product_tag":[],"class_list":{"0":"post-82220","1":"product","2":"type-product","3":"status-publish","4":"has-post-thumbnail","6":"product_brand-cool-head","7":"product_cat-hladilne-omare","9":"first","10":"instock","11":"shipping-taxable","12":"purchasable","13":"product-type-simple"},"acf":[],"_links":{"self":[{"href":"https:\/\/go-st.vizia.si\/index.php?rest_route=\/wp\/v2\/product\/82220","targetHints":{"allow":["GET"]}}],"collection":[{"href":"https:\/\/go-st.vizia.si\/index.php?rest_route=\/wp\/v2\/product"}],"about":[{"href":"https:\/\/go-st.vizia.si\/index.php?rest_route=\/wp\/v2\/types\/product"}],"replies":[{"embeddable":true,"href":"https:\/\/go-st.vizia.si\/index.php?rest_route=%2Fwp%2Fv2%2Fcomments&post=82220"}],"wp:featuredmedia":[{"embeddable":true,"href":"https:\/\/go-st.vizia.si\/index.php?rest_route=\/wp\/v2\/media\/82313"}],"wp:attachment":[{"href":"https:\/\/go-st.vizia.si\/index.php?rest_route=%2Fwp%2Fv2%2Fmedia&parent=82220"}],"wp:term":[{"taxonomy":"product_brand","embeddable":true,"href":"https:\/\/go-st.vizia.si\/index.php?rest_route=%2Fwp%2Fv2%2Fproduct_brand&post=82220"},{"taxonomy":"product_cat","embeddable":true,"href":"https:\/\/go-st.vizia.si\/index.php?rest_route=%2Fwp%2Fv2%2Fproduct_cat&post=82220"},{"taxonomy":"product_tag","embeddable":true,"href":"https:\/\/go-st.vizia.si\/index.php?rest_route=%2Fwp%2Fv2%2Fproduct_tag&post=82220"}],"curies":[{"name":"wp","href":"https:\/\/api.w.org\/{rel}","templated":true}]}}