{"id":82333,"date":"2026-01-29T18:02:26","date_gmt":"2026-01-29T18:02:26","guid":{"rendered":"https:\/\/go-st.vizia.si\/?post_type=product&#038;p=82333"},"modified":"2026-05-05T12:32:09","modified_gmt":"2026-05-05T12:32:09","slug":"hladilna-omara-ks-207-next-tn","status":"publish","type":"product","link":"https:\/\/go-st.vizia.si\/?product=hladilna-omara-ks-207-next-tn","title":{"rendered":"HLADILNA OMARA, DVOJNA VRATA KS 207 NEXT TN"},"content":{"rendered":"<p>Profesionalni <strong>hladilniki<\/strong> evropske proizvodnje so odli\u010dno prilagojeni ekstremnim obremenitvam v <strong>gostinskih obratih<\/strong> in <strong>velikih kuhinjah<\/strong>. Zaradi dveh polovi\u010dnih vrat hladilnik omogo\u010da u\u010dinkovito in okolju prijazno delo tudi na majhnih povr\u0161inah. Idealno za shranjevanje mesa, rib, zelenjave, mle\u010dnih izdelkov in pija\u010d.<\/p>\n<h3 class=\"desc-headings\">Poudarki<\/h3>\n<ul>\n<li><strong>Ohi\u0161je in notranjost:<\/strong> iz visokokakovostnega nerjave\u010dega jekla<\/li>\n<li><strong>Sistem polic:<\/strong> sistem vodil, ki se lahko enostavno odstrani<\/li>\n<li><strong>Enostavno \u010di\u0161\u010denje:<\/strong> zaradi zaobljenih vogalov<\/li>\n<li><strong>Upravljanje:<\/strong> digitalni regulator z vratnim stikalom in zaustavitvijo ventilatorja<\/li>\n<li><strong>Prikaz temperature in stanja:<\/strong> LCD-zaslon<\/li>\n<li><strong>Vrata:<\/strong> 6 cm polvrata, samozapirna z magnetnim tesnilom<\/li>\n<li><strong>Re\u0161etke:<\/strong> vi\u0161insko nastavljive, GN 2\/1<\/li>\n<li><strong>Noge iz nerjave\u010dega jekla:<\/strong> vi\u0161insko nastavljive (110\u2013190 mm)<\/li>\n<li><strong>Monoblok hladilni sistem:<\/strong> kro\u017eenje zraka, brez izparilnika v notranjosti<\/li>\n<li><strong>Kondenzator:<\/strong> podprt z ventilatorjem<\/li>\n<li><strong>Odtaljevanje:<\/strong> avtomatsko z izhlapevanjem odtaljene vode<\/li>\n<li><strong>Izolacija:<\/strong> 6 cm visokotla\u010dna brizgana iz FCKW-proste poliuretanske pene<\/li>\n<\/ul>\n<h3 class=\"desc-headings\">Tehni\u010dne informacije<\/h3>\n<ul>\n<li>Temperaturno obmo\u010dje: -2\u00b0\/+8\u00b0C<\/li>\n<li>Debelina izolacije: 60 mm<\/li>\n<li>Nosilnost\/re\u0161etka: max. 30 kg<\/li>\n<li>Hladilno sredstvo: R452a<\/li>\n<li>Povezovalna vrednost: 230 V \/ 385 W<\/li>\n<li>Poraba energije: 963 kWh\/leto<\/li>\n<li>Vsebina: 700 l<\/li>\n<li>Dimenzije: 71 x 80 x 205 cm (\u0160xGxV)<\/li>\n<\/ul>\n<p><strong>Dodatne mo\u017enosti za dopla\u010dilo<\/strong><\/p>\n<ul>\n<li>Izvedba za centralno hlajenje<\/li>\n<li>Vodila za pekarske standarde<\/li>\n<li>Vrata iz termoglasa<\/li>\n<li>2 temperature<\/li>\n<\/ul>\n<h3 class=\"desc-headings\">Prilo\u017eena oprema<\/h3>\n<ul>\n<li>4 re\u0161etke GN 2\/1 s prevleko Rilsan<\/li>\n<li>4 pari vodil iz nerjave\u010dega jekla<\/li>\n<li>Dodatne re\u0161etke so na voljo kot opcija<\/li>\n<\/ul>\n","protected":false},"excerpt":{"rendered":"<p>Vsebina: 700 l.<br \/>Temperaturno obmo\u010dje: -2\u00b0\/+8\u00b0C <br \/>Vrata: desna<br \/>Priklju\u010dek: 230 V \/ 385 W<br \/>Dimenzije: 71 x 80 x 205 cm (\u0160xGxV)<\/p>\n","protected":false},"featured_media":82362,"comment_status":"open","ping_status":"closed","template":"","meta":{"_acf_changed":false},"product_brand":[411],"product_cat":[90],"product_tag":[],"class_list":{"0":"post-82333","1":"product","2":"type-product","3":"status-publish","4":"has-post-thumbnail","6":"product_brand-tecnodom","7":"product_cat-hladilne-omare","9":"first","10":"instock","11":"shipping-taxable","12":"purchasable","13":"product-type-simple"},"acf":[],"_links":{"self":[{"href":"https:\/\/go-st.vizia.si\/index.php?rest_route=\/wp\/v2\/product\/82333","targetHints":{"allow":["GET"]}}],"collection":[{"href":"https:\/\/go-st.vizia.si\/index.php?rest_route=\/wp\/v2\/product"}],"about":[{"href":"https:\/\/go-st.vizia.si\/index.php?rest_route=\/wp\/v2\/types\/product"}],"replies":[{"embeddable":true,"href":"https:\/\/go-st.vizia.si\/index.php?rest_route=%2Fwp%2Fv2%2Fcomments&post=82333"}],"wp:featuredmedia":[{"embeddable":true,"href":"https:\/\/go-st.vizia.si\/index.php?rest_route=\/wp\/v2\/media\/82362"}],"wp:attachment":[{"href":"https:\/\/go-st.vizia.si\/index.php?rest_route=%2Fwp%2Fv2%2Fmedia&parent=82333"}],"wp:term":[{"taxonomy":"product_brand","embeddable":true,"href":"https:\/\/go-st.vizia.si\/index.php?rest_route=%2Fwp%2Fv2%2Fproduct_brand&post=82333"},{"taxonomy":"product_cat","embeddable":true,"href":"https:\/\/go-st.vizia.si\/index.php?rest_route=%2Fwp%2Fv2%2Fproduct_cat&post=82333"},{"taxonomy":"product_tag","embeddable":true,"href":"https:\/\/go-st.vizia.si\/index.php?rest_route=%2Fwp%2Fv2%2Fproduct_tag&post=82333"}],"curies":[{"name":"wp","href":"https:\/\/api.w.org\/{rel}","templated":true}]}}