{"id":82343,"date":"2026-01-29T18:02:26","date_gmt":"2026-01-29T18:02:26","guid":{"rendered":"https:\/\/go-st.vizia.si\/?post_type=product&#038;p=82343"},"modified":"2026-02-12T09:49:28","modified_gmt":"2026-02-12T09:49:28","slug":"hladilnik-s-steklenimi-vrati-gks-455-led","status":"publish","type":"product","link":"https:\/\/go-st.vizia.si\/?product=hladilnik-s-steklenimi-vrati-gks-455-led","title":{"rendered":"Hladilnik s steklenimi vrati GKS 455 LED"},"content":{"rendered":"<p>Profesionalni <strong>hladilniki MAYWAY s steklenimi vrati<\/strong> so idealni za hlajenje <strong>pija\u010d<\/strong> v manj\u0161ih in ve\u010djih trgovinah, delikatesah, kavarnah, restavracijah, menzah, pisarnah, fitnesih itd.<strong>Robustni, zmogljivi<\/strong> in <strong>vsestranski<\/strong>, ponujajo idealne pogoje za shranjevanje va\u0161ih pija\u010d.<\/p>\n<h3 class=\"desc-headings\">Poudarki<\/h3>\n<ul>\n<li><strong>Ohi\u0161je:<\/strong> iz bele, proti koroziji za\u0161\u010ditene plo\u010devine<\/li>\n<li><strong>Notranjost:<\/strong> za \u017eivila primerna, toplotno oblikovana plastika<\/li>\n<li><strong>Nadzor temperature:<\/strong> mehanski nadzor<\/li>\n<li><strong>Notranja osvetlitev:<\/strong> LED v okvirju vrat<\/li>\n<li><strong>Re\u0161etke:<\/strong> vi\u0161insko nastavljive<\/li>\n<li><strong>Noge:<\/strong> vi\u0161insko nastavljive spredaj, kolesca zadaj<\/li>\n<li><strong>Vrata:<\/strong> toplotno izolirano steklo, zaklenljiva z magnetnim tesnilom<\/li>\n<li><strong>Vrata:<\/strong> desna, nepreklopna<\/li>\n<li><strong>Vratni okvir:<\/strong> \u010crn<\/li>\n<li><strong>Hladilni sistem:<\/strong> Ventilatorsko podprto, stati\u010dno hlajenje<\/li>\n<li><strong>Kondenzator:<\/strong> Brez vzdr\u017eevanja, stati\u010den<\/li>\n<li><strong>Odtaljevanje:<\/strong> Avtomatsko z izhlapevanjem odtaljene vode<\/li>\n<\/ul>\n<h3 class=\"desc-headings\">Informacije o izdelku<\/h3>\n<ul>\n<li>Vsebina:<\/li>\n<li>455 plo\u010devink s 330 ml<\/li>\n<li>ali 301 plo\u010devink s 500 ml<\/li>\n<li>ali 217 steklenic s 330\/500 ml<\/li>\n<\/ul>\n<h3 class=\"desc-headings\">Tehni\u010dne informacije<\/h3>\n<ul>\n<li>Temperaturno obmo\u010dje: +4\u00b0\/+10\u00b0C<\/li>\n<li>Hladilno sredstvo: R600a, okolju prijazno, brez CFC<\/li>\n<li>Priklju\u010dek: 230 V \/ 295 W<\/li>\n<li>Poraba energije: 840 kWh \/ leto<\/li>\n<li>Hrup: 45 dB(A)<\/li>\n<li>Bruto prostornina: 372 l<\/li>\n<li>Koristna prostornina: 347 l<\/li>\n<li>Dimenzije: 59,5 x 64 x 184 cm (\u0160xGxV)<\/li>\n<\/ul>\n<h3 class=\"desc-headings\">Prilo\u017eena oprema<\/h3>\n<ul>\n<li>4 re\u0161etke z belim rilsanovim premazom (490 x 360 mm)<\/li>\n<\/ul>\n","protected":false},"excerpt":{"rendered":"<p>Vsebina: 347 l.<br \/>Temperaturno obmo\u010dje: +4\u00b0\/+10\u00b0C<br \/>Vrata: desna, nepreklopna<br \/>Priklju\u010dek: 230 V \/ 295 W<br \/>Dimenzije: 59,5 x 64 x 184 cm (\u0160xGxV)<span><br \/><\/span><\/p>\n","protected":false},"featured_media":82374,"comment_status":"open","ping_status":"closed","template":"","meta":{"_acf_changed":false},"product_brand":[],"product_cat":[90],"product_tag":[],"class_list":{"0":"post-82343","1":"product","2":"type-product","3":"status-publish","4":"has-post-thumbnail","6":"product_cat-hladilne-omare","8":"first","9":"instock","10":"shipping-taxable","11":"purchasable","12":"product-type-simple"},"acf":[],"_links":{"self":[{"href":"https:\/\/go-st.vizia.si\/index.php?rest_route=\/wp\/v2\/product\/82343","targetHints":{"allow":["GET"]}}],"collection":[{"href":"https:\/\/go-st.vizia.si\/index.php?rest_route=\/wp\/v2\/product"}],"about":[{"href":"https:\/\/go-st.vizia.si\/index.php?rest_route=\/wp\/v2\/types\/product"}],"replies":[{"embeddable":true,"href":"https:\/\/go-st.vizia.si\/index.php?rest_route=%2Fwp%2Fv2%2Fcomments&post=82343"}],"wp:featuredmedia":[{"embeddable":true,"href":"https:\/\/go-st.vizia.si\/index.php?rest_route=\/wp\/v2\/media\/82374"}],"wp:attachment":[{"href":"https:\/\/go-st.vizia.si\/index.php?rest_route=%2Fwp%2Fv2%2Fmedia&parent=82343"}],"wp:term":[{"taxonomy":"product_brand","embeddable":true,"href":"https:\/\/go-st.vizia.si\/index.php?rest_route=%2Fwp%2Fv2%2Fproduct_brand&post=82343"},{"taxonomy":"product_cat","embeddable":true,"href":"https:\/\/go-st.vizia.si\/index.php?rest_route=%2Fwp%2Fv2%2Fproduct_cat&post=82343"},{"taxonomy":"product_tag","embeddable":true,"href":"https:\/\/go-st.vizia.si\/index.php?rest_route=%2Fwp%2Fv2%2Fproduct_tag&post=82343"}],"curies":[{"name":"wp","href":"https:\/\/api.w.org\/{rel}","templated":true}]}}