{"id":82358,"date":"2026-01-29T18:02:27","date_gmt":"2026-01-29T18:02:27","guid":{"rendered":"https:\/\/go-st.vizia.si\/?post_type=product&#038;p=82358"},"modified":"2026-02-11T07:36:48","modified_gmt":"2026-02-11T07:36:48","slug":"zamrzovalna-omara-rng-640","status":"publish","type":"product","link":"https:\/\/go-st.vizia.si\/?product=zamrzovalna-omara-rng-640","title":{"rendered":"Zamrzovalna omara RNG 640"},"content":{"rendered":"<p>Zamrzovalna omara RNG 640 je v celoti narejena iz inoxa. Opremljena z zra\u010dnim hlajenjem, avtomatskim odtajevanjem in digitalnim termostatom. Debelina izolacije je 75 mm. Led osvetlitev. Odstranljiva tesnila vrat. Vrata se zapirajo sama in s tem se prepre\u010di odve\u010dno uhajanje hladnega zraka. Standardno zaklepanje. Tri nastavljive police. Nastavljive nogice.<\/p>\n<p>Ustvarjena je za popolno ohranitev vseh \u017eivil, zato je primerna za profesionalne kuhinje v hotelih, restavracijah, vrtcih, \u0161olah, pekarnah, sla\u0161\u010di\u010darnah, domovih za starej\u0161e ob\u010dane, bolni\u0161nicah, turisti\u010dnih kmetijah\u2026<\/p>\n<p><\/p>\n","protected":false},"excerpt":{"rendered":"<p>Zamrzovalna omara RNG 640 je v celoti narejena iz inoxa. Opremljena z zra\u010dnim hlajenjem, avtomatskim odtajevanjem in digitalnim termostatom. Debelina izolacije je 75 mm. Led osvetlitev. Odstranljiva tesnila vrat. Vrata se zapirajo sama in s tem se prepre\u010di odve\u010dno uhajanje hladnega zraka. Standardno zaklepanje. Tri nastavljive police. Nastavljive nogice. Ustvarjena je za popolno ohranitev vseh [&hellip;]<\/p>\n","protected":false},"featured_media":82433,"comment_status":"open","ping_status":"closed","template":"","meta":{"_acf_changed":false},"product_brand":[313],"product_cat":[91],"product_tag":[],"class_list":{"0":"post-82358","1":"product","2":"type-product","3":"status-publish","4":"has-post-thumbnail","6":"product_brand-cool-head","7":"product_cat-zamrzovalne-omare","9":"first","10":"instock","11":"shipping-taxable","12":"purchasable","13":"product-type-simple"},"acf":[],"_links":{"self":[{"href":"https:\/\/go-st.vizia.si\/index.php?rest_route=\/wp\/v2\/product\/82358","targetHints":{"allow":["GET"]}}],"collection":[{"href":"https:\/\/go-st.vizia.si\/index.php?rest_route=\/wp\/v2\/product"}],"about":[{"href":"https:\/\/go-st.vizia.si\/index.php?rest_route=\/wp\/v2\/types\/product"}],"replies":[{"embeddable":true,"href":"https:\/\/go-st.vizia.si\/index.php?rest_route=%2Fwp%2Fv2%2Fcomments&post=82358"}],"wp:featuredmedia":[{"embeddable":true,"href":"https:\/\/go-st.vizia.si\/index.php?rest_route=\/wp\/v2\/media\/82433"}],"wp:attachment":[{"href":"https:\/\/go-st.vizia.si\/index.php?rest_route=%2Fwp%2Fv2%2Fmedia&parent=82358"}],"wp:term":[{"taxonomy":"product_brand","embeddable":true,"href":"https:\/\/go-st.vizia.si\/index.php?rest_route=%2Fwp%2Fv2%2Fproduct_brand&post=82358"},{"taxonomy":"product_cat","embeddable":true,"href":"https:\/\/go-st.vizia.si\/index.php?rest_route=%2Fwp%2Fv2%2Fproduct_cat&post=82358"},{"taxonomy":"product_tag","embeddable":true,"href":"https:\/\/go-st.vizia.si\/index.php?rest_route=%2Fwp%2Fv2%2Fproduct_tag&post=82358"}],"curies":[{"name":"wp","href":"https:\/\/api.w.org\/{rel}","templated":true}]}}