{"id":82453,"date":"2026-01-29T18:02:38","date_gmt":"2026-01-29T18:02:38","guid":{"rendered":"https:\/\/go-st.vizia.si\/?post_type=product&#038;p=82453"},"modified":"2026-02-12T09:49:29","modified_gmt":"2026-02-12T09:49:29","slug":"zamrzovalna-omara-transformer-1400-bt","status":"publish","type":"product","link":"https:\/\/go-st.vizia.si\/?product=zamrzovalna-omara-transformer-1400-bt","title":{"rendered":"ZAMRZOVALNA OMARA, TRANSFORMER 1400 BT"},"content":{"rendered":"<p><span>Profesionalne <strong>zamrzovalne omare TRANSFORMER<\/strong> evropske proizvodnje so<\/span><span> izdelane iz visokokakovostnih materialov in primerne za vsako podro\u010dje uporabe v gostinstvu in veliki kuhinji. Izpolnjujejo stroge higienske predpise za hlajenje in shranjevanje \u017eivil. Zaradi visokega standarda kakovosti so naprave idealne za profesionalno uporabo v gostinstvu, hotelirstvu in velikih kuhinjah. <\/span><\/p>\n<h3 class=\"desc-headings\">Poudarki<\/h3>\n<ul>\n<li><strong>Ohi\u0161je in notranjost:<\/strong> iz visokokakovostnega nerjave\u010dega jekla<\/li>\n<li><strong>Enostavno \u010di\u0161\u010denje:<\/strong> zaradi zaobljenih vogalov<\/li>\n<li><strong>Upravljanje:<\/strong> digitalni regulator z vratnim stikalom in zaustavitvijo ventilatorja<\/li>\n<li><strong>Prikaz temperature in stanja:<\/strong> LCD-zaslon<\/li>\n<li><strong>Vrata:<\/strong> 6 cm polna vrata, samozapirala z magnetnim tesnilom<\/li>\n<li><strong>Vratni te\u010daj:<\/strong> po izbiri zamenljiv<\/li>\n<li><strong>Re\u0161etke:\u00a0<\/strong>Vi\u0161insko nastavljive<strong>,<\/strong> rilsan prevle\u010dene re\u0161etke GN 2\/1<\/li>\n<li><strong>Noge iz nerjave\u010dega jekla:<\/strong> Vi\u0161insko nastavljive (110\u2013190 mm)<\/li>\n<li><strong>Monoblok hladilni sistem:<\/strong> Kro\u017eni zrak, brez izparilnika v notranjosti<\/li>\n<li><strong>Kondenzator:<\/strong> Podprt z ventilatorjem<\/li>\n<li><strong>Odtaljevanje:<\/strong> Avtomatsko z izhlapevanjem odtaljene vode<\/li>\n<li><strong>Izolacija:<\/strong> 6 cm visokotla\u010dna brizgana iz FCKW-proste poliuretanske pene<\/li>\n<\/ul>\n<h3 class=\"desc-headings\">Tehni\u010dne informacije<\/h3>\n<ul>\n<li>Temperaturno obmo\u010dje: -18\u00b0\/-22\u00b0C<\/li>\n<li>Debelina izolacije: 60 mm<\/li>\n<li>Nosilnost\/re\u0161etka: max. 30 kg<\/li>\n<li>Hladilno sredstvo: R455<\/li>\n<li>Priklju\u010dek: 230 V \/ 700 W<\/li>\n<li>Vsebina: 1400 l<\/li>\n<li>Dimenzije: 142 x 80 x 203,5\/210,5 cm (\u0160xGxV)<\/li>\n<\/ul>\n<h3 class=\"desc-headings\">Prilo\u017eena oprema<\/h3>\n<ul>\n<li>6 re\u0161etk GN 2\/1 s prevleko iz rilsana<\/li>\n<li>6 parov tirnic iz nerjave\u010dega jekla<\/li>\n<li>Klju\u010davnica in LED osvetlitev<\/li>\n<li>Dodatne re\u0161etke so na voljo kot dodatna oprema<\/li>\n<\/ul>\n","protected":false},"excerpt":{"rendered":"<p><span>Vsebina: 1400 l.<\/span><br \/><span>Temperaturno obmo\u010dje: -18\u00b0\/-22\u00b0C<\/span><br \/><span>Vrata: zamenljiva<\/span><br \/><span>Priklju\u010dek: 230 V \/ 700 W<\/span><br \/><span>Dimenzije:\u00a0142 x 80 x 203,5\/210,5 cm (\u0160xGxV)<\/span><\/p>\n","protected":false},"featured_media":82484,"comment_status":"open","ping_status":"closed","template":"","meta":{"_acf_changed":false},"product_brand":[411],"product_cat":[91],"product_tag":[],"class_list":{"0":"post-82453","1":"product","2":"type-product","3":"status-publish","4":"has-post-thumbnail","6":"product_brand-tecnodom","7":"product_cat-zamrzovalne-omare","9":"first","10":"instock","11":"shipping-taxable","12":"purchasable","13":"product-type-simple"},"acf":[],"_links":{"self":[{"href":"https:\/\/go-st.vizia.si\/index.php?rest_route=\/wp\/v2\/product\/82453","targetHints":{"allow":["GET"]}}],"collection":[{"href":"https:\/\/go-st.vizia.si\/index.php?rest_route=\/wp\/v2\/product"}],"about":[{"href":"https:\/\/go-st.vizia.si\/index.php?rest_route=\/wp\/v2\/types\/product"}],"replies":[{"embeddable":true,"href":"https:\/\/go-st.vizia.si\/index.php?rest_route=%2Fwp%2Fv2%2Fcomments&post=82453"}],"wp:featuredmedia":[{"embeddable":true,"href":"https:\/\/go-st.vizia.si\/index.php?rest_route=\/wp\/v2\/media\/82484"}],"wp:attachment":[{"href":"https:\/\/go-st.vizia.si\/index.php?rest_route=%2Fwp%2Fv2%2Fmedia&parent=82453"}],"wp:term":[{"taxonomy":"product_brand","embeddable":true,"href":"https:\/\/go-st.vizia.si\/index.php?rest_route=%2Fwp%2Fv2%2Fproduct_brand&post=82453"},{"taxonomy":"product_cat","embeddable":true,"href":"https:\/\/go-st.vizia.si\/index.php?rest_route=%2Fwp%2Fv2%2Fproduct_cat&post=82453"},{"taxonomy":"product_tag","embeddable":true,"href":"https:\/\/go-st.vizia.si\/index.php?rest_route=%2Fwp%2Fv2%2Fproduct_tag&post=82453"}],"curies":[{"name":"wp","href":"https:\/\/api.w.org\/{rel}","templated":true}]}}