{"id":82467,"date":"2026-01-29T18:02:38","date_gmt":"2026-01-29T18:02:38","guid":{"rendered":"https:\/\/go-st.vizia.si\/?post_type=product&#038;p=82467"},"modified":"2026-02-12T09:49:18","modified_gmt":"2026-02-12T09:49:18","slug":"hladilna-vitrina-mw235-w-s-crna","status":"publish","type":"product","link":"https:\/\/go-st.vizia.si\/?product=hladilna-vitrina-mw235-w-s-crna","title":{"rendered":"Hladilna  vitrina MW235-W\/S \u010cRNA"},"content":{"rendered":"<p>Reprezentativna <strong>hladilna vitrina MAYWAY<\/strong> za vsestransko uporabo v gostinstvu in hotelirstvu. Na privla\u010den in pregleden na\u010din predstavite pija\u010de, prigrizke in \u0161tevilne druge jedi. Zaradi <strong>okroglega stekla<\/strong> in <strong>samozapiralnih vrat<\/strong> je vitrina odli\u010dna tudi za predstavitev izdelkov na to\u010dilnih pultih, blagajnah ali v samopostre\u017enih prostorih.<\/p>\n<h3 class=\"desc-headings\">Poudarki<\/h3>\n<ul>\n<li>Dvojno steklo po celotnem obodu<\/li>\n<li>Samozapiralna vrata z ukrivljenim steklom<\/li>\n<li>Moderen dizajn<\/li>\n<li>Notranja osvetlitev za privla\u010dno predstavitev izdelkov<\/li>\n<li>235 l prostornina <\/li>\n<li>Vi\u0161insko nastavljive re\u0161etke za prilagodljivo polnjenje<\/li>\n<\/ul>\n<h3 class=\"desc-headings\">Informacije o izdelku<\/h3>\n<ul>\n<li>Barva: \u010drna<\/li>\n<li>LED notranja osvetlitev<\/li>\n<li>energetsko var\u010dna<\/li>\n<li>3 vi\u0161insko nastavljive re\u0161etke<\/li>\n<li>Kapaciteta: 235 l<\/li>\n<li>na kolesih<\/li>\n<\/ul>\n<h3 class=\"desc-headings\">Tehni\u010dne informacije<\/h3>\n<ul>\n<li>Hlajenje z zra\u010dnim pretokom<\/li>\n<li>Avtomatsko odtaljevanje<\/li>\n<li>Temperaturno obmo\u010dje: +3\u00b0\/+8\u00b0C<\/li>\n<li>Hladilno sredstvo: R600a<\/li>\n<li>Povezovalna vrednost: 230 V \/ 257 W<\/li>\n<li>Dimenzije: 51,5 x 48,5 x 168 cm<\/li>\n<\/ul>\n<h3 class=\"desc-headings\">Prilo\u017eena oprema<\/h3>\n<ul>\n<li>3 \u010drne re\u0161etke<\/li>\n<\/ul>\n","protected":false},"excerpt":{"rendered":"<p>Kapaciteta: 235 l,  <br \/>Temperaturno obmo\u010dje: +3\u00b0\/+8\u00b0C <br \/>Dimenzije: 51,5 x 48,5 x 168 cm (\u0160xGxV) <\/p>\n","protected":false},"featured_media":82515,"comment_status":"open","ping_status":"closed","template":"","meta":{"_acf_changed":false},"product_brand":[],"product_cat":[34],"product_tag":[],"class_list":{"0":"post-82467","1":"product","2":"type-product","3":"status-publish","4":"has-post-thumbnail","6":"product_cat-hladilne-vitrine","8":"first","9":"instock","10":"shipping-taxable","11":"purchasable","12":"product-type-simple"},"acf":[],"_links":{"self":[{"href":"https:\/\/go-st.vizia.si\/index.php?rest_route=\/wp\/v2\/product\/82467","targetHints":{"allow":["GET"]}}],"collection":[{"href":"https:\/\/go-st.vizia.si\/index.php?rest_route=\/wp\/v2\/product"}],"about":[{"href":"https:\/\/go-st.vizia.si\/index.php?rest_route=\/wp\/v2\/types\/product"}],"replies":[{"embeddable":true,"href":"https:\/\/go-st.vizia.si\/index.php?rest_route=%2Fwp%2Fv2%2Fcomments&post=82467"}],"wp:featuredmedia":[{"embeddable":true,"href":"https:\/\/go-st.vizia.si\/index.php?rest_route=\/wp\/v2\/media\/82515"}],"wp:attachment":[{"href":"https:\/\/go-st.vizia.si\/index.php?rest_route=%2Fwp%2Fv2%2Fmedia&parent=82467"}],"wp:term":[{"taxonomy":"product_brand","embeddable":true,"href":"https:\/\/go-st.vizia.si\/index.php?rest_route=%2Fwp%2Fv2%2Fproduct_brand&post=82467"},{"taxonomy":"product_cat","embeddable":true,"href":"https:\/\/go-st.vizia.si\/index.php?rest_route=%2Fwp%2Fv2%2Fproduct_cat&post=82467"},{"taxonomy":"product_tag","embeddable":true,"href":"https:\/\/go-st.vizia.si\/index.php?rest_route=%2Fwp%2Fv2%2Fproduct_tag&post=82467"}],"curies":[{"name":"wp","href":"https:\/\/api.w.org\/{rel}","templated":true}]}}