{"id":82468,"date":"2026-01-29T18:02:38","date_gmt":"2026-01-29T18:02:38","guid":{"rendered":"https:\/\/go-st.vizia.si\/?post_type=product&#038;p=82468"},"modified":"2026-02-12T09:48:42","modified_gmt":"2026-02-12T09:48:42","slug":"hladilna-vitrina-mw-78","status":"publish","type":"product","link":"https:\/\/go-st.vizia.si\/?product=hladilna-vitrina-mw-78","title":{"rendered":"Hladilna vitrina MW-78"},"content":{"rendered":"<p>Hladilne vitrine <strong>MAYWAY<\/strong> so odli\u010dne za hlajenje in predstavitev tort, peciva, desertov, prigrizkov in pija\u010d, zato zelo spodbujajo prodajo. Sodoben dizajn, prostorna predstavitvena povr\u0161ina in 4-stransko dvojno steklo omogo\u010dajo optimalno predstavitev va\u0161ih izdelkov. Preudarna notranja osvetlitev daje va\u0161im izdelkom \u0161e posebej apetiten videz in jih spremeni v posebne vrhunce. Va\u0161a hrana ostane dlje sve\u017ea zaradi u\u010dinkovitega sistema hlajenja z zra\u010dnim kro\u017eenjem, ki je opremljen z visokokakovostnimi komponentami in zagotavlja enakomerno temperaturo v celotnem notranjem prostoru.<\/p>\n<h3 class=\"desc-headings\">Poudarki<\/h3>\n<ul>\n<li>Dvojno steklo na vseh straneh<\/li>\n<li>Samozapiralna vrata <\/li>\n<li>Moderen dizajn<\/li>\n<li>Notranja osvetlitev za privla\u010dno predstavitev izdelkov<\/li>\n<li>78 litrov prostornine <\/li>\n<li>Vi\u0161insko nastavljive police iz nerjave\u010dega jekla za prilagodljivo polnjenje<\/li>\n<\/ul>\n<h3 class=\"desc-headings\">Informacije o izdelku<\/h3>\n<ul>\n<li>Barva okvirja: \u010drna<\/li>\n<li>Ohi\u0161je: nerjave\u010de jeklo<\/li>\n<li>Notranja osvetlitev<\/li>\n<li>Energijsko var\u010den<\/li>\n<li>3 vi\u0161insko nastavljive police iz nerjave\u010dega jekla<\/li>\n<li>Vsebina: 78 litrov<\/li>\n<\/ul>\n<h3 class=\"desc-headings\">Tehni\u010dne informacije<\/h3>\n<ul>\n<li>Hlajenje z zra\u010dnim pretokom<\/li>\n<li>Avtomatsko odmrzovanje<\/li>\n<li>Temperaturno obmo\u010dje: +2\u00b0\/+12\u00b0C<\/li>\n<li>Hladilno sredstvo: R600a<\/li>\n<li>Povezovalna vrednost: 230 V \/ 180 W<\/li>\n<li>Dimenzije: 43 x 39 x 98,6 cm<\/li>\n<\/ul>\n<h3 class=\"desc-headings\">Prilo\u017eena oprema<\/h3>\n<ul>\n<li>3 re\u0161etke iz nerjave\u010dega jekla<\/li>\n<\/ul>\n","protected":false},"excerpt":{"rendered":"<p>Temperaturno obmo\u010dje: +2\u00b0\/+12\u00b0C<br \/>Povezovalna vrednost: 230 V \/ 180 W<br \/>Dimenzije: 43 x 39 x 98,6 cm (\u0160xGxV)<\/p>\n","protected":false},"featured_media":82518,"comment_status":"open","ping_status":"closed","template":"","meta":{"_acf_changed":false},"product_brand":[],"product_cat":[34],"product_tag":[],"class_list":{"0":"post-82468","1":"product","2":"type-product","3":"status-publish","4":"has-post-thumbnail","6":"product_cat-hladilne-vitrine","8":"first","9":"instock","10":"shipping-taxable","11":"purchasable","12":"product-type-simple"},"acf":[],"_links":{"self":[{"href":"https:\/\/go-st.vizia.si\/index.php?rest_route=\/wp\/v2\/product\/82468","targetHints":{"allow":["GET"]}}],"collection":[{"href":"https:\/\/go-st.vizia.si\/index.php?rest_route=\/wp\/v2\/product"}],"about":[{"href":"https:\/\/go-st.vizia.si\/index.php?rest_route=\/wp\/v2\/types\/product"}],"replies":[{"embeddable":true,"href":"https:\/\/go-st.vizia.si\/index.php?rest_route=%2Fwp%2Fv2%2Fcomments&post=82468"}],"wp:featuredmedia":[{"embeddable":true,"href":"https:\/\/go-st.vizia.si\/index.php?rest_route=\/wp\/v2\/media\/82518"}],"wp:attachment":[{"href":"https:\/\/go-st.vizia.si\/index.php?rest_route=%2Fwp%2Fv2%2Fmedia&parent=82468"}],"wp:term":[{"taxonomy":"product_brand","embeddable":true,"href":"https:\/\/go-st.vizia.si\/index.php?rest_route=%2Fwp%2Fv2%2Fproduct_brand&post=82468"},{"taxonomy":"product_cat","embeddable":true,"href":"https:\/\/go-st.vizia.si\/index.php?rest_route=%2Fwp%2Fv2%2Fproduct_cat&post=82468"},{"taxonomy":"product_tag","embeddable":true,"href":"https:\/\/go-st.vizia.si\/index.php?rest_route=%2Fwp%2Fv2%2Fproduct_tag&post=82468"}],"curies":[{"name":"wp","href":"https:\/\/api.w.org\/{rel}","templated":true}]}}