{"id":82564,"date":"2026-01-29T18:02:48","date_gmt":"2026-01-29T18:02:48","guid":{"rendered":"https:\/\/go-st.vizia.si\/?post_type=product&#038;p=82564"},"modified":"2026-02-12T09:42:56","modified_gmt":"2026-02-12T09:42:56","slug":"vitrina-za-torte-rialto-vc-200","status":"publish","type":"product","link":"https:\/\/go-st.vizia.si\/?product=vitrina-za-torte-rialto-vc-200","title":{"rendered":"VITRINA ZA TORTE, RIALTO VC 200"},"content":{"rendered":"<p><strong>Hladilne vitrine MAYWAY<\/strong> iz serije MAYWAY RIALTO so odli\u010dne za sla\u0161\u010di\u010darne, pekarne, kavarne, gostinske obrate in hotele. <strong>Moderen dizajn<\/strong>, <strong>prostorna predstavitvena povr\u0161ina<\/strong> in <strong>izolacijsko steklo<\/strong> na vseh \u0161tirih straneh omogo\u010dajo optimalno predstavitev va\u0161ih izdelkov. 1 hladilna in 2 nevtralni stekleni polici omogo\u010dajo skupno predstavitev razli\u010dnih izdelkov, npr. sla\u0161\u010dic, peciva, mle\u010dnih izdelkov ali prigrizkov. <strong>Inovativna notranja osvetlitev<\/strong> daje va\u0161im izdelkom \u0161e posebej apetiten videz in jih spremeni v posebne poudarke.<\/p>\n<h3 class=\"desc-headings\">Poudarki<\/h3>\n<ul>\n<li>Izolacijsko steklo na vseh straneh<\/li>\n<li>Enostavno polnjenje spodnje razstavne ravni z 1 velikim predalom<\/li>\n<li>Enostavno in hitro \u010di\u0161\u010denje z nagibnim sprednjim steklom<\/li>\n<li>Sprednje steklo proti zameglitvi<\/li>\n<li>Steklene police za popolno predstavitev<\/li>\n<li>Velika predstavitvena povr\u0161ina<\/li>\n<\/ul>\n<h3 class=\"desc-headings\">Informacije o izdelku<\/h3>\n<ul>\n<li>Barva sprednje plo\u0161\u010de: RAL 4010 pastelno modra<\/li>\n<li>Barva preostale strukture: siva<\/li>\n<li>Izolirano steklo<\/li>\n<li>Ukrivljeno sprednje steklo<\/li>\n<li>Spodnja razstavna raven dostopna prek 1 velikega predala<\/li>\n<li>Razstavna povr\u0161ina iz nerjave\u010dega jekla: 2,67 m2<\/li>\n<li>Notranja osvetlitev<\/li>\n<li>Osvetljen sprednji panel zunaj<\/li>\n<li>1 ohlajena in 2 nevtralni stekleni polici<\/li>\n<\/ul>\n<h3 class=\"desc-headings\">Tehni\u010dne informacije<\/h3>\n<ul>\n<li>stati\u010dno hlajenje<\/li>\n<li>elektronsko krmiljenje<\/li>\n<li>avtomatsko odtaljevanje<\/li>\n<li>izhlapevanje odtaljene vode<\/li>\n<li>temperaturno obmo\u010dje: +3\u00b0\/+5\u00b0C \u2013 temperatura se nana\u0161a na spodnjo razstavno povr\u0161ino<\/li>\n<li>Hladilno sredstvo: R507a<\/li>\n<li>Povezovalna vrednost: 230 V \/ 915 W<\/li>\n<li>Dimenzije: 191 x 87,6 x 143,2 cm (\u0160xGxV)<\/li>\n<\/ul>\n<h3 class=\"desc-headings\">Prilo\u017eena oprema<\/h3>\n<ul>\n<li>3 steklene police<\/li>\n<\/ul>\n","protected":false},"excerpt":{"rendered":"<p>Temperaturno obmo\u010dje: +3\u00b0\/+5\u00b0C<br \/>Povezovalna vrednost: 230 V \/ 915 W<br \/>Dimenzije: 191 x 87,6 x 143,2 cm (\u0160xGxV)<\/p>\n","protected":false},"featured_media":82593,"comment_status":"open","ping_status":"closed","template":"","meta":{"_acf_changed":false},"product_brand":[],"product_cat":[34],"product_tag":[],"class_list":{"0":"post-82564","1":"product","2":"type-product","3":"status-publish","4":"has-post-thumbnail","6":"product_cat-hladilne-vitrine","8":"first","9":"instock","10":"shipping-taxable","11":"purchasable","12":"product-type-simple"},"acf":[],"_links":{"self":[{"href":"https:\/\/go-st.vizia.si\/index.php?rest_route=\/wp\/v2\/product\/82564","targetHints":{"allow":["GET"]}}],"collection":[{"href":"https:\/\/go-st.vizia.si\/index.php?rest_route=\/wp\/v2\/product"}],"about":[{"href":"https:\/\/go-st.vizia.si\/index.php?rest_route=\/wp\/v2\/types\/product"}],"replies":[{"embeddable":true,"href":"https:\/\/go-st.vizia.si\/index.php?rest_route=%2Fwp%2Fv2%2Fcomments&post=82564"}],"wp:featuredmedia":[{"embeddable":true,"href":"https:\/\/go-st.vizia.si\/index.php?rest_route=\/wp\/v2\/media\/82593"}],"wp:attachment":[{"href":"https:\/\/go-st.vizia.si\/index.php?rest_route=%2Fwp%2Fv2%2Fmedia&parent=82564"}],"wp:term":[{"taxonomy":"product_brand","embeddable":true,"href":"https:\/\/go-st.vizia.si\/index.php?rest_route=%2Fwp%2Fv2%2Fproduct_brand&post=82564"},{"taxonomy":"product_cat","embeddable":true,"href":"https:\/\/go-st.vizia.si\/index.php?rest_route=%2Fwp%2Fv2%2Fproduct_cat&post=82564"},{"taxonomy":"product_tag","embeddable":true,"href":"https:\/\/go-st.vizia.si\/index.php?rest_route=%2Fwp%2Fv2%2Fproduct_tag&post=82564"}],"curies":[{"name":"wp","href":"https:\/\/api.w.org\/{rel}","templated":true}]}}