{"id":82565,"date":"2026-01-29T18:02:48","date_gmt":"2026-01-29T18:02:48","guid":{"rendered":"https:\/\/go-st.vizia.si\/?post_type=product&#038;p=82565"},"modified":"2026-02-12T09:42:56","modified_gmt":"2026-02-12T09:42:56","slug":"hladilna-vitrina-salina-200","status":"publish","type":"product","link":"https:\/\/go-st.vizia.si\/?product=hladilna-vitrina-salina-200","title":{"rendered":"HLADILNA VITRINA, SALINA 200"},"content":{"rendered":"<p>Hladilne vitrine <strong>MAYWAY<\/strong> iz serije Salina so odli\u010dne za hlajenje in predstavitev mesnih in mesnih izdelkov, prigrizkov, mle\u010dnih izdelkov, tort, peciva, desertov itd. Sodoben dizajn, prostorna predstavitvena povr\u0161ina in steklo na vseh straneh omogo\u010dajo optimalno predstavitev va\u0161ih izdelkov. Notranja osvetlitev daje va\u0161im izdelkom \u0161e posebej apetiten videz in jih spremeni v posebne vrhunce. Va\u0161a hrana ostane dlje sve\u017ea zaradi u\u010dinkovitega hladilnega sistema.<\/p>\n<h3 class=\"desc-headings\">Poudarki<\/h3>\n<ul>\n<li>Ukrivljeno sprednje steklo<\/li>\n<li>Enostavno polnjenje <\/li>\n<li>Razstavna povr\u0161ina iz nerjave\u010dega jekla<\/li>\n<li>Enostavno in hitro \u010di\u0161\u010denje zaradi nagibnega sprednjega stekla<\/li>\n<li>Nevtralna steklena polica<\/li>\n<li>Velika predstavitvena povr\u0161ina<\/li>\n<li>2 hladilna rezervna predela<\/li>\n<\/ul>\n<h3 class=\"desc-headings\">Informacije o izdelku<\/h3>\n<ul>\n<li>Barva sprednje plo\u0161\u010de: RAL 3020 rde\u010da<\/li>\n<li>Barva preostale strukture: siva<\/li>\n<li>Ukrivljeno sprednje steklo<\/li>\n<li>Vsebina: 332 l<\/li>\n<li>Notranja osvetlitev<\/li>\n<li>Neutralna steklena polica<\/li>\n<\/ul>\n<h3 class=\"desc-headings\">Tehni\u010dne informacije<\/h3>\n<ul>\n<li>Elektronsko krmiljenje<\/li>\n<li>\u010casovno krmiljeno odmrzovanje<\/li>\n<li>Temperaturno obmo\u010dje: +1\u00b0\/+10\u00b0C<\/li>\n<li>Hladilno sredstvo: R507a<\/li>\n<li>Povezovalna vrednost: 230 V \/ 798 W<\/li>\n<li>Dimenzije: 200 x 90 x 126,5 cm (\u0160xGxV)<\/li>\n<\/ul>\n","protected":false},"excerpt":{"rendered":"<p>Temperaturno obmo\u010dje: +1\u00b0\/+10\u00b0C<br \/>Povezovalna vrednost: 230 V \/ 798 W<br \/>Dimenzije: 200 x 90 x 126,5 cm (\u0160xGxV)<\/p>\n","protected":false},"featured_media":82594,"comment_status":"open","ping_status":"closed","template":"","meta":{"_acf_changed":false},"product_brand":[],"product_cat":[34],"product_tag":[],"class_list":{"0":"post-82565","1":"product","2":"type-product","3":"status-publish","4":"has-post-thumbnail","6":"product_cat-hladilne-vitrine","8":"first","9":"instock","10":"shipping-taxable","11":"purchasable","12":"product-type-simple"},"acf":[],"_links":{"self":[{"href":"https:\/\/go-st.vizia.si\/index.php?rest_route=\/wp\/v2\/product\/82565","targetHints":{"allow":["GET"]}}],"collection":[{"href":"https:\/\/go-st.vizia.si\/index.php?rest_route=\/wp\/v2\/product"}],"about":[{"href":"https:\/\/go-st.vizia.si\/index.php?rest_route=\/wp\/v2\/types\/product"}],"replies":[{"embeddable":true,"href":"https:\/\/go-st.vizia.si\/index.php?rest_route=%2Fwp%2Fv2%2Fcomments&post=82565"}],"wp:featuredmedia":[{"embeddable":true,"href":"https:\/\/go-st.vizia.si\/index.php?rest_route=\/wp\/v2\/media\/82594"}],"wp:attachment":[{"href":"https:\/\/go-st.vizia.si\/index.php?rest_route=%2Fwp%2Fv2%2Fmedia&parent=82565"}],"wp:term":[{"taxonomy":"product_brand","embeddable":true,"href":"https:\/\/go-st.vizia.si\/index.php?rest_route=%2Fwp%2Fv2%2Fproduct_brand&post=82565"},{"taxonomy":"product_cat","embeddable":true,"href":"https:\/\/go-st.vizia.si\/index.php?rest_route=%2Fwp%2Fv2%2Fproduct_cat&post=82565"},{"taxonomy":"product_tag","embeddable":true,"href":"https:\/\/go-st.vizia.si\/index.php?rest_route=%2Fwp%2Fv2%2Fproduct_tag&post=82565"}],"curies":[{"name":"wp","href":"https:\/\/api.w.org\/{rel}","templated":true}]}}