{"id":82569,"date":"2026-01-29T18:02:48","date_gmt":"2026-01-29T18:02:48","guid":{"rendered":"https:\/\/go-st.vizia.si\/?post_type=product&#038;p=82569"},"modified":"2026-02-12T09:48:52","modified_gmt":"2026-02-12T09:48:52","slug":"hladilna-vitrina-220-l","status":"publish","type":"product","link":"https:\/\/go-st.vizia.si\/?product=hladilna-vitrina-220-l","title":{"rendered":"Hladilna vitrina, 220 l."},"content":{"rendered":"<p>Poskrbite, da bodo va\u0161i izdelki dobili potrebno pozornost. Stenska hladilna vitrina <strong>MAYWAY<\/strong> MW-220L omogo\u010da popolno in pregledno predstavitev va\u0161ih \u017eivil, pija\u010d in prigrizkov. Posebej primerna je za uporabo v trgovinah z \u017eivili, bifejih, samopostre\u017enih oddelkih, menzah, bencinskih servisih, kioskih in kmetijskih trgovinah. Zni\u017eajte svoje stro\u0161ke energije in uporabite prilo\u017eeno no\u010dno roleto za pokrivanje. <\/p>\n<h3 class=\"desc-headings\">Poudarki<\/h3>\n<ul>\n<li>Moderen, privla\u010den dizajn<\/li>\n<li>Optimalno vidno polje na predstavljeno blago<\/li>\n<li>Prakti\u010dno jemlje blaga s strani kupcev<\/li>\n<li>Privla\u010dna LED osvetlitev<\/li>\n<li>Vi\u0161insko nastavljive police<\/li>\n<li>Vklju\u010dno z no\u010dno roleto<\/li>\n<\/ul>\n<h3 class=\"desc-headings\">Informacije o izdelku<\/h3>\n<ul>\n<li>Barva: nerjave\u010de jeklo\/\u010drna<\/li>\n<li>Vsebina: 220 l<\/li>\n<li>LED osvetlitev, 2 stranska stekla<\/li>\n<li>vklju\u010dno z no\u010dno roleto<\/li>\n<li>police iz nerjave\u010dega jekla<\/li>\n<li>digitalni zaslon in nadzor temperature<\/li>\n<li>hlajenje z zra\u010dnim pretokom, avtomatsko odmrzovanje<\/li>\n<li>4 kolesa \u2013 2 od njih z zavoro<\/li>\n<\/ul>\n<h3 class=\"desc-headings\">Tehni\u010dne informacije<\/h3>\n<ul>\n<li>Temperaturno obmo\u010dje: +2\u00b0\/+10\u00b0C<\/li>\n<li>Priklju\u010dek: 230V \/ 636 W<\/li>\n<li>Dimenzije: 49,4 x 67,4 x 174,2 cm (\u0160xGxV)<\/li>\n<\/ul>\n","protected":false},"excerpt":{"rendered":"<p>Vsebina: 220 l.<br \/>Priklju\u010dek: 230 V \/ 636 W<br \/>Dimenzije: 49,4 x 67,4 x 174,2 cm (\u0160xGxV)<\/p>\n","protected":false},"featured_media":82598,"comment_status":"open","ping_status":"closed","template":"","meta":{"_acf_changed":false},"product_brand":[],"product_cat":[34],"product_tag":[],"class_list":{"0":"post-82569","1":"product","2":"type-product","3":"status-publish","4":"has-post-thumbnail","6":"product_cat-hladilne-vitrine","8":"first","9":"instock","10":"shipping-taxable","11":"purchasable","12":"product-type-simple"},"acf":[],"_links":{"self":[{"href":"https:\/\/go-st.vizia.si\/index.php?rest_route=\/wp\/v2\/product\/82569","targetHints":{"allow":["GET"]}}],"collection":[{"href":"https:\/\/go-st.vizia.si\/index.php?rest_route=\/wp\/v2\/product"}],"about":[{"href":"https:\/\/go-st.vizia.si\/index.php?rest_route=\/wp\/v2\/types\/product"}],"replies":[{"embeddable":true,"href":"https:\/\/go-st.vizia.si\/index.php?rest_route=%2Fwp%2Fv2%2Fcomments&post=82569"}],"wp:featuredmedia":[{"embeddable":true,"href":"https:\/\/go-st.vizia.si\/index.php?rest_route=\/wp\/v2\/media\/82598"}],"wp:attachment":[{"href":"https:\/\/go-st.vizia.si\/index.php?rest_route=%2Fwp%2Fv2%2Fmedia&parent=82569"}],"wp:term":[{"taxonomy":"product_brand","embeddable":true,"href":"https:\/\/go-st.vizia.si\/index.php?rest_route=%2Fwp%2Fv2%2Fproduct_brand&post=82569"},{"taxonomy":"product_cat","embeddable":true,"href":"https:\/\/go-st.vizia.si\/index.php?rest_route=%2Fwp%2Fv2%2Fproduct_cat&post=82569"},{"taxonomy":"product_tag","embeddable":true,"href":"https:\/\/go-st.vizia.si\/index.php?rest_route=%2Fwp%2Fv2%2Fproduct_tag&post=82569"}],"curies":[{"name":"wp","href":"https:\/\/api.w.org\/{rel}","templated":true}]}}