{"id":82570,"date":"2026-01-29T18:02:48","date_gmt":"2026-01-29T18:02:48","guid":{"rendered":"https:\/\/go-st.vizia.si\/?post_type=product&#038;p=82570"},"modified":"2026-02-12T09:43:06","modified_gmt":"2026-02-12T09:43:06","slug":"hladilna-vitrina-mw-270","status":"publish","type":"product","link":"https:\/\/go-st.vizia.si\/?product=hladilna-vitrina-mw-270","title":{"rendered":"Hladilna vitrina, MW-270"},"content":{"rendered":"<p><span>Hladilne vitrine MAYWAY<\/span><strong> so odli\u010dne za hlajenje in predstavitev tort, peciva, desertov, prigrizkov in pija\u010d, zato zelo spodbujajo prodajo. <\/span><strong>Moderen dizajn<\/strong><span>, <\/span><strong>prostorna predstavitvena povr\u0161ina<\/strong><span> in <\/span><strong>4-stransko dvojno steklo<\/strong><span> omogo\u010dajo optimalno predstavitev va\u0161ih izdelkov. Preudarna notranja osvetlitev daje va\u0161im izdelkom \u0161e posebej apetiten videz in jih spremeni v posebne vrhunce. Va\u0161a hrana ostane dlje sve\u017ea zaradi<\/span><strong> u\u010dinkovitega sistema hlajenja z zra\u010dnim obtokom<\/strong><span>, ki je opremljen z visokokakovostnimi komponentami in zagotavlja enakomerno temperaturo v celotnem notranjem prostoru.<\/p>\n<h3 class=\"desc-headings\">Poudarki<\/h3>\n<ul>\n<li>Dvojno steklo<\/li>\n<li>Moderen dizajn <\/li>\n<li>LED notranja osvetlitev za privla\u010dno predstavitev izdelkov<\/li>\n<li>270 l prostornina <\/li>\n<li>Vi\u0161insko nastavljive steklene police <\/li>\n<\/ul>\n<h3 class=\"desc-headings\">Informacije o izdelku<\/h3>\n<ul>\n<li>Barva okvirja: \u010drna<\/li>\n<li>Ohi\u0161je: nerjave\u010de jeklo<\/li>\n<li>LED notranja osvetlitev<\/li>\n<li>digitalni zaslon<\/li>\n<li>energetsko var\u010den<\/li>\n<li>prostornina: 270 l<\/li>\n<li>osvetljene in vi\u0161insko nastavljive steklene police<\/li>\n<li>na kolesih<\/li>\n<\/ul>\n<h3 class=\"desc-headings\">Tehni\u010dne informacije<\/h3>\n<ul>\n<li>Hlajenje z zra\u010dnim pretokom<\/li>\n<li>Avtomatsko odmrzovanje<\/li>\n<li>Temperaturno obmo\u010dje: +3\u00b0\/+8\u00b0C<\/li>\n<li>Hladilno sredstvo: R600a<\/li>\n<li>Priklju\u010dek: 230 V \/ 636 W<\/li>\n<li>Dimenzije: 65 x 65 x 150 cm (\u0160xGxV)<\/li>\n<\/ul>\n","protected":false},"excerpt":{"rendered":"<p>Vsebina: 270 l.<br \/>Temperaturno obmo\u010dje: +3\u00b0\/+8\u00b0C<br \/>Priklju\u010dek: 230 V \/ 636 W<br \/>Dimenzije: 65 x 65 x 150 cm (\u0160xGxV)<\/p>\n","protected":false},"featured_media":82599,"comment_status":"open","ping_status":"closed","template":"","meta":{"_acf_changed":false},"product_brand":[166],"product_cat":[34],"product_tag":[],"class_list":{"0":"post-82570","1":"product","2":"type-product","3":"status-publish","4":"has-post-thumbnail","6":"product_brand-mayway","7":"product_cat-hladilne-vitrine","9":"first","10":"instock","11":"shipping-taxable","12":"purchasable","13":"product-type-simple"},"acf":[],"_links":{"self":[{"href":"https:\/\/go-st.vizia.si\/index.php?rest_route=\/wp\/v2\/product\/82570","targetHints":{"allow":["GET"]}}],"collection":[{"href":"https:\/\/go-st.vizia.si\/index.php?rest_route=\/wp\/v2\/product"}],"about":[{"href":"https:\/\/go-st.vizia.si\/index.php?rest_route=\/wp\/v2\/types\/product"}],"replies":[{"embeddable":true,"href":"https:\/\/go-st.vizia.si\/index.php?rest_route=%2Fwp%2Fv2%2Fcomments&post=82570"}],"wp:featuredmedia":[{"embeddable":true,"href":"https:\/\/go-st.vizia.si\/index.php?rest_route=\/wp\/v2\/media\/82599"}],"wp:attachment":[{"href":"https:\/\/go-st.vizia.si\/index.php?rest_route=%2Fwp%2Fv2%2Fmedia&parent=82570"}],"wp:term":[{"taxonomy":"product_brand","embeddable":true,"href":"https:\/\/go-st.vizia.si\/index.php?rest_route=%2Fwp%2Fv2%2Fproduct_brand&post=82570"},{"taxonomy":"product_cat","embeddable":true,"href":"https:\/\/go-st.vizia.si\/index.php?rest_route=%2Fwp%2Fv2%2Fproduct_cat&post=82570"},{"taxonomy":"product_tag","embeddable":true,"href":"https:\/\/go-st.vizia.si\/index.php?rest_route=%2Fwp%2Fv2%2Fproduct_tag&post=82570"}],"curies":[{"name":"wp","href":"https:\/\/api.w.org\/{rel}","templated":true}]}}