{"id":82635,"date":"2026-01-29T18:02:57","date_gmt":"2026-01-29T18:02:57","guid":{"rendered":"https:\/\/go-st.vizia.si\/?post_type=product&#038;p=82635"},"modified":"2026-02-12T09:43:01","modified_gmt":"2026-02-12T09:43:01","slug":"hladilna-vitrina-festival-6","status":"publish","type":"product","link":"https:\/\/go-st.vizia.si\/?product=hladilna-vitrina-festival-6","title":{"rendered":"Hladilna vitrina, FESTIVAL 6"},"content":{"rendered":"<p>Barva: be\u017e <br \/>Ohi\u0161je iz lakirane plo\u010devine, <br \/>plasti\u010dna pokrivna plo\u0161\u010da, na kolesih, <br \/>primerno za shranjevanje in <br \/>predstavitev sladoleda, <br \/>elektronski nadzorni panel, vklju\u010dno z <br \/>posodo za odmerjanje sladoleda, pokrovom za <br \/>posodo za sladoled in cenovno oznako, <br \/>stati\u010dno hlajenje, ro\u010dno <br \/>odtaljevanje, prostornina: 256 l. <br \/>Kapaciteta: 6+6 okroglih posod za sladoled <br \/>vsaka 7 l, 20 x 25 cm (DMxH) <br \/>posode za sladoled so zlo\u017eljive, niso vklju\u010dene! <br \/>Temperaturno obmo\u010dje: -5\u00b0\/-20\u00b0C <br \/>Povezava: 230 V \/ 210 W <br \/>Dimenzije: 90,9 x 68,4 x 100,8 cm (\u0160xGxV)<\/p><\/p>\n","protected":false},"excerpt":{"rendered":"<p>Barva: be\u017e Ohi\u0161je iz lakirane plo\u010devine, plasti\u010dna pokrivna plo\u0161\u010da, na kolesih, primerno za shranjevanje in predstavitev sladoleda, elektronski nadzorni panel, vklju\u010dno z posodo za odmerjanje sladoleda, pokrovom za posodo za sladoled in cenovno oznako, stati\u010dno hlajenje, ro\u010dno odtaljevanje, prostornina: 256 l. Kapaciteta: 6+6 okroglih posod za sladoled vsaka 7 l, 20 x 25 cm (DMxH) [&hellip;]<\/p>\n","protected":false},"featured_media":82691,"comment_status":"open","ping_status":"closed","template":"","meta":{"_acf_changed":false},"product_brand":[524],"product_cat":[34],"product_tag":[],"class_list":{"0":"post-82635","1":"product","2":"type-product","3":"status-publish","4":"has-post-thumbnail","6":"product_brand-cof","7":"product_cat-hladilne-vitrine","9":"first","10":"instock","11":"shipping-taxable","12":"purchasable","13":"product-type-simple"},"acf":[],"_links":{"self":[{"href":"https:\/\/go-st.vizia.si\/index.php?rest_route=\/wp\/v2\/product\/82635","targetHints":{"allow":["GET"]}}],"collection":[{"href":"https:\/\/go-st.vizia.si\/index.php?rest_route=\/wp\/v2\/product"}],"about":[{"href":"https:\/\/go-st.vizia.si\/index.php?rest_route=\/wp\/v2\/types\/product"}],"replies":[{"embeddable":true,"href":"https:\/\/go-st.vizia.si\/index.php?rest_route=%2Fwp%2Fv2%2Fcomments&post=82635"}],"wp:featuredmedia":[{"embeddable":true,"href":"https:\/\/go-st.vizia.si\/index.php?rest_route=\/wp\/v2\/media\/82691"}],"wp:attachment":[{"href":"https:\/\/go-st.vizia.si\/index.php?rest_route=%2Fwp%2Fv2%2Fmedia&parent=82635"}],"wp:term":[{"taxonomy":"product_brand","embeddable":true,"href":"https:\/\/go-st.vizia.si\/index.php?rest_route=%2Fwp%2Fv2%2Fproduct_brand&post=82635"},{"taxonomy":"product_cat","embeddable":true,"href":"https:\/\/go-st.vizia.si\/index.php?rest_route=%2Fwp%2Fv2%2Fproduct_cat&post=82635"},{"taxonomy":"product_tag","embeddable":true,"href":"https:\/\/go-st.vizia.si\/index.php?rest_route=%2Fwp%2Fv2%2Fproduct_tag&post=82635"}],"curies":[{"name":"wp","href":"https:\/\/api.w.org\/{rel}","templated":true}]}}