{"id":82657,"date":"2026-01-29T18:02:58","date_gmt":"2026-01-29T18:02:58","guid":{"rendered":"https:\/\/go-st.vizia.si\/?post_type=product&#038;p=82657"},"modified":"2026-02-12T09:43:02","modified_gmt":"2026-02-12T09:43:02","slug":"hladilna-vitrina-punto-6r-st","status":"publish","type":"product","link":"https:\/\/go-st.vizia.si\/?product=hladilna-vitrina-punto-6r-st","title":{"rendered":"Hladilna vitrina, PUNTO 6R ST"},"content":{"rendered":"<p><strong>Osve\u017eujo\u010d in okusen sladoled<\/strong><span> privla\u010dno in mamljivo predstavljen.\u00a0<\/span><strong>Moderne in stilne<\/strong><span> so <\/span><strong>vitrine za sladoled MAYWAY,<\/strong><span> izdelane v podjetju COF Italy, ki s svojim modernim dizajnom pritegnejo poglede na vsakem <\/span><strong>sladolednem pultu<\/strong><span>. Preudarna zasnova, notranja LED-razsvetljava in panoramsko steklo vitrine za sladoled jo naredijo za pravo pa\u0161o za o\u010di v va\u0161i izlo\u017ebi. Mo\u010dno hlajenje, opremljeno z najsodobnej\u0161o tehnologijo in <\/span><strong>visokokakovostnimi komponentami<\/strong><span>, ohranja sladoled na konstantni temperaturi.<\/span><\/p>\n<h3 class=\"desc-headings\">Poudarki<\/h3>\n<ul>\n<li><strong>Ohi\u0161je in notranjost:<\/strong> pra\u0161no barvana jeklena plo\u010devina v beli barvi<\/li>\n<li><strong>Stran za upravljanje:<\/strong> odklopna, ravna pokrivna plo\u0161\u010da iz pleksi stekla<\/li>\n<li><strong>Sprednje steklo:<\/strong> pravokotno steklo iz varnostnega stekla<\/li>\n<li><strong>Predal za shranjevanje:<\/strong> z vrati, ni mogo\u010de lo\u010deno nastavljati<\/li>\n<li><strong>Upravljanje:<\/strong> digitalni regulator<\/li>\n<li><strong>Prikaz temperature in stanja:<\/strong> LCD-zaslon<\/li>\n<li><strong>Osvetlitev:<\/strong> LED notranja osvetlitev<\/li>\n<li><strong>Dvojna kolesa:<\/strong> 4 kolesa, 2 z zavoro<\/li>\n<li><strong>Hladilni sistem:<\/strong> Pripravljen za priklop s stati\u010dnim hlajenjem<\/li>\n<li><strong>Kondenzator:<\/strong> podprt z ventilatorjem<\/li>\n<li><strong>Elektri\u010dno odtaljevanje:<\/strong> avtomatsko z izhlapevanjem odtaljene vode<\/li>\n<li><strong>Izolacija:<\/strong> 6 cm visokotla\u010dna brizgana iz FCKW-proste poliuretanske pene<\/li>\n<\/ul>\n<h3 class=\"desc-headings\">Informacije o izdelku<\/h3>\n<p><strong>Vsebina:<\/strong><\/p>\n<ul>\n<li>6 posod za led 26 x 15,7 x 17 cm<\/li>\n<li>ali 4 + 4 posode za led 36 x 16,5 x 12 cm<\/li>\n<li>Posode za led z vi\u0161ino 12 cm se lahko zlagajo ena na drugo<\/li>\n<\/ul>\n<p><strong>V rezervnem predalu:<\/strong><\/p>\n<ul>\n<li>6 posod za led 26 x 15,7 x 17 cm<\/li>\n<li>ali 4 + 4 posode za led 36 x 16,5 x 12 cm<\/li>\n<li>Posode za led z vi\u0161ino 12 cm se lahko zlagajo ena na drugo<\/li>\n<\/ul>\n<h3 class=\"desc-headings\">Tehni\u010dne informacije<\/h3>\n<ul>\n<li>Temperaturno obmo\u010dje: -14\u00b0\/-16\u00b0C<\/li>\n<li>Hladilno sredstvo: R290, okolju prijazno, brez CFC<\/li>\n<li>Povezovalna vrednost: 230 V \/ 810 W<\/li>\n<li>Razred energetske u\u010dinkovitosti: B<\/li>\n<li>Bruto prostornina: 372 l<\/li>\n<li>Neto prostornina: 119 l<\/li>\n<li>Dimenzije: 118,4 x 80 x 117,6 cm (\u0160xGxV)<\/li>\n<\/ul>\n<p><strong>Dodatne mo\u017enosti za dopla\u010dilo<\/strong><\/p>\n<ul>\n<li>Posode za sladoled<\/li>\n<li>Posoda za odmerjanje sladoleda<\/li>\n<li>Dekoracija<\/li>\n<\/ul>\n","protected":false},"excerpt":{"rendered":"<p><span>10 x 4,75 l posode za led<\/span><br \/><span>6 + (6) x 5 l posode za led v dvojni plasti<\/span><br \/><span>Dimenzije: 118,4 x 80 x 117,6 cm (\u0160xGxV)<\/span><br \/><span>Temperaturno obmo\u010dje: -16\u00b0\/-14\u00b0C<\/span><br \/><span>Povezava: 230 V \/ 810 W<\/span><br \/><span>S predalom za shranjevanje<\/span><\/p>\n","protected":false},"featured_media":82764,"comment_status":"open","ping_status":"closed","template":"","meta":{"_acf_changed":false},"product_brand":[524],"product_cat":[34],"product_tag":[],"class_list":{"0":"post-82657","1":"product","2":"type-product","3":"status-publish","4":"has-post-thumbnail","6":"product_brand-cof","7":"product_cat-hladilne-vitrine","9":"first","10":"instock","11":"shipping-taxable","12":"purchasable","13":"product-type-simple"},"acf":[],"_links":{"self":[{"href":"https:\/\/go-st.vizia.si\/index.php?rest_route=\/wp\/v2\/product\/82657","targetHints":{"allow":["GET"]}}],"collection":[{"href":"https:\/\/go-st.vizia.si\/index.php?rest_route=\/wp\/v2\/product"}],"about":[{"href":"https:\/\/go-st.vizia.si\/index.php?rest_route=\/wp\/v2\/types\/product"}],"replies":[{"embeddable":true,"href":"https:\/\/go-st.vizia.si\/index.php?rest_route=%2Fwp%2Fv2%2Fcomments&post=82657"}],"wp:featuredmedia":[{"embeddable":true,"href":"https:\/\/go-st.vizia.si\/index.php?rest_route=\/wp\/v2\/media\/82764"}],"wp:attachment":[{"href":"https:\/\/go-st.vizia.si\/index.php?rest_route=%2Fwp%2Fv2%2Fmedia&parent=82657"}],"wp:term":[{"taxonomy":"product_brand","embeddable":true,"href":"https:\/\/go-st.vizia.si\/index.php?rest_route=%2Fwp%2Fv2%2Fproduct_brand&post=82657"},{"taxonomy":"product_cat","embeddable":true,"href":"https:\/\/go-st.vizia.si\/index.php?rest_route=%2Fwp%2Fv2%2Fproduct_cat&post=82657"},{"taxonomy":"product_tag","embeddable":true,"href":"https:\/\/go-st.vizia.si\/index.php?rest_route=%2Fwp%2Fv2%2Fproduct_tag&post=82657"}],"curies":[{"name":"wp","href":"https:\/\/api.w.org\/{rel}","templated":true}]}}