{"id":82710,"date":"2026-01-29T18:03:20","date_gmt":"2026-01-29T18:03:20","guid":{"rendered":"https:\/\/go-st.vizia.si\/?post_type=product&#038;p=82710"},"modified":"2026-02-11T07:37:01","modified_gmt":"2026-02-11T07:37:01","slug":"hladilni-pult-pa-2200-s-stenskim-robom","status":"publish","type":"product","link":"https:\/\/go-st.vizia.si\/?product=hladilni-pult-pa-2200-s-stenskim-robom","title":{"rendered":"Hladilni pult PA 2200 s stenskim robom"},"content":{"rendered":"<p>Hladilni pult PA 2200 s stenskim robom je v celoti narejen iz inoxa. Primeren je za peka\u010de velikosti 600 x 400 mm. Vklju\u010den komplet vodil za peka\u010de 600 x 400 mm. Opremljen je z zra\u010dnim hlajenjem, avtomatskim odtajevanjem in digitalnim termostatom. Debelina izolacije je 55 mm. Odstranljiva tesnila vrat. Dvoja vrata. Vrata se zapirajo sama in s tem se prepre\u010di odve\u010dno uhajanje hladnega zraka. Nastavljive nogice. Energijski razred D.<\/p>\n","protected":false},"excerpt":{"rendered":"<p>Hladilni pult PA 2200 s stenskim robom je v celoti narejen iz inoxa. Primeren je za peka\u010de velikosti 600 x 400 mm. Vklju\u010den komplet vodil za peka\u010de 600 x 400 mm. Opremljen je z zra\u010dnim hlajenjem, avtomatskim odtajevanjem in digitalnim termostatom. Debelina izolacije je 55 mm. Odstranljiva tesnila vrat. Dvoja vrata. Vrata se zapirajo sama [&hellip;]<\/p>\n","protected":false},"featured_media":82792,"comment_status":"open","ping_status":"closed","template":"","meta":{"_acf_changed":false},"product_brand":[313],"product_cat":[94],"product_tag":[],"class_list":{"0":"post-82710","1":"product","2":"type-product","3":"status-publish","4":"has-post-thumbnail","6":"product_brand-cool-head","7":"product_cat-hladilni-pulti","9":"first","10":"instock","11":"shipping-taxable","12":"purchasable","13":"product-type-simple"},"acf":[],"_links":{"self":[{"href":"https:\/\/go-st.vizia.si\/index.php?rest_route=\/wp\/v2\/product\/82710","targetHints":{"allow":["GET"]}}],"collection":[{"href":"https:\/\/go-st.vizia.si\/index.php?rest_route=\/wp\/v2\/product"}],"about":[{"href":"https:\/\/go-st.vizia.si\/index.php?rest_route=\/wp\/v2\/types\/product"}],"replies":[{"embeddable":true,"href":"https:\/\/go-st.vizia.si\/index.php?rest_route=%2Fwp%2Fv2%2Fcomments&post=82710"}],"wp:featuredmedia":[{"embeddable":true,"href":"https:\/\/go-st.vizia.si\/index.php?rest_route=\/wp\/v2\/media\/82792"}],"wp:attachment":[{"href":"https:\/\/go-st.vizia.si\/index.php?rest_route=%2Fwp%2Fv2%2Fmedia&parent=82710"}],"wp:term":[{"taxonomy":"product_brand","embeddable":true,"href":"https:\/\/go-st.vizia.si\/index.php?rest_route=%2Fwp%2Fv2%2Fproduct_brand&post=82710"},{"taxonomy":"product_cat","embeddable":true,"href":"https:\/\/go-st.vizia.si\/index.php?rest_route=%2Fwp%2Fv2%2Fproduct_cat&post=82710"},{"taxonomy":"product_tag","embeddable":true,"href":"https:\/\/go-st.vizia.si\/index.php?rest_route=%2Fwp%2Fv2%2Fproduct_tag&post=82710"}],"curies":[{"name":"wp","href":"https:\/\/api.w.org\/{rel}","templated":true}]}}