{"id":82898,"date":"2026-01-29T18:03:54","date_gmt":"2026-01-29T18:03:54","guid":{"rendered":"https:\/\/go-st.vizia.si\/?post_type=product&#038;p=82898"},"modified":"2026-02-12T09:42:20","modified_gmt":"2026-02-12T09:42:20","slug":"nevtralni-element-lada-gastroline-1-0","status":"publish","type":"product","link":"https:\/\/go-st.vizia.si\/?product=nevtralni-element-lada-gastroline-1-0","title":{"rendered":"Nevtralni element, LADA GASTROLINE 1.0"},"content":{"rendered":"<p><strong>Linija bifejev GASTROLINE podjetja MAYWAY<\/strong><span> je individualno oblikovalen, <\/span><strong>modularen sistem bifejev<\/strong><span>, ki ga je mogo\u010de kombinirati v razli\u010dnih dol\u017einah in izvedbah.<\/span><br \/><span>Linija bifejev GASTROLINE vam ponuja bogat izbor <\/span><strong>razli\u010dnih dekorjev, barv in izvedb<\/strong><span>, vsi modularni elementi so robustni in kakovostno izdelani. V kombinaciji z razli\u010dnimi mo\u017enostmi uporabe lahko ustvarite bifejsko okolje povsem po va\u0161ih \u017eeljah.<\/span><\/p>\n<h3 class=\"desc-headings\">Poudarki<\/h3>\n<ul>\n<li>Zunanji ohi\u0161je iz jeklene plo\u010devine, \u010drno pra\u0161no barvano<\/li>\n<li>Sprednja obloga iz \u010drnega laminata z ogledalom<\/li>\n<li>Delovna plo\u0161\u010da iz sivega granita, debeline 3 cm<\/li>\n<li>Odprta podstavna konstrukcija z predalom<\/li>\n<li>Stabilna in visokokakovostna izvedba na vi\u0161insko nastavljivih nogah<\/li>\n<\/ul>\n<h3 class=\"desc-headings\">Tehni\u010dne informacije<\/h3>\n<ul>\n<li>Neutralni blagajni\u0161ki element s predalom<\/li>\n<li>Dimenzije: 100 x 80 x 85 cm (\u0160xGxV)<\/li>\n<li>Te\u017ea: 100 kg<\/li>\n<\/ul>\n<p><strong>Dodatne mo\u017enosti za dopla\u010dilo<\/strong><\/p>\n<ul>\n<li>Plo\u0161\u010dad za pladnje<\/li>\n<li>Stekleni nadstre\u0161ek iz varnostnega stekla<\/li>\n<li>Granitna plo\u0161\u010da, \u010drna, Balmoral<\/li>\n<li>Zunanja obloga v barvah RAL<\/li>\n<li>Zunanja obloga iz nerjave\u010dega jekla<\/li>\n<li>Podstavek iz nerjave\u010dega jekla<\/li>\n<li>Podno\u017eje iz nerjave\u010dega jekla<\/li>\n<li>Komplet koles za mobilno postavitev<\/li>\n<\/ul>\n","protected":false},"excerpt":{"rendered":"<p>Neutralni blagajni\u0161ki element s predalom<br \/>Dimenzije: 100 x 80 x 85 cm (\u0160xGxV)<br \/>Te\u017ea: 100 kg<\/p>\n","protected":false},"featured_media":82933,"comment_status":"open","ping_status":"closed","template":"","meta":{"_acf_changed":false},"product_brand":[166],"product_cat":[94],"product_tag":[],"class_list":{"0":"post-82898","1":"product","2":"type-product","3":"status-publish","4":"has-post-thumbnail","6":"product_brand-mayway","7":"product_cat-hladilni-pulti","9":"first","10":"instock","11":"shipping-taxable","12":"purchasable","13":"product-type-simple"},"acf":[],"_links":{"self":[{"href":"https:\/\/go-st.vizia.si\/index.php?rest_route=\/wp\/v2\/product\/82898","targetHints":{"allow":["GET"]}}],"collection":[{"href":"https:\/\/go-st.vizia.si\/index.php?rest_route=\/wp\/v2\/product"}],"about":[{"href":"https:\/\/go-st.vizia.si\/index.php?rest_route=\/wp\/v2\/types\/product"}],"replies":[{"embeddable":true,"href":"https:\/\/go-st.vizia.si\/index.php?rest_route=%2Fwp%2Fv2%2Fcomments&post=82898"}],"wp:featuredmedia":[{"embeddable":true,"href":"https:\/\/go-st.vizia.si\/index.php?rest_route=\/wp\/v2\/media\/82933"}],"wp:attachment":[{"href":"https:\/\/go-st.vizia.si\/index.php?rest_route=%2Fwp%2Fv2%2Fmedia&parent=82898"}],"wp:term":[{"taxonomy":"product_brand","embeddable":true,"href":"https:\/\/go-st.vizia.si\/index.php?rest_route=%2Fwp%2Fv2%2Fproduct_brand&post=82898"},{"taxonomy":"product_cat","embeddable":true,"href":"https:\/\/go-st.vizia.si\/index.php?rest_route=%2Fwp%2Fv2%2Fproduct_cat&post=82898"},{"taxonomy":"product_tag","embeddable":true,"href":"https:\/\/go-st.vizia.si\/index.php?rest_route=%2Fwp%2Fv2%2Fproduct_tag&post=82898"}],"curies":[{"name":"wp","href":"https:\/\/api.w.org\/{rel}","templated":true}]}}