{"id":82899,"date":"2026-01-29T18:03:54","date_gmt":"2026-01-29T18:03:54","guid":{"rendered":"https:\/\/go-st.vizia.si\/?post_type=product&#038;p=82899"},"modified":"2026-02-12T09:42:20","modified_gmt":"2026-02-12T09:42:20","slug":"hladilni-pult-korpus-1-re-fk-ag-regd-110e","status":"publish","type":"product","link":"https:\/\/go-st.vizia.si\/?product=hladilni-pult-korpus-1-re-fk-ag-regd-110e","title":{"rendered":"Hladilni pult, Korpus 1 RE-FK-AG, REGD 110E"},"content":{"rendered":"<p><strong>Konstantna zmogljivost hlajenja<\/strong><span> v kombinaciji z <\/span><strong>moderno obliko, funkcionalnostjo<\/strong><span> in <\/span><strong>najvi\u0161jo kakovostjo<\/strong><span>! <\/span><strong>MAYWAY hladilni pulti za pija\u010de<\/strong><span> so prepri\u010dljivi za vsakim pultom in so posebej opremljeni za ekstremne obremenitve v gostinskih obratih. So idealni za shranjevanje va\u0161ih pija\u010d in se lahko prostorsko var\u010dno vgradijo v pult. Sami se odlo\u010dite o konfiguraciji va\u0161ega hladilnega pulta \u2013 z vrati iz nerjave\u010dega jekla, steklenimi vrati, funkcionalnimi predali, hladilnikom za steklenice, predalom za rde\u010de vino, izvle\u010dnim predalom za pivske sode, pripravljenim za priklop ali za zunanje hlajenje. Vsi hladilni pulti so izolirani z visokokakovostno 5 cm debelo poliuretansko peno visoke gostote. Stati\u010dno hlajenje v zadnji steni zagotavlja enakomerno hlajenje in s tem konstantno temperaturo v celotnem notranjem prostoru.<\/p>\n<h3 class=\"desc-headings\">Poudarki<\/h3>\n<ul>\n<li>Notranjost in zunanjost iz nerjave\u010dega jekla<\/li>\n<li>Konstantna temperatura v celotnem notranjem prostoru<\/li>\n<li>V zadnjo steno vgrajen izparilnik<\/li>\n<li>Ni ve\u010d po\u0161kodb zaradi korozije na izparilniku<\/li>\n<li>Ni izparilnika v notranjem prostoru, optimalno za to\u010dilno tehniko<\/li>\n<li>Notranji dno je globoko vle\u010deno za enostavno \u010di\u0161\u010denje<\/li>\n<li>Pripravljeni, perforirani prehodni kanali za cevi za pija\u010de<\/li>\n<li>Okolju prijazno hladilno sredstvo z nizkim GWP<\/li>\n<li>Popolnoma vgradljiv zaradi sprednje prezra\u010devanja in odzra\u010devanja<\/li>\n<li>5 cm poliuretanska toplotna izolacija<\/li>\n<\/ul>\n<h3 class=\"desc-headings\">Informacije o izdelku<\/h3>\n<ul>\n<li>vklju\u010dno z 1 vrati z magnetnim tesnilom<\/li>\n<li>1 vrata, svetla \u0161irina x vi\u0161ina: 480 x 740 mm<\/li>\n<li>Hladilnik za steklenice s priklju\u010dnim okvirjem<\/li>\n<li>Dimenzije posode hladilnika za steklenice \u0160 x G x V: 315 x 515 x 250 mm<\/li>\n<li>Agregat na desni strani, pripravljen za priklop<\/li>\n<li>Avtomatsko izhlapevanje kondenzata<\/li>\n<li>Digitalno uravnavanje temperature s prikazom temperature<\/li>\n<\/ul>\n<h3 class=\"desc-headings\">Tehni\u010dne informacije<\/h3>\n<ul>\n<li>izvedba, pripravljena za priklop<\/li>\n<li>hladilno sredstvo: R455a<\/li>\n<li>temperaturno obmo\u010dje: +2\u00b0\/+8\u00b0C<\/li>\n<li>priklju\u010dna mo\u010d: 230 V \/ 330 W<\/li>\n<li>dimenzije: 99 x 68 x 85 cm<\/li>\n<\/ul>\n","protected":false},"excerpt":{"rendered":"<p><span>1 vrata, pripravljena za priklop, <\/span><br \/><span>1 vrata, svetla \u0161irina x vi\u0161ina: 480 x 740 mm<\/span><br \/><span>Temperaturno obmo\u010dje: +2 \u00b0C\/+8 \u00b0C<\/span><br \/><span>Povezovalna vrednost: 230 V \/ 330 W<\/span><br \/><span>Dimenzije: 99 x 68 x 85 cm (\u0160xGxV)<\/span><\/p>\n","protected":false},"featured_media":82935,"comment_status":"open","ping_status":"closed","template":"","meta":{"_acf_changed":false},"product_brand":[166],"product_cat":[94],"product_tag":[],"class_list":{"0":"post-82899","1":"product","2":"type-product","3":"status-publish","4":"has-post-thumbnail","6":"product_brand-mayway","7":"product_cat-hladilni-pulti","9":"first","10":"instock","11":"shipping-taxable","12":"purchasable","13":"product-type-simple"},"acf":[],"_links":{"self":[{"href":"https:\/\/go-st.vizia.si\/index.php?rest_route=\/wp\/v2\/product\/82899","targetHints":{"allow":["GET"]}}],"collection":[{"href":"https:\/\/go-st.vizia.si\/index.php?rest_route=\/wp\/v2\/product"}],"about":[{"href":"https:\/\/go-st.vizia.si\/index.php?rest_route=\/wp\/v2\/types\/product"}],"replies":[{"embeddable":true,"href":"https:\/\/go-st.vizia.si\/index.php?rest_route=%2Fwp%2Fv2%2Fcomments&post=82899"}],"wp:featuredmedia":[{"embeddable":true,"href":"https:\/\/go-st.vizia.si\/index.php?rest_route=\/wp\/v2\/media\/82935"}],"wp:attachment":[{"href":"https:\/\/go-st.vizia.si\/index.php?rest_route=%2Fwp%2Fv2%2Fmedia&parent=82899"}],"wp:term":[{"taxonomy":"product_brand","embeddable":true,"href":"https:\/\/go-st.vizia.si\/index.php?rest_route=%2Fwp%2Fv2%2Fproduct_brand&post=82899"},{"taxonomy":"product_cat","embeddable":true,"href":"https:\/\/go-st.vizia.si\/index.php?rest_route=%2Fwp%2Fv2%2Fproduct_cat&post=82899"},{"taxonomy":"product_tag","embeddable":true,"href":"https:\/\/go-st.vizia.si\/index.php?rest_route=%2Fwp%2Fv2%2Fproduct_tag&post=82899"}],"curies":[{"name":"wp","href":"https:\/\/api.w.org\/{rel}","templated":true}]}}