{"id":82903,"date":"2026-01-29T18:03:54","date_gmt":"2026-01-29T18:03:54","guid":{"rendered":"https:\/\/go-st.vizia.si\/?post_type=product&#038;p=82903"},"modified":"2026-02-12T09:49:12","modified_gmt":"2026-02-12T09:49:12","slug":"inox-pult","status":"publish","type":"product","link":"https:\/\/go-st.vizia.si\/?product=inox-pult","title":{"rendered":"INOX PULT"},"content":{"rendered":"<p>Ustvarite moderno, zanesljivo delovno mesto z veliko delovno povr\u0161ino in dovolj prostora za shranjevanje. Mayway elementi omar ne smejo manjkati v nobeni profesionalni kuhinji. Izdelani so v celoti iz nerjave\u010dega jekla in so natan\u010dno prilagojeni ekstremnim obremenitvam v gostinskih obratih in velikih kuhinjah. Vsi elementi omar ustrezajo najnovej\u0161im higienskim predpisom in se z vi\u0161insko nastavljivimi nogami enostavno in natan\u010dno prilagodijo drugim kosom pohi\u0161tva in napravam.<\/p>\n<h3 class=\"desc-headings\">Poudarki<\/h3>\n<ul>\n<li>Evropski kakovostni izdelek, proizveden v Italiji<\/li>\n<li>Delovna plo\u0161\u010da iz visokokakovostnega, 1 mm debelega nerjave\u010dega jekla AISI 304<\/li>\n<li>Visokokakovostno nerjave\u010de jeklo AISI 304 je optimalno za ravnanje z \u017eivili<\/li>\n<li>Podloga delovne plo\u0161\u010de iz 18 mm debele, vodoodporne in ognjevarne plo\u0161\u010de<\/li>\n<li>40 mm debela delovna plo\u0161\u010da z za\u0161\u010ditnim robom za roke po celotnem obodu<\/li>\n<li>\u0160katlasta struktura zagotavlja najve\u010djo stabilnost<\/li>\n<li>Optimalna delovna vi\u0161ina z vi\u0161insko nastavljivimi nogami<\/li>\n<li>Drse\u010da vrata z lahkotnim vodilom na krogli\u010dnih le\u017eajih<\/li>\n<li>Drse\u010da vrata so izvedena z dvojno steno<\/li>\n<li>3 predali s kakovostnimi teleskopskimi vodili<\/li>\n<li>Medpolica je vi\u0161insko nastavljiva in dodatno oja\u010dena z omega profilom<\/li>\n<li>Spodnja polica je dodatno oja\u010dena z omega profilom<\/li>\n<li>Izdelano v skladu z veljavnimi higienskimi smernicami EU<\/li>\n<\/ul>\n<h3 class=\"desc-headings\">Informacije o izdelku<\/h3>\n<ul>\n<li>dvojno stenska drsna vrata iz nerjave\u010dega jekla<\/li>\n<li>3 predali na desni strani<\/li>\n<li>vklju\u010dno z vmesno polico<\/li>\n<li>vi\u0161insko nastavljive noge iz nerjave\u010dega jekla<\/li>\n<li>podlo\u017eena delovna plo\u0161\u010da iz nerjave\u010dega jekla<\/li>\n<li>Dimenzije: 200 x 70 x 90 cm (\u0160xGxV)<\/li>\n<\/ul>\n","protected":false},"excerpt":{"rendered":"<p>Vmesna polica in drsna vrata,<br \/>polica na desni strani,<br \/>Dimenzije: 200 x 70 x 90 cm (\u0160xGxV)<span><br \/><\/span><\/p>\n","protected":false},"featured_media":82939,"comment_status":"open","ping_status":"closed","template":"","meta":{"_acf_changed":false},"product_brand":[],"product_cat":[94],"product_tag":[],"class_list":{"0":"post-82903","1":"product","2":"type-product","3":"status-publish","4":"has-post-thumbnail","6":"product_cat-hladilni-pulti","8":"first","9":"instock","10":"shipping-taxable","11":"purchasable","12":"product-type-simple"},"acf":[],"_links":{"self":[{"href":"https:\/\/go-st.vizia.si\/index.php?rest_route=\/wp\/v2\/product\/82903","targetHints":{"allow":["GET"]}}],"collection":[{"href":"https:\/\/go-st.vizia.si\/index.php?rest_route=\/wp\/v2\/product"}],"about":[{"href":"https:\/\/go-st.vizia.si\/index.php?rest_route=\/wp\/v2\/types\/product"}],"replies":[{"embeddable":true,"href":"https:\/\/go-st.vizia.si\/index.php?rest_route=%2Fwp%2Fv2%2Fcomments&post=82903"}],"wp:featuredmedia":[{"embeddable":true,"href":"https:\/\/go-st.vizia.si\/index.php?rest_route=\/wp\/v2\/media\/82939"}],"wp:attachment":[{"href":"https:\/\/go-st.vizia.si\/index.php?rest_route=%2Fwp%2Fv2%2Fmedia&parent=82903"}],"wp:term":[{"taxonomy":"product_brand","embeddable":true,"href":"https:\/\/go-st.vizia.si\/index.php?rest_route=%2Fwp%2Fv2%2Fproduct_brand&post=82903"},{"taxonomy":"product_cat","embeddable":true,"href":"https:\/\/go-st.vizia.si\/index.php?rest_route=%2Fwp%2Fv2%2Fproduct_cat&post=82903"},{"taxonomy":"product_tag","embeddable":true,"href":"https:\/\/go-st.vizia.si\/index.php?rest_route=%2Fwp%2Fv2%2Fproduct_tag&post=82903"}],"curies":[{"name":"wp","href":"https:\/\/api.w.org\/{rel}","templated":true}]}}