{"id":82906,"date":"2026-01-29T18:03:54","date_gmt":"2026-01-29T18:03:54","guid":{"rendered":"https:\/\/go-st.vizia.si\/?post_type=product&#038;p=82906"},"modified":"2026-02-12T09:48:20","modified_gmt":"2026-02-12T09:48:20","slug":"hladilni-pult-tf-03-mid-gn-6l","status":"publish","type":"product","link":"https:\/\/go-st.vizia.si\/?product=hladilni-pult-tf-03-mid-gn-6l","title":{"rendered":"HLADILNI PULT TF 03 MID GN 6L"},"content":{"rendered":"<p>Hladilne mize <strong>MAYWAY<\/strong> ustrezajo najnovej\u0161im tehni\u010dnim standardom, so izdelane iz visokokakovostnih materialov in primerne za vsako podro\u010dje uporabe v gostinstvu in veliki kuhinji. Ustrezajo strogim higienskim predpisom za hlajenje in shranjevanje \u017eivil. Zaradi visokega standarda kakovosti so naprave idealne za profesionalno uporabo v gostinstvu, hotelirstvu in velikih kuhinjah. <\/p>\n<h3 class=\"desc-headings\">Poudarki<\/h3>\n<ul>\n<li>Notranjost in zunanjost iz nerjave\u010dega jekla<\/li>\n<li>Stabilna in visokokakovostna izvedba<\/li>\n<li>Zaobljeni koti v notranjosti<\/li>\n<li>Izolirano s CFC-prostim, visokotla\u010dnim poliuretanom<\/li>\n<li>Elektronsko krmiljenje<\/li>\n<\/ul>\n<h3 class=\"desc-headings\">Informacije o izdelku<\/h3>\n<ul>\n<li>6 predalov<\/li>\n<li>vi\u0161insko nastavljive noge iz nerjave\u010dega jekla<\/li>\n<li>Vsebina: 475 l<\/li>\n<li>primerno za re\u0161etke in pladnje GN 1\/1<\/li>\n<\/ul>\n<h3 class=\"desc-headings\">Tehni\u010dne informacije<\/h3>\n<ul>\n<li>Hlajenje z zra\u010dnim pretokom<\/li>\n<li>Avtomatsko odmrzovanje<\/li>\n<li>Temperaturno obmo\u010dje: 0\u00b0\/+10\u00b0C<\/li>\n<li>Hladilno sredstvo: R452a<\/li>\n<li>Povezovalna vrednost: 230 V \/ 495 W<\/li>\n<li>Dimenzije: 187 x 70 x 90 cm (\u0160xGxV)<\/li>\n<\/ul>\n","protected":false},"excerpt":{"rendered":"<p>Vsebina: 475 l. <br \/>6 predalov<br \/>Temperaturno obmo\u010dje: 0\u00b0\/+10\u00b0C <br \/>Priklju\u010dek: 230 V \/ 495 W <br \/>Dimenzije: 187 x 70 x 90 cm (\u0160xGxV)<\/p>\n","protected":false},"featured_media":82943,"comment_status":"open","ping_status":"closed","template":"","meta":{"_acf_changed":false},"product_brand":[411],"product_cat":[94],"product_tag":[],"class_list":{"0":"post-82906","1":"product","2":"type-product","3":"status-publish","4":"has-post-thumbnail","6":"product_brand-tecnodom","7":"product_cat-hladilni-pulti","9":"first","10":"instock","11":"shipping-taxable","12":"purchasable","13":"product-type-simple"},"acf":[],"_links":{"self":[{"href":"https:\/\/go-st.vizia.si\/index.php?rest_route=\/wp\/v2\/product\/82906","targetHints":{"allow":["GET"]}}],"collection":[{"href":"https:\/\/go-st.vizia.si\/index.php?rest_route=\/wp\/v2\/product"}],"about":[{"href":"https:\/\/go-st.vizia.si\/index.php?rest_route=\/wp\/v2\/types\/product"}],"replies":[{"embeddable":true,"href":"https:\/\/go-st.vizia.si\/index.php?rest_route=%2Fwp%2Fv2%2Fcomments&post=82906"}],"wp:featuredmedia":[{"embeddable":true,"href":"https:\/\/go-st.vizia.si\/index.php?rest_route=\/wp\/v2\/media\/82943"}],"wp:attachment":[{"href":"https:\/\/go-st.vizia.si\/index.php?rest_route=%2Fwp%2Fv2%2Fmedia&parent=82906"}],"wp:term":[{"taxonomy":"product_brand","embeddable":true,"href":"https:\/\/go-st.vizia.si\/index.php?rest_route=%2Fwp%2Fv2%2Fproduct_brand&post=82906"},{"taxonomy":"product_cat","embeddable":true,"href":"https:\/\/go-st.vizia.si\/index.php?rest_route=%2Fwp%2Fv2%2Fproduct_cat&post=82906"},{"taxonomy":"product_tag","embeddable":true,"href":"https:\/\/go-st.vizia.si\/index.php?rest_route=%2Fwp%2Fv2%2Fproduct_tag&post=82906"}],"curies":[{"name":"wp","href":"https:\/\/api.w.org\/{rel}","templated":true}]}}