{"id":82908,"date":"2026-01-29T18:03:54","date_gmt":"2026-01-29T18:03:54","guid":{"rendered":"https:\/\/go-st.vizia.si\/?post_type=product&#038;p=82908"},"modified":"2026-02-11T07:37:06","modified_gmt":"2026-02-11T07:37:06","slug":"hladilni-pult-tf-03-mid-g-2-vrata-3-predali","status":"publish","type":"product","link":"https:\/\/go-st.vizia.si\/?product=hladilni-pult-tf-03-mid-g-2-vrata-3-predali","title":{"rendered":"HLADILNI PULT TF 03 MID G, 2 VRATA 3 PREDALI"},"content":{"rendered":"<p>iz inoxa, elektronsko upravljanje,<\/p>\n<p>zra\u010dno hlajenje, avtomatsko odtajevanje,<\/p>\n<p>po vi\u0161ini nastavljive noge,<\/p>\n<p>vklju\u010dno 2 vrataiz inoxa, 1 sklop 3 predalov,<\/p>\n<p>zmogljivost 475 lit.,<\/p>\n<p>Temperaturno obmo\u010dje: 0\u00b0C\/+10\u00b0C<\/p>\n<p>Hladilna snov: R507<\/p>\n<p>Priklju\u010dek 230V \/ 495 W<\/p>\n<p>Mere: 187 x 70 x 90 cm (\u0160xGxV)<\/p>\n","protected":false},"excerpt":{"rendered":"<p>iz inoxa, elektronsko upravljanje, zra\u010dno hlajenje, avtomatsko odtajevanje, po vi\u0161ini nastavljive noge, vklju\u010dno 2 vrataiz inoxa, 1 sklop 3 predalov, zmogljivost 475 lit., Temperaturno obmo\u010dje: 0\u00b0C\/+10\u00b0C Hladilna snov: R507 Priklju\u010dek 230V \/ 495 W Mere: 187 x 70 x 90 cm (\u0160xGxV)<\/p>\n","protected":false},"featured_media":82945,"comment_status":"open","ping_status":"closed","template":"","meta":{"_acf_changed":false},"product_brand":[411],"product_cat":[94],"product_tag":[],"class_list":{"0":"post-82908","1":"product","2":"type-product","3":"status-publish","4":"has-post-thumbnail","6":"product_brand-tecnodom","7":"product_cat-hladilni-pulti","9":"first","10":"instock","11":"shipping-taxable","12":"purchasable","13":"product-type-simple"},"acf":[],"_links":{"self":[{"href":"https:\/\/go-st.vizia.si\/index.php?rest_route=\/wp\/v2\/product\/82908","targetHints":{"allow":["GET"]}}],"collection":[{"href":"https:\/\/go-st.vizia.si\/index.php?rest_route=\/wp\/v2\/product"}],"about":[{"href":"https:\/\/go-st.vizia.si\/index.php?rest_route=\/wp\/v2\/types\/product"}],"replies":[{"embeddable":true,"href":"https:\/\/go-st.vizia.si\/index.php?rest_route=%2Fwp%2Fv2%2Fcomments&post=82908"}],"wp:featuredmedia":[{"embeddable":true,"href":"https:\/\/go-st.vizia.si\/index.php?rest_route=\/wp\/v2\/media\/82945"}],"wp:attachment":[{"href":"https:\/\/go-st.vizia.si\/index.php?rest_route=%2Fwp%2Fv2%2Fmedia&parent=82908"}],"wp:term":[{"taxonomy":"product_brand","embeddable":true,"href":"https:\/\/go-st.vizia.si\/index.php?rest_route=%2Fwp%2Fv2%2Fproduct_brand&post=82908"},{"taxonomy":"product_cat","embeddable":true,"href":"https:\/\/go-st.vizia.si\/index.php?rest_route=%2Fwp%2Fv2%2Fproduct_cat&post=82908"},{"taxonomy":"product_tag","embeddable":true,"href":"https:\/\/go-st.vizia.si\/index.php?rest_route=%2Fwp%2Fv2%2Fproduct_tag&post=82908"}],"curies":[{"name":"wp","href":"https:\/\/api.w.org\/{rel}","templated":true}]}}