{"id":82959,"date":"2026-01-29T18:04:04","date_gmt":"2026-01-29T18:04:04","guid":{"rendered":"https:\/\/go-st.vizia.si\/?post_type=product&#038;p=82959"},"modified":"2026-02-12T09:46:34","modified_gmt":"2026-02-12T09:46:34","slug":"hladilni-pult-sl-03-nx","status":"publish","type":"product","link":"https:\/\/go-st.vizia.si\/?product=hladilni-pult-sl-03-nx","title":{"rendered":"HLADILNI PULT, SL 03 NX"},"content":{"rendered":"<p><span>Hladilne mize MAYWAY<\/span><strong> ustrezajo najnovej\u0161im tehni\u010dnim standardom, so izdelane iz visokokakovostnih materialov in primerne za vsako podro\u010dje uporabe v gostinstvu in veliki kuhinji. Izpolnjujejo stroge higienske predpise za hlajenje in shranjevanje \u017eivil. Zaradi visokega standarda kakovosti so naprave idealne za profesionalno uporabo v gostinstvu, hotelirstvu in velikih kuhinjah. <\/span><\/p>\n<h3 class=\"desc-headings\">Poudarki<\/h3>\n<ul>\n<li>Ohi\u0161je in notranjost iz visokokakovostnega nerjave\u010dega jekla AISI 304 (CNS 18\/10)<\/li>\n<li>Nadzor temperature prek digitalnega regulatorja<\/li>\n<li>Prikaz temperature in stanja prek LCD-zaslona<\/li>\n<li>Re\u0161etke so vi\u0161insko nastavljive<\/li>\n<li>Z vi\u0161insko nastavljivimi nogami (10\u201380 mm)<\/li>\n<li>3 polna vrata s samozapiranjem in magnetnim tesnilom<\/li>\n<li>Izparilnik je na 3 straneh oblo\u017een s peno in podprt z ventilatorjem<\/li>\n<li>Ventilator podpira kondenzator, ki je lahko dostopen<\/li>\n<li>Z avtomatskim odmrzovanjem in izhlapevanjem kondenzata<\/li>\n<li>Enostavno \u010di\u0161\u010denje zaradi zaobljenih notranjih vogalov<\/li>\n<li>Visokokakovostna izolacija iz poliuretana brez CFC<\/li>\n<\/ul>\n<h3 class=\"desc-headings\">Informacije o izdelku<\/h3>\n<ul>\n<li>3 vrata iz nerjave\u010dega jekla<\/li>\n<li>Vsebina: 350 l<\/li>\n<li>Zaobljeni notranji koti<\/li>\n<li>Hlajenje z zra\u010dnim pretokom<\/li>\n<li>Avtomatsko odmrzovanje<\/li>\n<li>Izhlapevanje kondenzata<\/li>\n<li>Vklju\u010duje 1 plastificirano re\u0161etko in 2 nerjave\u010da vodila na vrata<\/li>\n<\/ul>\n<h3 class=\"desc-headings\">Tehni\u010dne informacije<\/h3>\n<ul>\n<li>Temperaturno obmo\u010dje: +4\u00b0\/+10\u00b0C<\/li>\n<li>Debelina izolacije: 40 mm<\/li>\n<li>Hladilno sredstvo: R452a<\/li>\n<li>Priklju\u010dek: 230 V \/ 460 W<\/li>\n<li>Vsebina: 350 l<\/li>\n<li>Dimenzije: 138,4 x 70 x 88 cm (\u0160xGxV)<\/li>\n<\/ul>\n","protected":false},"excerpt":{"rendered":"<p>Temperaturno obmo\u010dje: +4\u00b0\/+10\u00b0C<br \/>Povezovalna vrednost: 230 V \/ 460 W<br \/>Dimenzije: 138,4 x 70 x 88 cm (\u0160xGxV)<\/p>\n","protected":false},"featured_media":83017,"comment_status":"open","ping_status":"closed","template":"","meta":{"_acf_changed":false},"product_brand":[166],"product_cat":[94],"product_tag":[],"class_list":{"0":"post-82959","1":"product","2":"type-product","3":"status-publish","4":"has-post-thumbnail","6":"product_brand-mayway","7":"product_cat-hladilni-pulti","9":"first","10":"instock","11":"shipping-taxable","12":"purchasable","13":"product-type-simple"},"acf":[],"_links":{"self":[{"href":"https:\/\/go-st.vizia.si\/index.php?rest_route=\/wp\/v2\/product\/82959","targetHints":{"allow":["GET"]}}],"collection":[{"href":"https:\/\/go-st.vizia.si\/index.php?rest_route=\/wp\/v2\/product"}],"about":[{"href":"https:\/\/go-st.vizia.si\/index.php?rest_route=\/wp\/v2\/types\/product"}],"replies":[{"embeddable":true,"href":"https:\/\/go-st.vizia.si\/index.php?rest_route=%2Fwp%2Fv2%2Fcomments&post=82959"}],"wp:featuredmedia":[{"embeddable":true,"href":"https:\/\/go-st.vizia.si\/index.php?rest_route=\/wp\/v2\/media\/83017"}],"wp:attachment":[{"href":"https:\/\/go-st.vizia.si\/index.php?rest_route=%2Fwp%2Fv2%2Fmedia&parent=82959"}],"wp:term":[{"taxonomy":"product_brand","embeddable":true,"href":"https:\/\/go-st.vizia.si\/index.php?rest_route=%2Fwp%2Fv2%2Fproduct_brand&post=82959"},{"taxonomy":"product_cat","embeddable":true,"href":"https:\/\/go-st.vizia.si\/index.php?rest_route=%2Fwp%2Fv2%2Fproduct_cat&post=82959"},{"taxonomy":"product_tag","embeddable":true,"href":"https:\/\/go-st.vizia.si\/index.php?rest_route=%2Fwp%2Fv2%2Fproduct_tag&post=82959"}],"curies":[{"name":"wp","href":"https:\/\/api.w.org\/{rel}","templated":true}]}}