{"id":82976,"date":"2026-01-29T18:04:04","date_gmt":"2026-01-29T18:04:04","guid":{"rendered":"https:\/\/go-st.vizia.si\/?post_type=product&#038;p=82976"},"modified":"2026-02-12T09:42:23","modified_gmt":"2026-02-12T09:42:23","slug":"hladilni-pult-korpus-3-re-fk-rw-recd-306e","status":"publish","type":"product","link":"https:\/\/go-st.vizia.si\/?product=hladilni-pult-korpus-3-re-fk-rw-recd-306e","title":{"rendered":"Hladilni pult, Korpus 3 RE-FK-RW, RECD 306E"},"content":{"rendered":"<p><strong>Stalna zmogljivost hlajenja<\/strong> v kombinaciji z <strong>moderno obliko, funkcionalnostjo<\/strong> in <strong>najvi\u0161jo kakovostjo<\/strong>! <strong>Hladilniki za pija\u010de MAYWAY<\/strong> so prepri\u010dljivi za vsakim pultom in so posebej opremljeni za ekstremne obremenitve v gostinskih obratih.So idealni za shranjevanje va\u0161ih pija\u010d in se lahko prostorsko var\u010dno vgradijo v pult. Sami se odlo\u010dite o konfiguraciji va\u0161ega hladilnega pulta \u2013 z vrati iz nerjave\u010dega jekla, steklenimi vrati, funkcionalnimi predali, hladilnikom za steklenice, predalom za rde\u010de vino, izvle\u010dnim predalom za pivske sode, pripravljenim za priklop ali za zunanje hlajenje. Vsi hladilni pulti so izolirani z visokokakovostno 5 cm debelo poliuretansko peno visoke gostote. Tla\u010dna ventilacija zagotavlja enakomerno hlajenje in s tem konstantno temperaturo v celotnem notranjem prostoru. <\/p>\n<h3 class=\"desc-headings\">Poudarki<\/h3>\n<ul>\n<li>Notranjost in zunanjost iz nerjave\u010dega jekla<\/li>\n<li>Konstantna temperatura v celotnem notranjem prostoru<\/li>\n<li>Enostavno \u010di\u0161\u010denje<\/li>\n<li>Perforiran prehodni kanal za cevi za pija\u010de v zadnji steni<\/li>\n<li>5 cm poliuretanska toplotna izolacija<\/li>\n<\/ul>\n<h3 class=\"desc-headings\">Informacije o izdelku<\/h3>\n<ul>\n<li>vklju\u010dno s 6 predali z magnetnim tesnilom<\/li>\n<li>hladilnik za steklenice in predal za rde\u010de vino na desni strani<\/li>\n<li>za zunanje hlajenje<\/li>\n<li>Dimenzije: 215 x 68 x 85 cm (\u0160xGxV)<\/li>\n<\/ul>\n","protected":false},"excerpt":{"rendered":"<p>6 predalov, za zunanje hlajenje, <br \/>hlajenje steklenic in predal za rde\u010de vino na desni strani<br \/>Dimenzije: 215 x 68 x 85 cm (\u0160xGxV)<\/p>\n","protected":false},"featured_media":83192,"comment_status":"open","ping_status":"closed","template":"","meta":{"_acf_changed":false},"product_brand":[166],"product_cat":[94],"product_tag":[],"class_list":{"0":"post-82976","1":"product","2":"type-product","3":"status-publish","4":"has-post-thumbnail","6":"product_brand-mayway","7":"product_cat-hladilni-pulti","9":"first","10":"instock","11":"shipping-taxable","12":"purchasable","13":"product-type-simple"},"acf":[],"_links":{"self":[{"href":"https:\/\/go-st.vizia.si\/index.php?rest_route=\/wp\/v2\/product\/82976","targetHints":{"allow":["GET"]}}],"collection":[{"href":"https:\/\/go-st.vizia.si\/index.php?rest_route=\/wp\/v2\/product"}],"about":[{"href":"https:\/\/go-st.vizia.si\/index.php?rest_route=\/wp\/v2\/types\/product"}],"replies":[{"embeddable":true,"href":"https:\/\/go-st.vizia.si\/index.php?rest_route=%2Fwp%2Fv2%2Fcomments&post=82976"}],"wp:featuredmedia":[{"embeddable":true,"href":"https:\/\/go-st.vizia.si\/index.php?rest_route=\/wp\/v2\/media\/83192"}],"wp:attachment":[{"href":"https:\/\/go-st.vizia.si\/index.php?rest_route=%2Fwp%2Fv2%2Fmedia&parent=82976"}],"wp:term":[{"taxonomy":"product_brand","embeddable":true,"href":"https:\/\/go-st.vizia.si\/index.php?rest_route=%2Fwp%2Fv2%2Fproduct_brand&post=82976"},{"taxonomy":"product_cat","embeddable":true,"href":"https:\/\/go-st.vizia.si\/index.php?rest_route=%2Fwp%2Fv2%2Fproduct_cat&post=82976"},{"taxonomy":"product_tag","embeddable":true,"href":"https:\/\/go-st.vizia.si\/index.php?rest_route=%2Fwp%2Fv2%2Fproduct_tag&post=82976"}],"curies":[{"name":"wp","href":"https:\/\/api.w.org\/{rel}","templated":true}]}}