{"id":82986,"date":"2026-01-29T18:04:05","date_gmt":"2026-01-29T18:04:05","guid":{"rendered":"https:\/\/go-st.vizia.si\/?post_type=product&#038;p=82986"},"modified":"2026-02-26T08:36:56","modified_gmt":"2026-02-26T08:36:56","slug":"e-konvekcijska-pecica-airpower-05-d","status":"publish","type":"product","link":"https:\/\/go-st.vizia.si\/?product=e-konvekcijska-pecica-airpower-05-d","title":{"rendered":"E- konvekcijska pe\u010dica, AIRPOWER-05-D"},"content":{"rendered":"<p>Kuhajte, pecite, pe\u010dite, du\u0161ite, \u017earite in kuhajte \u2013 vse v enem aparatu in z najvi\u0161jo kakovostjo okusa! V gostinskih obratih in velikih kuhinjah so zahteve po zmogljivih kombiniranih parnih pe\u010dicah \u0161e posebej raznolike. Zahvaljujo\u010d u\u010dinkovitosti in vsestranskosti <strong>kombiniranih parnih pe\u010dic MAYWAY<\/strong> se skraj\u0161a \u010das peke, cvrtja in kuhanja, hkrati pa se ohrani okus hranilnih snovi. <span>Kombinirane parne pe\u010dice AIRPOWER ponujajo vse, kar morajo znati vro\u010dozra\u010dne pe\u010dice, so robustne in enostavne za uporabo zaradi 9 vnaprej nastavljenih programov kuhanja.<\/span><\/p>\n<h3 class=\"desc-headings\">Poudarki<\/h3>\n<ul>\n<li>Evropski kakovostni izdelek, proizveden v Italiji<\/li>\n<li>V celoti izdelan iz visokokakovostnega nerjave\u010dega jekla<\/li>\n<li>Uporabniku prijazen nadzor z intuitivnimi simboli in signali<\/li>\n<li>2 zaslona za prikaz prednastavljenih programov, temperature, stanja ali alarma<\/li>\n<li>Notranji pomnilnik za do 9 receptov<\/li>\n<li>Na\u010dini kuhanja: vro\u010d zrak, kuhanje na pari, kombinacija vro\u010dega zraka in pare, odmrzovanje, kuhanje na nizki temperaturi, kuhanje Delta-T<\/li>\n<li>Ventilator z avtomatsko funkcijo reverzacije, stikalom za vrata in zaustavitvijo ventilatorja<\/li>\n<li>Ergonomski ro\u010daj vrat z varnostnim zapiranjem<\/li>\n<li>Kuhalna komora z notranjo osvetlitvijo in prezra\u010devanjem komore<\/li>\n<li>Vrata z dvojno zasteklitvijo za manj\u0161o toplotno emisijo in ve\u010djo u\u010dinkovitost<\/li>\n<li>Enostavno in hitro \u010di\u0161\u010denje zaradi gladke kuhalne komore z zaobljenimi vogali in odklopnim notranjim steklom<\/li>\n<\/ul>\n<h3 class=\"desc-headings\">Informacije o izdelku<\/h3>\n<ul>\n<li>Senzor za merjenje temperature jedra<\/li>\n<li>Notranja osvetlitev<\/li>\n<li>Varnostni ro\u010daj vrat<\/li>\n<li>Kapaciteta: 5 re\u0161etk GN 1\/1 ali 60 x 40 cm<\/li>\n<li>Razdalja med vodili: 8 cm<\/li>\n<li>Velikost pe\u010dice: 68 x 48 x 44 cm (\u0160xGxV)<\/li>\n<li>Re\u0161etke so na voljo lo\u010deno<\/li>\n<li>Primerne re\u0161etke: ArtNr. <a href=\"https:\/\/www.mayway.eu\/detail\/index\/sArticle\/10654\/number\/9840020\">9840020 <\/a>ali art. \u0161t. <a href=\"https:\/\/www.mayway.eu\/detail\/index\/sArticle\/10655\">8638531<\/a><\/li>\n<\/ul>\n<h3 class=\"desc-headings\">Tehni\u010dne informacije<\/h3>\n<ul>\n<li>digitalno krmiljenje<\/li>\n<li>avtomatski vzvratni tek motorja ventilatorja<\/li>\n<li>Vbrizgavanje vode in odtok vode<\/li>\n<li>Najvi\u0161ja temperatura: +280 \u00b0C<\/li>\n<li>Priklju\u010dna mo\u010d: 400 V \/ 6,45 KW<\/li>\n<li>Dimenzije: 84 x 91 x 75 cm (\u0160xGxV)<\/li>\n<\/ul>\n<h3 class=\"desc-headings\">Prilo\u017eena oprema<\/h3>\n<ul>\n<li>Senzor temperature jedra<\/li>\n<\/ul>\n","protected":false},"excerpt":{"rendered":"<p>5 vstavkov GN 1\/1<br \/>Povezava: 400 V \/ 6,45 KW<br \/>Dimenzije: 84 x 91 x 75 cm (\u0160xGxV)<span><br \/><\/span><\/p>\n","protected":false},"featured_media":85348,"comment_status":"open","ping_status":"closed","template":"","meta":{"_acf_changed":false},"product_brand":[166],"product_cat":[17],"product_tag":[],"class_list":{"0":"post-82986","1":"product","2":"type-product","3":"status-publish","4":"has-post-thumbnail","6":"product_brand-mayway","7":"product_cat-parno-konvekcijske-peci","9":"first","10":"instock","11":"shipping-taxable","12":"purchasable","13":"product-type-simple"},"acf":[],"_links":{"self":[{"href":"https:\/\/go-st.vizia.si\/index.php?rest_route=\/wp\/v2\/product\/82986","targetHints":{"allow":["GET"]}}],"collection":[{"href":"https:\/\/go-st.vizia.si\/index.php?rest_route=\/wp\/v2\/product"}],"about":[{"href":"https:\/\/go-st.vizia.si\/index.php?rest_route=\/wp\/v2\/types\/product"}],"replies":[{"embeddable":true,"href":"https:\/\/go-st.vizia.si\/index.php?rest_route=%2Fwp%2Fv2%2Fcomments&post=82986"}],"wp:featuredmedia":[{"embeddable":true,"href":"https:\/\/go-st.vizia.si\/index.php?rest_route=\/wp\/v2\/media\/85348"}],"wp:attachment":[{"href":"https:\/\/go-st.vizia.si\/index.php?rest_route=%2Fwp%2Fv2%2Fmedia&parent=82986"}],"wp:term":[{"taxonomy":"product_brand","embeddable":true,"href":"https:\/\/go-st.vizia.si\/index.php?rest_route=%2Fwp%2Fv2%2Fproduct_brand&post=82986"},{"taxonomy":"product_cat","embeddable":true,"href":"https:\/\/go-st.vizia.si\/index.php?rest_route=%2Fwp%2Fv2%2Fproduct_cat&post=82986"},{"taxonomy":"product_tag","embeddable":true,"href":"https:\/\/go-st.vizia.si\/index.php?rest_route=%2Fwp%2Fv2%2Fproduct_tag&post=82986"}],"curies":[{"name":"wp","href":"https:\/\/api.w.org\/{rel}","templated":true}]}}