{"id":82987,"date":"2026-01-29T18:04:05","date_gmt":"2026-01-29T18:04:05","guid":{"rendered":"https:\/\/go-st.vizia.si\/?post_type=product&#038;p=82987"},"modified":"2026-02-12T09:48:21","modified_gmt":"2026-02-12T09:48:21","slug":"namizna-hladilna-vitrina-mx-2000-330","status":"publish","type":"product","link":"https:\/\/go-st.vizia.si\/?product=namizna-hladilna-vitrina-mx-2000-330","title":{"rendered":"NAMIZNA HLADILNA VITRINA, MX 2000\/330"},"content":{"rendered":"<p><strong>MAYWAY hladilne vitrine<\/strong> so v celoti izdelane iz nerjave\u010dega jekla, imajo robustno konstrukcijo in so enostavne za \u010di\u0161\u010denje. Primerne so za raznoliko uporabo v picerijah, okrep\u010devalnicah, restavracijah s hitro hrano in v vseh prostorih za pripravo in stre\u017ebo hrane. <\/p>\n<h3 class=\"desc-headings\">Poudarki<\/h3>\n<ul>\n<li>V celoti iz nerjave\u010dega jekla<\/li>\n<li>3-stranski zaprti stekleni nadstre\u0161ek<\/li>\n<li>Digitalno uravnavanje temperature<\/li>\n<li>Pripravljen za priklop<\/li>\n<li>Kapaciteta: 10 posod GN 1\/4<\/li>\n<\/ul>\n<h3 class=\"desc-headings\">Tehni\u010dne informacije<\/h3>\n<ul>\n<li>primeren kot nadstre\u0161ek za hladilno mizo za pice 8960237<\/li>\n<li>Temperaturno obmo\u010dje: +2 \u00b0C\/+8 \u00b0C<\/li>\n<li>Hladilno sredstvo: R600a<\/li>\n<li>Povezovalna vrednost: 230 V \/ 230 W<\/li>\n<li>Dimenzije: 200 x 33,5 x 43,5 cm (\u0160xGxV)<\/li>\n<\/ul>\n","protected":false},"excerpt":{"rendered":"<p>Kapaciteta nadgradnje: 10 x GN 1\/4 <br \/>Temperaturno obmo\u010dje: +2\/+8 \u00b0C <br \/>Dimenzije: 200 x 33,5 x 43,5 cm (\u0160xGxV)<\/p>\n","protected":false},"featured_media":84018,"comment_status":"open","ping_status":"closed","template":"","meta":{"_acf_changed":false},"product_brand":[166],"product_cat":[37],"product_tag":[],"class_list":{"0":"post-82987","1":"product","2":"type-product","3":"status-publish","4":"has-post-thumbnail","6":"product_brand-mayway","7":"product_cat-namizne-hladilne-vitrine","9":"first","10":"instock","11":"shipping-taxable","12":"purchasable","13":"product-type-simple"},"acf":[],"_links":{"self":[{"href":"https:\/\/go-st.vizia.si\/index.php?rest_route=\/wp\/v2\/product\/82987","targetHints":{"allow":["GET"]}}],"collection":[{"href":"https:\/\/go-st.vizia.si\/index.php?rest_route=\/wp\/v2\/product"}],"about":[{"href":"https:\/\/go-st.vizia.si\/index.php?rest_route=\/wp\/v2\/types\/product"}],"replies":[{"embeddable":true,"href":"https:\/\/go-st.vizia.si\/index.php?rest_route=%2Fwp%2Fv2%2Fcomments&post=82987"}],"wp:featuredmedia":[{"embeddable":true,"href":"https:\/\/go-st.vizia.si\/index.php?rest_route=\/wp\/v2\/media\/84018"}],"wp:attachment":[{"href":"https:\/\/go-st.vizia.si\/index.php?rest_route=%2Fwp%2Fv2%2Fmedia&parent=82987"}],"wp:term":[{"taxonomy":"product_brand","embeddable":true,"href":"https:\/\/go-st.vizia.si\/index.php?rest_route=%2Fwp%2Fv2%2Fproduct_brand&post=82987"},{"taxonomy":"product_cat","embeddable":true,"href":"https:\/\/go-st.vizia.si\/index.php?rest_route=%2Fwp%2Fv2%2Fproduct_cat&post=82987"},{"taxonomy":"product_tag","embeddable":true,"href":"https:\/\/go-st.vizia.si\/index.php?rest_route=%2Fwp%2Fv2%2Fproduct_tag&post=82987"}],"curies":[{"name":"wp","href":"https:\/\/api.w.org\/{rel}","templated":true}]}}