{"id":83080,"date":"2026-01-29T18:04:19","date_gmt":"2026-01-29T18:04:19","guid":{"rendered":"https:\/\/go-st.vizia.si\/?post_type=product&#038;p=83080"},"modified":"2026-02-12T09:43:00","modified_gmt":"2026-02-12T09:43:00","slug":"prsutoreznica-volano-300-10","status":"publish","type":"product","link":"https:\/\/go-st.vizia.si\/?product=prsutoreznica-volano-300-10","title":{"rendered":"Pr\u0161utoreznica Volano 300\/10"},"content":{"rendered":"<p>U\u017eitek v pr\u0161utu se za\u010dne \u017ee pri rezanju. Izdelan v Italiji, iz najkakovostnej\u0161ih materialov, skrbno in z ljubeznijo do detajla. Zaradi profesionalne izdelave in izjemno natan\u010dnega rezanja boste dosegli tanko rezine, ki bodo navdu\u0161ile va\u0161e goste. Na to\u010dilnem pultu ali bifeju, nostalgi\u010den dizajn z ro\u010dnim kolesom naredi stroj za rezanje pr\u0161uta MAYWAY povsod za pravo do\u017eivetje.<\/p>\n<h3 class=\"desc-headings\">Poudarki<\/h3>\n<ul>\n<li>Nostalgi\u010den dizajn v volan rde\u010di barvi<\/li>\n<li>Izjemno natan\u010dno rezanje<\/li>\n<li>Idealno za pr\u0161ut in salamo<\/li>\n<li>Ne pu\u0161\u010da raztrganih kosov<\/li>\n<li>Zelo kompakten in funkcionalen<\/li>\n<li>Eleganten dizajn in zelo enostaven za \u010di\u0161\u010denje<\/li>\n<\/ul>\n<h3 class=\"desc-headings\">Informacije o izdelku<\/h3>\n<ul>\n<li>V celoti izdelan iz litega aluminija in kromovega jekla<\/li>\n<li>Ro\u010dni vztrajnik<\/li>\n<li>Rezalni disk: 30 cm DM<\/li>\n<li>Rezalna zmogljivost: 21 cm DM ali 21 x 24 cm<\/li>\n<li>Debelina reza nastavljiva do 1,5 mm<\/li>\n<li>Dovozna dol\u017eina: 25,5 cm<\/li>\n<\/ul>\n<h3 class=\"desc-headings\">Tehni\u010dne informacije<\/h3>\n<ul>\n<li>Dimenzije: 57 x 79 x 52 cm (\u0160xGxV)<\/li>\n<\/ul>\n","protected":false},"excerpt":{"rendered":"<p>Rezalni no\u017e: 30 cm DM<br \/>Dimenzije: 57 x 79 x 52 cm (\u0160xGxV)<\/p>\n","protected":false},"featured_media":86039,"comment_status":"open","ping_status":"closed","template":"","meta":{"_acf_changed":false},"product_brand":[1301],"product_cat":[116],"product_tag":[],"class_list":{"0":"post-83080","1":"product","2":"type-product","3":"status-publish","4":"has-post-thumbnail","6":"product_brand-noaw","7":"product_cat-salamoreznice-in-prsutoreznice","9":"first","10":"instock","11":"shipping-taxable","12":"purchasable","13":"product-type-simple"},"acf":[],"_links":{"self":[{"href":"https:\/\/go-st.vizia.si\/index.php?rest_route=\/wp\/v2\/product\/83080","targetHints":{"allow":["GET"]}}],"collection":[{"href":"https:\/\/go-st.vizia.si\/index.php?rest_route=\/wp\/v2\/product"}],"about":[{"href":"https:\/\/go-st.vizia.si\/index.php?rest_route=\/wp\/v2\/types\/product"}],"replies":[{"embeddable":true,"href":"https:\/\/go-st.vizia.si\/index.php?rest_route=%2Fwp%2Fv2%2Fcomments&post=83080"}],"wp:featuredmedia":[{"embeddable":true,"href":"https:\/\/go-st.vizia.si\/index.php?rest_route=\/wp\/v2\/media\/86039"}],"wp:attachment":[{"href":"https:\/\/go-st.vizia.si\/index.php?rest_route=%2Fwp%2Fv2%2Fmedia&parent=83080"}],"wp:term":[{"taxonomy":"product_brand","embeddable":true,"href":"https:\/\/go-st.vizia.si\/index.php?rest_route=%2Fwp%2Fv2%2Fproduct_brand&post=83080"},{"taxonomy":"product_cat","embeddable":true,"href":"https:\/\/go-st.vizia.si\/index.php?rest_route=%2Fwp%2Fv2%2Fproduct_cat&post=83080"},{"taxonomy":"product_tag","embeddable":true,"href":"https:\/\/go-st.vizia.si\/index.php?rest_route=%2Fwp%2Fv2%2Fproduct_tag&post=83080"}],"curies":[{"name":"wp","href":"https:\/\/api.w.org\/{rel}","templated":true}]}}