{"id":83088,"date":"2026-01-29T18:04:19","date_gmt":"2026-01-29T18:04:19","guid":{"rendered":"https:\/\/go-st.vizia.si\/?post_type=product&#038;p=83088"},"modified":"2026-02-12T09:49:24","modified_gmt":"2026-02-12T09:49:24","slug":"vinska-vitrina-vino-d2","status":"publish","type":"product","link":"https:\/\/go-st.vizia.si\/?product=vinska-vitrina-vino-d2","title":{"rendered":"VINSKA VITRINA VINO D2"},"content":{"rendered":"<p>Vino postre\u017eite pri idealni temperaturi! Okus vina je odvisen tudi od temperature \u2013 v <strong>vinoteki MAYWAY<\/strong> se va\u0161a vina hranijo pri konstantni temperaturi, tako da lahko svojim gostom vedno postre\u017eete vino pri pravi temperaturi. Idealna temperatura za pitje belega vina je med 8 \u00b0C in 12 \u00b0C, rde\u010dega vina pa med 14 \u00b0C in 18 \u00b0C. Glede na model so vinske omare opremljene z <strong>1 ali 2 temperaturnimi conami<\/strong>, tako da je mogo\u010de rde\u010de in\/ali belo vino optimalno temperirati. Na\u0161e vinske omare zagotavljajo enakomerno hlajenje pri natan\u010dno pravi temperaturi. <\/p>\n<h3 class=\"desc-headings\">Poudarki<\/h3>\n<ul>\n<li>Moderen dizajn<\/li>\n<li>2 lo\u010deni temperaturni obmo\u010dji z lo\u010deno regulacijo<\/li>\n<li><span>Obarvana <\/span>steklena sprednja stran za popolno predstavitev va\u0161ih vin<\/li>\n<li>15 bukovih polic za enostavno polnjenje in praznjenje<\/li>\n<li>UV-nevtralna, modra LED osvetlitev<\/li>\n<li>Elektronski nadzorni panel<\/li>\n<li>Prikaz temperature in stanja na LCD-zaslonu<\/li>\n<li>Alarm za odpiranje vrat<\/li>\n<li><span>Nizka raven hrupa 41 <span>dB (A)<\/span><\/span><\/li>\n<\/ul>\n<h3 class=\"desc-headings\">Informacije o izdelku<\/h3>\n<ul>\n<li>Vsebina: 425 l<\/li>\n<li>Vsebina zgornjega dela: 63 steklenic<\/li>\n<li>Vsebina spodnjega dela: 68 steklenic<\/li>\n<li>mo\u017ene tudi magnum steklenice<\/li>\n<li>Barva: \u010drna<\/li>\n<li>Nizka poraba energije<\/li>\n<li>Vrata s skritim ro\u010dajem<\/li>\n<li>Notranja osvetlitev<\/li>\n<li>Modra LED-zaslon<\/li>\n<li>Vrata se odpirajo na desno<\/li>\n<li>Alarm za odpiranje vrat<\/li>\n<\/ul>\n<h3 class=\"desc-headings\">Tehni\u010dne informacije<\/h3>\n<ul>\n<li>elektronski nadzorni panel<\/li>\n<li>notranji dvojni ventilator<\/li>\n<li>2 lo\u010deno nastavljivi temperaturni obmo\u010dji<\/li>\n<li>Temperaturno obmo\u010dje: +5\u00b0\/+20\u00b0C<\/li>\n<li>Povezava: 230 V \/ 220 W<\/li>\n<li>Dimenzije: 59,5 x 70 x 180,4 cm (\u0160xGxV)<\/li>\n<\/ul>\n<h3 class=\"desc-headings\">Prilo\u017eena oprema<\/h3>\n<ul>\n<li>15 bukovih polic<\/li>\n<\/ul>\n","protected":false},"excerpt":{"rendered":"<p>2 lo\u010deni temperaturni obmo\u010dji<br \/>Vsebina: 425 l \u2013 131 steklenic<br \/>Temperaturno obmo\u010dje: +5 \u00b0C\/+20 \u00b0C<br \/>Dimenzije: 59,5 x 70 x 180,4 cm (\u0160xGxV)<\/p>\n","protected":false},"featured_media":84327,"comment_status":"open","ping_status":"closed","template":"","meta":{"_acf_changed":false},"product_brand":[],"product_cat":[41],"product_tag":[],"class_list":{"0":"post-83088","1":"product","2":"type-product","3":"status-publish","4":"has-post-thumbnail","6":"product_cat-vinske-vitrine","8":"first","9":"instock","10":"shipping-taxable","11":"purchasable","12":"product-type-simple"},"acf":[],"_links":{"self":[{"href":"https:\/\/go-st.vizia.si\/index.php?rest_route=\/wp\/v2\/product\/83088","targetHints":{"allow":["GET"]}}],"collection":[{"href":"https:\/\/go-st.vizia.si\/index.php?rest_route=\/wp\/v2\/product"}],"about":[{"href":"https:\/\/go-st.vizia.si\/index.php?rest_route=\/wp\/v2\/types\/product"}],"replies":[{"embeddable":true,"href":"https:\/\/go-st.vizia.si\/index.php?rest_route=%2Fwp%2Fv2%2Fcomments&post=83088"}],"wp:featuredmedia":[{"embeddable":true,"href":"https:\/\/go-st.vizia.si\/index.php?rest_route=\/wp\/v2\/media\/84327"}],"wp:attachment":[{"href":"https:\/\/go-st.vizia.si\/index.php?rest_route=%2Fwp%2Fv2%2Fmedia&parent=83088"}],"wp:term":[{"taxonomy":"product_brand","embeddable":true,"href":"https:\/\/go-st.vizia.si\/index.php?rest_route=%2Fwp%2Fv2%2Fproduct_brand&post=83088"},{"taxonomy":"product_cat","embeddable":true,"href":"https:\/\/go-st.vizia.si\/index.php?rest_route=%2Fwp%2Fv2%2Fproduct_cat&post=83088"},{"taxonomy":"product_tag","embeddable":true,"href":"https:\/\/go-st.vizia.si\/index.php?rest_route=%2Fwp%2Fv2%2Fproduct_tag&post=83088"}],"curies":[{"name":"wp","href":"https:\/\/api.w.org\/{rel}","templated":true}]}}